{"id":1902,"date":"2018-01-26T19:25:27","date_gmt":"2018-01-26T19:25:27","guid":{"rendered":"http:\/\/navarrsotillo.com\/?page_id=1902"},"modified":"2018-01-26T19:26:42","modified_gmt":"2018-01-26T19:26:42","slug":"legal-notice-2","status":"publish","type":"page","link":"https:\/\/navarrsotillo.com\/en\/legal-notice-2\/","title":{"rendered":"Legal Notice"},"content":{"rendered":"<p>[vc_row css=&#8221;.vc_custom_1494526306563{margin-top: 30px !important;}&#8221;][vc_column]\n\t<div class=\"title-subtitle-box  \" style=\" text-align: center;\">\n\t\t<h1 style=\" font-style: normal;\">Aviso Legal (Only Spanish)<\/h1>\n\t<\/div> [\/vc_column][\/vc_row][vc_row css=&#8221;.vc_custom_1507900482688{margin-top: -90px !important;background-position: 0 0 !important;background-repeat: no-repeat !important;}&#8221; el_class=&#8221;gg-force-background-bottom&#8221;][vc_column][vc_column_text]<\/p>\n<p style=\"text-align: justify;\"><strong><em><u>Objeto<\/u><\/em><\/strong><\/p>\n<p style=\"text-align: justify;\"><em>El prestador, responsable del sitio web, pone a disposici\u00f3n de los usuarios el presente documento con el que pretende dar cumplimiento a las obligaciones dispuestas en la Ley 34\/2002, de Servicios de la Sociedad de la Informaci\u00f3n y del Comercio Electr\u00f3nico (LSSI-CE), as\u00ed como informar a todos los usuarios del sitio web respecto a cu\u00e1les son las condiciones de uso del sitio web.<\/em><\/p>\n<p style=\"text-align: justify;\"><em>El acceso al sitio web implica sin reservas la aceptaci\u00f3n de las presentes condiciones generales de uso que el usuario afirma comprender en su totalidad. El usuario se compromete a no utilizar el sitio web y los servicios que se ofrecen en el mismo para la realizaci\u00f3n de actividades contrarias a la ley y a respetar en todo momento las presentes condiciones generales. El prestador podr\u00e1 interrumpir en cualquier momento el acceso a su sitio web si detecta un uso contrario a la legalidad, la buena fe o a las presentes condiciones generales.<\/em><\/p>\n<p style=\"text-align: justify;\"><em>El prestador se reserva el derecho a modificar cualquier tipo de informaci\u00f3n que pudiera aparecer en el sitio web, sin que exista obligaci\u00f3n de preavisar o poner en conocimiento de los usuarios dichas obligaciones, entendi\u00e9ndose como suficiente con la publicaci\u00f3n en el sitio web del prestador.<\/em><\/p>\n<p style=\"text-align: justify;\"><strong><em><u>Sobre el prestador<\/u><\/em><\/strong><\/p>\n<p style=\"text-align: justify;\"><em>El prestador responsable del sitio web ofrece a los usuarios del mismo sus datos identificativos a fin de mejorar la confianza del usuario y de las relaciones con \u00e9ste.<\/em><\/p>\n<p>Denominaci\u00f3n Social: SERRANO ARRIEZU, ANDRES MIGUEL Y JOSE RAMON<br \/>\nNombre Comercial: BODEGAS NAVARRSOTILLO<br \/>\nDomicilio Social: CL VALLE ULZAMA N\u00ba 2, 31261, ANDOSILLA, NAVARRA, ESPA\u00d1A<br \/>\nCIF \/ NIF: J31551575<br \/>\nTel\u00e9fono: 948690523<br \/>\nFax:\u00a0948880015<br \/>\ne-Mail: <a href=\"mailto:info@navarrsotillo.com\">info@navarrsotillo.com<\/a><br \/>\nNombre de dominio: <a href=\"http:\/\/www.navarrsotillo.com\"><em>navarrsotillo.com<\/em><\/a><br \/>\nAutorizaci\u00f3n administrativa:<br \/>\nPara el desarrollo de su actividad, el prestador cuenta con la autorizaci\u00f3n administrativa previa del REGISTRO DE EMBOTELLADOR, cuyos detalles son: REGISTRO DE EMBOTELLADOR N\u00ba 42-LR.<\/p>\n<p style=\"text-align: justify;\"><strong><em><u>Direcciones IP<\/u><\/em><\/strong><\/p>\n<p style=\"text-align: justify;\"><em>Los servidores del sitio web podr\u00e1n detectar de manera autom\u00e1tica la direcci\u00f3n IP y el nombre de dominio utilizados por el usuario. Una direcci\u00f3n IP es un n\u00famero asignado autom\u00e1ticamente a un ordenador cuando \u00e9sta se conecta a Internet. Toda esta informaci\u00f3n es registrada en un fichero de actividad del servidor debidamente inscrito que permite el posterior procesamiento de los datos con el fin de obtener mediciones \u00fanicamente estad\u00edsticas que permitan conocer el n\u00famero de impresiones de p\u00e1ginas, el n\u00famero de visitas realizadas a los servicios web, el orden de visitas, el punto de acceso, etc.<\/em><\/p>\n<p style=\"text-align: justify;\"><strong><em><u>Seguridad<\/u><\/em><\/strong><\/p>\n<p style=\"text-align: justify;\"><em>El prestador ha adoptado todas las medidas t\u00e9cnicas y organizativas necesarias para garantizar la seguridad e integridad de los datos de car\u00e1cter personal que trate, as\u00ed como para evitar su p\u00e9rdida, alteraci\u00f3n y\/o acceso por parte de terceros no autorizados. El sitio web utiliza t\u00e9cnicas de seguridad de la informaci\u00f3n generalmente aceptadas en la industria, tales como firewalls, procedimientos de control de acceso y mecanismos criptogr\u00e1ficos, todo ello con el objeto de evitar el acceso no autorizado a los datos. Para lograr estos fines, el usuario\/cliente acepta que el prestador obtenga datos para efectos de la correspondiente autenticaci\u00f3n de los controles de acceso.<\/em><\/p>\n<p style=\"text-align: justify;\"><strong><em><u>Responsabilidad<\/u><\/em><\/strong><\/p>\n<p style=\"text-align: justify;\"><em>El prestador se exime de cualquier tipo de responsabilidad derivada de la informaci\u00f3n publicada en su sitio web, siempre que esta informaci\u00f3n haya sido manipulada o introducida por un tercero ajeno al mismo (por ejemplo en foros, chats, blogs, comentarios, etc). No obstante y en cumplimiento de lo dispuesto en la LSSI-CE, el prestador se pone a disposici\u00f3n de todos los usuarios, autoridades y fuerzas de seguridad, para retirar o en su caso bloquear todos aquellos contenidos que pudieran afectar o contravenir la legislaci\u00f3n nacional, o internacional, derechos de terceros o la moral y el orden p\u00fablico, poniendo los hechos en conocimiento de las autoridades competentes si fuese necesario.<\/em><\/p>\n<p style=\"text-align: justify;\"><em>En caso de que el usuario considere que existe en el sitio web alg\u00fan contenido que pudiera ser susceptible de esta clasificaci\u00f3n, se ruega lo notifique de forma inmediata al administrador del sitio web.<\/em><\/p>\n<p style=\"text-align: justify;\"><em>Este sitio web ha sido revisado y probado para que funcione correctamente. En principio, puede garantizarse el correcto funcionamiento los 365 d\u00edas del a\u00f1o, 24 horas al d\u00eda. No obstante, el prestador no descarta la posibilidad de que existan ciertos errores de programaci\u00f3n, o que acontezcan causas de fuerza mayor, cat\u00e1strofes naturales, huelgas, o circunstancias semejantes que hagan imposible el acceso a la p\u00e1gina web.<\/em><\/p>\n<p style=\"text-align: justify;\"><strong><em><u>Propiedad Intelectual e Industrial<\/u><\/em><\/strong><\/p>\n<p style=\"text-align: justify;\"><em>NOEMUS, MAGISTER BIBENDI y ANTO\u00d1ITA PU\u00d1UELOS son marcas registradas. Queda prohibida la utilizaci\u00f3n ajena por cualquier medio de las marcas NOEMUS, MAGISTER BIBENDI y ANTO\u00d1ITA PU\u00d1UELOS, que incluye tanto el nombre como el logotipo, salvo consentimiento expreso de\u00a0 NOEMUS, MAGISTER BIBENDI y ANTO\u00d1ITA PU\u00d1UELOS. Quedan reservados todos los derechos.<\/em><\/p>\n<p style=\"text-align: justify;\"><em>El presente sitio web, incluyendo a t\u00edtulo enunciativo pero no limitativo su programaci\u00f3n, edici\u00f3n, compilaci\u00f3n, dise\u00f1os, logotipos, texto y\/o gr\u00e1ficos, son propiedad del responsable del sitio web, encontr\u00e1ndose protegidos por la normativa nacional e internacional sobre propiedad intelectual e industrial. El acceso por parte del usuario al sitio web no le otorga ning\u00fan derecho de propiedad sobre los mismos.<\/em><\/p>\n<p style=\"text-align: justify;\"><em>Todos los contenidos del sitio web se encuentran debidamente protegidos por la normativa de propiedad intelectual e industrial, as\u00ed como inscritos en los registros p\u00fablicos correspondientes.<\/em><\/p>\n<p style=\"text-align: justify;\"><em>Independientemente de la finalidad para la que fueran destinados, la reproducci\u00f3n total o parcial, uso, explotaci\u00f3n, distribuci\u00f3n y comercializaci\u00f3n, requiere en todo caso de la autorizaci\u00f3n escrita previa por parte del prestador. Cualquier uso no autorizado previamente por parte del prestador ser\u00e1 considerado un incumplimiento grave de los derechos de propiedad intelectual o industrial del autor.<\/em><\/p>\n<p style=\"text-align: justify;\"><em>Los dise\u00f1os, logotipos, texto y\/o gr\u00e1ficos ajenos al prestador y que pudieran aparecer en el sitio web, pertenecen a sus respectivos propietarios, siendo ellos mismos responsables de cualquier posible controversia que pudiera suscitarse respecto a los mismos. El prestador reconoce a favor de sus titulares los correspondientes derechos de propiedad industrial e intelectual, no implicando su sola menci\u00f3n o aparici\u00f3n en el sitio web la existencia de derechos o responsabilidad alguna del prestador sobre los mismos, como tampoco respaldo, patrocinio o recomendaci\u00f3n por parte del mismo.<\/em><\/p>\n<p style=\"text-align: justify;\"><em>Para realizar cualquier tipo de observaci\u00f3n respecto a posibles incumplimientos de los derechos de propiedad intelectual o industrial, as\u00ed como sobre cualquiera de los contenidos del sitio web, puede hacerlo a trav\u00e9s del siguiente correo electr\u00f3nico <\/em><a href=\"mailto:info@navarrsotillo.com\"><em>info@navarrsotillo.com<\/em><\/a><em>.<\/em><\/p>\n<p style=\"text-align: justify;\"><strong><em><u>Ley aplicable y Jurisdicci\u00f3n<\/u><\/em><\/strong><\/p>\n<p style=\"text-align: justify;\"><em>Para la resoluci\u00f3n de todas las controversias o cuestiones relacionadas con el presente sitio web o de las actividades en \u00e9l desarrolladas, ser\u00e1 de aplicaci\u00f3n la legislaci\u00f3n espa\u00f1ola, a la que se someten expresamente las partes, siendo competentes para la resoluci\u00f3n de todos los conflictos derivados o relacionados con su uso los Juzgados y Tribunales de Pamplona.<\/em><\/p>\n<p style=\"text-align: justify;\"><em>En caso de que cualquier cl\u00e1usula del presente documento sea declarada nula, las dem\u00e1s cl\u00e1usulas seguir\u00e1n vigentes y se interpretar\u00e1n teniendo en cuenta la voluntad de las partes y la finalidad misma de las presentes condiciones. SERRANO ARRIEZU, ANDRES MIGUEL Y JOSE RAMON podr\u00e1 no ejercitar alguno de los derechos y facultades conferidos en este documento lo que no implicar\u00e1 en ning\u00fan caso la renuncia a los mismos salvo reconocimiento expreso por parte de SERRANO ARRIEZU, ANDRES MIGUEL Y JOSE RAMON.<\/em><\/p>\n<p>[\/vc_column_text][\/vc_column][\/vc_row]<\/p>\n","protected":false},"excerpt":{"rendered":"<p>[vc_row css=&#8221;.vc_custom_1494526306563{margin-top: 30px !important;}&#8221;][vc_column][\/vc_column][\/vc_row][vc_row css=&#8221;.vc_custom_1507900482688{margin-top: -90px !important;background-position: 0 0 !important;background-repeat: no-repeat !important;}&#8221; el_class=&#8221;gg-force-background-bottom&#8221;][vc_column][vc_column_text] Objeto El prestador, responsable del sitio web, pone a disposici\u00f3n de los usuarios el presente documento con<br class=\"read-more-spacer\"> <a class=\"more-link\" href=\"https:\/\/navarrsotillo.com\/en\/legal-notice-2\/\">Read More<\/a><\/p>\n","protected":false},"author":1,"featured_media":0,"parent":0,"menu_order":0,"comment_status":"closed","ping_status":"closed","template":"","meta":{"footnotes":""},"class_list":["post-1902","page","type-page","status-publish","hentry"],"yoast_head":"<!-- This site is optimized with the Yoast SEO plugin v23.8 - https:\/\/yoast.com\/wordpress\/plugins\/seo\/ -->\n<title>Legal Notice - Bodegas Navarrsotillo<\/title>\n<meta name=\"robots\" content=\"noindex, follow\" \/>\n<meta property=\"og:locale\" content=\"en_US\" \/>\n<meta property=\"og:type\" content=\"article\" \/>\n<meta property=\"og:title\" content=\"Legal Notice - Bodegas Navarrsotillo\" \/>\n<meta property=\"og:description\" content=\"[vc_row css=&#8221;.vc_custom_1494526306563{margin-top: 30px !important;}&#8221;][vc_column][\/vc_column][\/vc_row][vc_row css=&#8221;.vc_custom_1507900482688{margin-top: -90px !important;background-position: 0 0 !important;background-repeat: no-repeat !important;}&#8221; el_class=&#8221;gg-force-background-bottom&#8221;][vc_column][vc_column_text] Objeto El prestador, responsable del sitio web, pone a disposici\u00f3n de los usuarios el presente documento con Read More\" \/>\n<meta property=\"og:url\" content=\"https:\/\/navarrsotillo.com\/en\/legal-notice-2\/\" \/>\n<meta property=\"og:site_name\" content=\"Bodegas Navarrsotillo\" \/>\n<meta property=\"article:modified_time\" content=\"2018-01-26T19:26:42+00:00\" \/>\n<meta name=\"twitter:card\" content=\"summary_large_image\" \/>\n<meta name=\"twitter:label1\" content=\"Est. reading time\" \/>\n\t<meta name=\"twitter:data1\" content=\"7 minutes\" \/>\n<script type=\"application\/ld+json\" class=\"yoast-schema-graph\">{\"@context\":\"https:\/\/schema.org\",\"@graph\":[{\"@type\":\"WebPage\",\"@id\":\"https:\/\/navarrsotillo.com\/en\/legal-notice-2\/\",\"url\":\"https:\/\/navarrsotillo.com\/en\/legal-notice-2\/\",\"name\":\"Legal Notice - Bodegas Navarrsotillo\",\"isPartOf\":{\"@id\":\"https:\/\/navarrsotillo.com\/#website\"},\"datePublished\":\"2018-01-26T19:25:27+00:00\",\"dateModified\":\"2018-01-26T19:26:42+00:00\",\"breadcrumb\":{\"@id\":\"https:\/\/navarrsotillo.com\/en\/legal-notice-2\/#breadcrumb\"},\"inLanguage\":\"en-US\",\"potentialAction\":[{\"@type\":\"ReadAction\",\"target\":[\"https:\/\/navarrsotillo.com\/en\/legal-notice-2\/\"]}]},{\"@type\":\"BreadcrumbList\",\"@id\":\"https:\/\/navarrsotillo.com\/en\/legal-notice-2\/#breadcrumb\",\"itemListElement\":[{\"@type\":\"ListItem\",\"position\":1,\"name\":\"Portada\",\"item\":\"https:\/\/navarrsotillo.com\/en\/\"},{\"@type\":\"ListItem\",\"position\":2,\"name\":\"Legal Notice\"}]},{\"@type\":\"WebSite\",\"@id\":\"https:\/\/navarrsotillo.com\/#website\",\"url\":\"https:\/\/navarrsotillo.com\/\",\"name\":\"Bodegas Navarrsotillo\",\"description\":\"Vinos ecol\u00f3gicos de Rioja\",\"potentialAction\":[{\"@type\":\"SearchAction\",\"target\":{\"@type\":\"EntryPoint\",\"urlTemplate\":\"https:\/\/navarrsotillo.com\/?s={search_term_string}\"},\"query-input\":{\"@type\":\"PropertyValueSpecification\",\"valueRequired\":true,\"valueName\":\"search_term_string\"}}],\"inLanguage\":\"en-US\"}]}<\/script>\n<!-- \/ Yoast SEO plugin. -->","yoast_head_json":{"title":"Legal Notice - Bodegas Navarrsotillo","robots":{"index":"noindex","follow":"follow"},"og_locale":"en_US","og_type":"article","og_title":"Legal Notice - Bodegas Navarrsotillo","og_description":"[vc_row css=&#8221;.vc_custom_1494526306563{margin-top: 30px !important;}&#8221;][vc_column][\/vc_column][\/vc_row][vc_row css=&#8221;.vc_custom_1507900482688{margin-top: -90px !important;background-position: 0 0 !important;background-repeat: no-repeat !important;}&#8221; el_class=&#8221;gg-force-background-bottom&#8221;][vc_column][vc_column_text] Objeto El prestador, responsable del sitio web, pone a disposici\u00f3n de los usuarios el presente documento con Read More","og_url":"https:\/\/navarrsotillo.com\/en\/legal-notice-2\/","og_site_name":"Bodegas Navarrsotillo","article_modified_time":"2018-01-26T19:26:42+00:00","twitter_card":"summary_large_image","twitter_misc":{"Est. reading time":"7 minutes"},"schema":{"@context":"https:\/\/schema.org","@graph":[{"@type":"WebPage","@id":"https:\/\/navarrsotillo.com\/en\/legal-notice-2\/","url":"https:\/\/navarrsotillo.com\/en\/legal-notice-2\/","name":"Legal Notice - Bodegas Navarrsotillo","isPartOf":{"@id":"https:\/\/navarrsotillo.com\/#website"},"datePublished":"2018-01-26T19:25:27+00:00","dateModified":"2018-01-26T19:26:42+00:00","breadcrumb":{"@id":"https:\/\/navarrsotillo.com\/en\/legal-notice-2\/#breadcrumb"},"inLanguage":"en-US","potentialAction":[{"@type":"ReadAction","target":["https:\/\/navarrsotillo.com\/en\/legal-notice-2\/"]}]},{"@type":"BreadcrumbList","@id":"https:\/\/navarrsotillo.com\/en\/legal-notice-2\/#breadcrumb","itemListElement":[{"@type":"ListItem","position":1,"name":"Portada","item":"https:\/\/navarrsotillo.com\/en\/"},{"@type":"ListItem","position":2,"name":"Legal Notice"}]},{"@type":"WebSite","@id":"https:\/\/navarrsotillo.com\/#website","url":"https:\/\/navarrsotillo.com\/","name":"Bodegas Navarrsotillo","description":"Vinos ecol\u00f3gicos de Rioja","potentialAction":[{"@type":"SearchAction","target":{"@type":"EntryPoint","urlTemplate":"https:\/\/navarrsotillo.com\/?s={search_term_string}"},"query-input":{"@type":"PropertyValueSpecification","valueRequired":true,"valueName":"search_term_string"}}],"inLanguage":"en-US"}]}},"_links":{"self":[{"href":"https:\/\/navarrsotillo.com\/en\/wp-json\/wp\/v2\/pages\/1902","targetHints":{"allow":["GET"]}}],"collection":[{"href":"https:\/\/navarrsotillo.com\/en\/wp-json\/wp\/v2\/pages"}],"about":[{"href":"https:\/\/navarrsotillo.com\/en\/wp-json\/wp\/v2\/types\/page"}],"author":[{"embeddable":true,"href":"https:\/\/navarrsotillo.com\/en\/wp-json\/wp\/v2\/users\/1"}],"replies":[{"embeddable":true,"href":"https:\/\/navarrsotillo.com\/en\/wp-json\/wp\/v2\/comments?post=1902"}],"version-history":[{"count":0,"href":"https:\/\/navarrsotillo.com\/en\/wp-json\/wp\/v2\/pages\/1902\/revisions"}],"wp:attachment":[{"href":"https:\/\/navarrsotillo.com\/en\/wp-json\/wp\/v2\/media?parent=1902"}],"curies":[{"name":"wp","href":"https:\/\/api.w.org\/{rel}","templated":true}]}}