{"id":2003,"date":"2017-07-01T14:36:00","date_gmt":"2017-07-01T14:36:00","guid":{"rendered":"http:\/\/navarrsotillo.com\/producto\/antonita-tinto\/"},"modified":"2021-03-25T16:07:08","modified_gmt":"2021-03-25T16:07:08","slug":"antonita-tinto","status":"publish","type":"product","link":"https:\/\/navarrsotillo.com\/en\/producto\/antonita-tinto\/","title":{"rendered":"Anto\u00f1ita Tinto"},"content":{"rendered":"","protected":false},"excerpt":{"rendered":"<p style=\"text-align: justify;\">Anto\u00f1ia Pu\u00f1uelos Tinto is a certified Organic Rioja red wine that presents an attractive ruby red color with very clean purple tones. Its aroma is fruity and comes accompanied with shades of blueberries and blackberries. Its flavor is fresh, delicate and meaty with soft tannins that invite you to continue drinking it.\u2026..<\/p>\n<p><a href=\"https:\/\/navarrsotillo.com\/wp-content\/uploads\/2021\/03\/ANTOnITA-TINTO_EN.pdf\" target=\"_blank\" rel=\"noopener\">Datasheet download<\/a><\/p>\n<p>GRAPES VARIETIES: Tempranillo Tinta<\/p>\n","protected":false},"featured_media":1861,"comment_status":"open","ping_status":"closed","template":"","meta":[],"product_cat":[41,36],"product_tag":[34,35],"class_list":{"0":"post-2003","1":"product","2":"type-product","3":"status-publish","4":"has-post-thumbnail","6":"product_cat-antonita-en","7":"product_cat-red-wines-en","8":"product_tag-red-en","9":"product_tag-wine-en","11":"first","12":"instock","13":"taxable","14":"shipping-taxable","15":"purchasable","16":"product-type-simple"},"yoast_head":"<!-- This site is optimized with the Yoast SEO plugin v23.8 - https:\/\/yoast.com\/wordpress\/plugins\/seo\/ -->\n<title>Anto\u00f1ita Tinto - Bodegas Navarrsotillo<\/title>\n<meta name=\"robots\" content=\"index, follow, max-snippet:-1, max-image-preview:large, max-video-preview:-1\" \/>\n<link rel=\"canonical\" href=\"https:\/\/navarrsotillo.com\/en\/producto\/antonita-tinto\/\" \/>\n<meta property=\"og:locale\" content=\"en_US\" \/>\n<meta property=\"og:type\" content=\"article\" \/>\n<meta property=\"og:title\" content=\"Anto\u00f1ita Tinto - Bodegas Navarrsotillo\" \/>\n<meta property=\"og:description\" content=\"Anto\u00f1ia Pu\u00f1uelos Tinto is a certified Organic Rioja red wine that presents an attractive ruby red color with very clean purple tones. Its aroma is fruity and comes accompanied with shades of blueberries and blackberries. Its flavor is fresh, delicate and meaty with soft tannins that invite you to continue drinking it.\u2026.. Datasheet download  GRAPES VARIETIES: Tempranillo Tinta\" \/>\n<meta property=\"og:url\" content=\"https:\/\/navarrsotillo.com\/en\/producto\/antonita-tinto\/\" \/>\n<meta property=\"og:site_name\" content=\"Bodegas Navarrsotillo\" \/>\n<meta property=\"article:modified_time\" content=\"2021-03-25T16:07:08+00:00\" \/>\n<meta property=\"og:image\" content=\"https:\/\/navarrsotillo.com\/wp-content\/uploads\/2017\/07\/antonita_tintoSC.png\" \/>\n\t<meta property=\"og:image:width\" content=\"700\" \/>\n\t<meta property=\"og:image:height\" content=\"1021\" \/>\n\t<meta property=\"og:image:type\" content=\"image\/png\" \/>\n<meta name=\"twitter:card\" content=\"summary_large_image\" \/>\n<script type=\"application\/ld+json\" class=\"yoast-schema-graph\">{\"@context\":\"https:\/\/schema.org\",\"@graph\":[{\"@type\":\"WebPage\",\"@id\":\"https:\/\/navarrsotillo.com\/en\/producto\/antonita-tinto\/\",\"url\":\"https:\/\/navarrsotillo.com\/en\/producto\/antonita-tinto\/\",\"name\":\"Anto\u00f1ita Tinto - Bodegas Navarrsotillo\",\"isPartOf\":{\"@id\":\"https:\/\/navarrsotillo.com\/#website\"},\"primaryImageOfPage\":{\"@id\":\"https:\/\/navarrsotillo.com\/en\/producto\/antonita-tinto\/#primaryimage\"},\"image\":{\"@id\":\"https:\/\/navarrsotillo.com\/en\/producto\/antonita-tinto\/#primaryimage\"},\"thumbnailUrl\":\"https:\/\/navarrsotillo.com\/wp-content\/uploads\/2017\/07\/antonita_tintoSC.png\",\"datePublished\":\"2017-07-01T14:36:00+00:00\",\"dateModified\":\"2021-03-25T16:07:08+00:00\",\"breadcrumb\":{\"@id\":\"https:\/\/navarrsotillo.com\/en\/producto\/antonita-tinto\/#breadcrumb\"},\"inLanguage\":\"en-US\",\"potentialAction\":[{\"@type\":\"ReadAction\",\"target\":[\"https:\/\/navarrsotillo.com\/en\/producto\/antonita-tinto\/\"]}]},{\"@type\":\"ImageObject\",\"inLanguage\":\"en-US\",\"@id\":\"https:\/\/navarrsotillo.com\/en\/producto\/antonita-tinto\/#primaryimage\",\"url\":\"https:\/\/navarrsotillo.com\/wp-content\/uploads\/2017\/07\/antonita_tintoSC.png\",\"contentUrl\":\"https:\/\/navarrsotillo.com\/wp-content\/uploads\/2017\/07\/antonita_tintoSC.png\",\"width\":700,\"height\":1021},{\"@type\":\"BreadcrumbList\",\"@id\":\"https:\/\/navarrsotillo.com\/en\/producto\/antonita-tinto\/#breadcrumb\",\"itemListElement\":[{\"@type\":\"ListItem\",\"position\":1,\"name\":\"Portada\",\"item\":\"https:\/\/navarrsotillo.com\/en\/\"},{\"@type\":\"ListItem\",\"position\":2,\"name\":\"Shop\",\"item\":\"https:\/\/navarrsotillo.com\/en\/shop\/\"},{\"@type\":\"ListItem\",\"position\":3,\"name\":\"Anto\u00f1ita Tinto\"}]},{\"@type\":\"WebSite\",\"@id\":\"https:\/\/navarrsotillo.com\/#website\",\"url\":\"https:\/\/navarrsotillo.com\/\",\"name\":\"Bodegas Navarrsotillo\",\"description\":\"Vinos ecol\u00f3gicos de Rioja\",\"potentialAction\":[{\"@type\":\"SearchAction\",\"target\":{\"@type\":\"EntryPoint\",\"urlTemplate\":\"https:\/\/navarrsotillo.com\/?s={search_term_string}\"},\"query-input\":{\"@type\":\"PropertyValueSpecification\",\"valueRequired\":true,\"valueName\":\"search_term_string\"}}],\"inLanguage\":\"en-US\"}]}<\/script>\n<!-- \/ Yoast SEO plugin. -->","yoast_head_json":{"title":"Anto\u00f1ita Tinto - Bodegas Navarrsotillo","robots":{"index":"index","follow":"follow","max-snippet":"max-snippet:-1","max-image-preview":"max-image-preview:large","max-video-preview":"max-video-preview:-1"},"canonical":"https:\/\/navarrsotillo.com\/en\/producto\/antonita-tinto\/","og_locale":"en_US","og_type":"article","og_title":"Anto\u00f1ita Tinto - Bodegas Navarrsotillo","og_description":"Anto\u00f1ia Pu\u00f1uelos Tinto is a certified Organic Rioja red wine that presents an attractive ruby red color with very clean purple tones. Its aroma is fruity and comes accompanied with shades of blueberries and blackberries. Its flavor is fresh, delicate and meaty with soft tannins that invite you to continue drinking it.\u2026.. Datasheet download  GRAPES VARIETIES: Tempranillo Tinta","og_url":"https:\/\/navarrsotillo.com\/en\/producto\/antonita-tinto\/","og_site_name":"Bodegas Navarrsotillo","article_modified_time":"2021-03-25T16:07:08+00:00","og_image":[{"width":700,"height":1021,"url":"https:\/\/navarrsotillo.com\/wp-content\/uploads\/2017\/07\/antonita_tintoSC.png","type":"image\/png"}],"twitter_card":"summary_large_image","schema":{"@context":"https:\/\/schema.org","@graph":[{"@type":"WebPage","@id":"https:\/\/navarrsotillo.com\/en\/producto\/antonita-tinto\/","url":"https:\/\/navarrsotillo.com\/en\/producto\/antonita-tinto\/","name":"Anto\u00f1ita Tinto - Bodegas Navarrsotillo","isPartOf":{"@id":"https:\/\/navarrsotillo.com\/#website"},"primaryImageOfPage":{"@id":"https:\/\/navarrsotillo.com\/en\/producto\/antonita-tinto\/#primaryimage"},"image":{"@id":"https:\/\/navarrsotillo.com\/en\/producto\/antonita-tinto\/#primaryimage"},"thumbnailUrl":"https:\/\/navarrsotillo.com\/wp-content\/uploads\/2017\/07\/antonita_tintoSC.png","datePublished":"2017-07-01T14:36:00+00:00","dateModified":"2021-03-25T16:07:08+00:00","breadcrumb":{"@id":"https:\/\/navarrsotillo.com\/en\/producto\/antonita-tinto\/#breadcrumb"},"inLanguage":"en-US","potentialAction":[{"@type":"ReadAction","target":["https:\/\/navarrsotillo.com\/en\/producto\/antonita-tinto\/"]}]},{"@type":"ImageObject","inLanguage":"en-US","@id":"https:\/\/navarrsotillo.com\/en\/producto\/antonita-tinto\/#primaryimage","url":"https:\/\/navarrsotillo.com\/wp-content\/uploads\/2017\/07\/antonita_tintoSC.png","contentUrl":"https:\/\/navarrsotillo.com\/wp-content\/uploads\/2017\/07\/antonita_tintoSC.png","width":700,"height":1021},{"@type":"BreadcrumbList","@id":"https:\/\/navarrsotillo.com\/en\/producto\/antonita-tinto\/#breadcrumb","itemListElement":[{"@type":"ListItem","position":1,"name":"Portada","item":"https:\/\/navarrsotillo.com\/en\/"},{"@type":"ListItem","position":2,"name":"Shop","item":"https:\/\/navarrsotillo.com\/en\/shop\/"},{"@type":"ListItem","position":3,"name":"Anto\u00f1ita Tinto"}]},{"@type":"WebSite","@id":"https:\/\/navarrsotillo.com\/#website","url":"https:\/\/navarrsotillo.com\/","name":"Bodegas Navarrsotillo","description":"Vinos ecol\u00f3gicos de Rioja","potentialAction":[{"@type":"SearchAction","target":{"@type":"EntryPoint","urlTemplate":"https:\/\/navarrsotillo.com\/?s={search_term_string}"},"query-input":{"@type":"PropertyValueSpecification","valueRequired":true,"valueName":"search_term_string"}}],"inLanguage":"en-US"}]}},"_links":{"self":[{"href":"https:\/\/navarrsotillo.com\/en\/wp-json\/wp\/v2\/product\/2003","targetHints":{"allow":["GET"]}}],"collection":[{"href":"https:\/\/navarrsotillo.com\/en\/wp-json\/wp\/v2\/product"}],"about":[{"href":"https:\/\/navarrsotillo.com\/en\/wp-json\/wp\/v2\/types\/product"}],"replies":[{"embeddable":true,"href":"https:\/\/navarrsotillo.com\/en\/wp-json\/wp\/v2\/comments?post=2003"}],"wp:featuredmedia":[{"embeddable":true,"href":"https:\/\/navarrsotillo.com\/en\/wp-json\/wp\/v2\/media\/1861"}],"wp:attachment":[{"href":"https:\/\/navarrsotillo.com\/en\/wp-json\/wp\/v2\/media?parent=2003"}],"wp:term":[{"taxonomy":"product_cat","embeddable":true,"href":"https:\/\/navarrsotillo.com\/en\/wp-json\/wp\/v2\/product_cat?post=2003"},{"taxonomy":"product_tag","embeddable":true,"href":"https:\/\/navarrsotillo.com\/en\/wp-json\/wp\/v2\/product_tag?post=2003"}],"curies":[{"name":"wp","href":"https:\/\/api.w.org\/{rel}","templated":true}]}}