{"id":2006,"date":"2016-03-27T16:11:42","date_gmt":"2016-03-27T16:11:42","guid":{"rendered":"http:\/\/navarrsotillo.com\/producto\/antonita-blanco\/"},"modified":"2021-03-25T16:07:24","modified_gmt":"2021-03-25T16:07:24","slug":"antonita-blanco","status":"publish","type":"product","link":"https:\/\/navarrsotillo.com\/en\/producto\/antonita-blanco\/","title":{"rendered":"Anto\u00f1ita Blanco"},"content":{"rendered":"","protected":false},"excerpt":{"rendered":"<p style=\"text-align: justify;\">Anto\u00f1ia Pu\u00f1uelos Blanco is a certified Organic Rioja white wine. It presents an attractive yellow color with greenish reflections, clean and bright. Its aroma is fruity and comes wrapped with shades of tropical fruits, banana, apple and citrus. Its taste in the mouth is fresh, soft and very floral.\u2026..<\/p>\n<p><a href=\"https:\/\/navarrsotillo.com\/wp-content\/uploads\/2021\/03\/ANTOnITA-BLANCO_EN.pdf\" target=\"_blank\" rel=\"noopener\">Datasheet download<\/a><\/p>\n<p>GRAPES VARIETIES: Tempranillo Tinta<\/p>\n","protected":false},"featured_media":1862,"comment_status":"open","ping_status":"closed","template":"","meta":[],"product_cat":[41,40],"product_tag":[],"class_list":{"0":"post-2006","1":"product","2":"type-product","3":"status-publish","4":"has-post-thumbnail","6":"product_cat-antonita-en","7":"product_cat-white-wines-en","9":"first","10":"instock","11":"taxable","12":"shipping-taxable","13":"purchasable","14":"product-type-simple"},"yoast_head":"<!-- This site is optimized with the Yoast SEO plugin v23.8 - https:\/\/yoast.com\/wordpress\/plugins\/seo\/ -->\n<title>Anto\u00f1ita Blanco - Bodegas Navarrsotillo<\/title>\n<meta name=\"robots\" content=\"index, follow, max-snippet:-1, max-image-preview:large, max-video-preview:-1\" \/>\n<link rel=\"canonical\" href=\"https:\/\/navarrsotillo.com\/en\/producto\/antonita-blanco\/\" \/>\n<meta property=\"og:locale\" content=\"en_US\" \/>\n<meta property=\"og:type\" content=\"article\" \/>\n<meta property=\"og:title\" content=\"Anto\u00f1ita Blanco - Bodegas Navarrsotillo\" \/>\n<meta property=\"og:description\" content=\"Anto\u00f1ia Pu\u00f1uelos Blanco is a certified Organic Rioja white wine. It presents an attractive yellow color with greenish reflections, clean and bright. Its aroma is fruity and comes wrapped with shades of tropical fruits, banana, apple and citrus. Its taste in the mouth is fresh, soft and very floral.\u2026.. Datasheet download  GRAPES VARIETIES: Tempranillo Tinta\" \/>\n<meta property=\"og:url\" content=\"https:\/\/navarrsotillo.com\/en\/producto\/antonita-blanco\/\" \/>\n<meta property=\"og:site_name\" content=\"Bodegas Navarrsotillo\" \/>\n<meta property=\"article:modified_time\" content=\"2021-03-25T16:07:24+00:00\" \/>\n<meta property=\"og:image\" content=\"https:\/\/navarrsotillo.com\/wp-content\/uploads\/2016\/03\/antonitablancoSC.png\" \/>\n\t<meta property=\"og:image:width\" content=\"700\" \/>\n\t<meta property=\"og:image:height\" content=\"1021\" \/>\n\t<meta property=\"og:image:type\" content=\"image\/png\" \/>\n<meta name=\"twitter:card\" content=\"summary_large_image\" \/>\n<script type=\"application\/ld+json\" class=\"yoast-schema-graph\">{\"@context\":\"https:\/\/schema.org\",\"@graph\":[{\"@type\":\"WebPage\",\"@id\":\"https:\/\/navarrsotillo.com\/en\/producto\/antonita-blanco\/\",\"url\":\"https:\/\/navarrsotillo.com\/en\/producto\/antonita-blanco\/\",\"name\":\"Anto\u00f1ita Blanco - Bodegas Navarrsotillo\",\"isPartOf\":{\"@id\":\"https:\/\/navarrsotillo.com\/#website\"},\"primaryImageOfPage\":{\"@id\":\"https:\/\/navarrsotillo.com\/en\/producto\/antonita-blanco\/#primaryimage\"},\"image\":{\"@id\":\"https:\/\/navarrsotillo.com\/en\/producto\/antonita-blanco\/#primaryimage\"},\"thumbnailUrl\":\"https:\/\/navarrsotillo.com\/wp-content\/uploads\/2016\/03\/antonitablancoSC.png\",\"datePublished\":\"2016-03-27T16:11:42+00:00\",\"dateModified\":\"2021-03-25T16:07:24+00:00\",\"breadcrumb\":{\"@id\":\"https:\/\/navarrsotillo.com\/en\/producto\/antonita-blanco\/#breadcrumb\"},\"inLanguage\":\"en-US\",\"potentialAction\":[{\"@type\":\"ReadAction\",\"target\":[\"https:\/\/navarrsotillo.com\/en\/producto\/antonita-blanco\/\"]}]},{\"@type\":\"ImageObject\",\"inLanguage\":\"en-US\",\"@id\":\"https:\/\/navarrsotillo.com\/en\/producto\/antonita-blanco\/#primaryimage\",\"url\":\"https:\/\/navarrsotillo.com\/wp-content\/uploads\/2016\/03\/antonitablancoSC.png\",\"contentUrl\":\"https:\/\/navarrsotillo.com\/wp-content\/uploads\/2016\/03\/antonitablancoSC.png\",\"width\":700,\"height\":1021},{\"@type\":\"BreadcrumbList\",\"@id\":\"https:\/\/navarrsotillo.com\/en\/producto\/antonita-blanco\/#breadcrumb\",\"itemListElement\":[{\"@type\":\"ListItem\",\"position\":1,\"name\":\"Portada\",\"item\":\"https:\/\/navarrsotillo.com\/en\/\"},{\"@type\":\"ListItem\",\"position\":2,\"name\":\"Shop\",\"item\":\"https:\/\/navarrsotillo.com\/en\/shop\/\"},{\"@type\":\"ListItem\",\"position\":3,\"name\":\"Anto\u00f1ita Blanco\"}]},{\"@type\":\"WebSite\",\"@id\":\"https:\/\/navarrsotillo.com\/#website\",\"url\":\"https:\/\/navarrsotillo.com\/\",\"name\":\"Bodegas Navarrsotillo\",\"description\":\"Vinos ecol\u00f3gicos de Rioja\",\"potentialAction\":[{\"@type\":\"SearchAction\",\"target\":{\"@type\":\"EntryPoint\",\"urlTemplate\":\"https:\/\/navarrsotillo.com\/?s={search_term_string}\"},\"query-input\":{\"@type\":\"PropertyValueSpecification\",\"valueRequired\":true,\"valueName\":\"search_term_string\"}}],\"inLanguage\":\"en-US\"}]}<\/script>\n<!-- \/ Yoast SEO plugin. -->","yoast_head_json":{"title":"Anto\u00f1ita Blanco - Bodegas Navarrsotillo","robots":{"index":"index","follow":"follow","max-snippet":"max-snippet:-1","max-image-preview":"max-image-preview:large","max-video-preview":"max-video-preview:-1"},"canonical":"https:\/\/navarrsotillo.com\/en\/producto\/antonita-blanco\/","og_locale":"en_US","og_type":"article","og_title":"Anto\u00f1ita Blanco - Bodegas Navarrsotillo","og_description":"Anto\u00f1ia Pu\u00f1uelos Blanco is a certified Organic Rioja white wine. It presents an attractive yellow color with greenish reflections, clean and bright. Its aroma is fruity and comes wrapped with shades of tropical fruits, banana, apple and citrus. Its taste in the mouth is fresh, soft and very floral.\u2026.. Datasheet download  GRAPES VARIETIES: Tempranillo Tinta","og_url":"https:\/\/navarrsotillo.com\/en\/producto\/antonita-blanco\/","og_site_name":"Bodegas Navarrsotillo","article_modified_time":"2021-03-25T16:07:24+00:00","og_image":[{"width":700,"height":1021,"url":"https:\/\/navarrsotillo.com\/wp-content\/uploads\/2016\/03\/antonitablancoSC.png","type":"image\/png"}],"twitter_card":"summary_large_image","schema":{"@context":"https:\/\/schema.org","@graph":[{"@type":"WebPage","@id":"https:\/\/navarrsotillo.com\/en\/producto\/antonita-blanco\/","url":"https:\/\/navarrsotillo.com\/en\/producto\/antonita-blanco\/","name":"Anto\u00f1ita Blanco - Bodegas Navarrsotillo","isPartOf":{"@id":"https:\/\/navarrsotillo.com\/#website"},"primaryImageOfPage":{"@id":"https:\/\/navarrsotillo.com\/en\/producto\/antonita-blanco\/#primaryimage"},"image":{"@id":"https:\/\/navarrsotillo.com\/en\/producto\/antonita-blanco\/#primaryimage"},"thumbnailUrl":"https:\/\/navarrsotillo.com\/wp-content\/uploads\/2016\/03\/antonitablancoSC.png","datePublished":"2016-03-27T16:11:42+00:00","dateModified":"2021-03-25T16:07:24+00:00","breadcrumb":{"@id":"https:\/\/navarrsotillo.com\/en\/producto\/antonita-blanco\/#breadcrumb"},"inLanguage":"en-US","potentialAction":[{"@type":"ReadAction","target":["https:\/\/navarrsotillo.com\/en\/producto\/antonita-blanco\/"]}]},{"@type":"ImageObject","inLanguage":"en-US","@id":"https:\/\/navarrsotillo.com\/en\/producto\/antonita-blanco\/#primaryimage","url":"https:\/\/navarrsotillo.com\/wp-content\/uploads\/2016\/03\/antonitablancoSC.png","contentUrl":"https:\/\/navarrsotillo.com\/wp-content\/uploads\/2016\/03\/antonitablancoSC.png","width":700,"height":1021},{"@type":"BreadcrumbList","@id":"https:\/\/navarrsotillo.com\/en\/producto\/antonita-blanco\/#breadcrumb","itemListElement":[{"@type":"ListItem","position":1,"name":"Portada","item":"https:\/\/navarrsotillo.com\/en\/"},{"@type":"ListItem","position":2,"name":"Shop","item":"https:\/\/navarrsotillo.com\/en\/shop\/"},{"@type":"ListItem","position":3,"name":"Anto\u00f1ita Blanco"}]},{"@type":"WebSite","@id":"https:\/\/navarrsotillo.com\/#website","url":"https:\/\/navarrsotillo.com\/","name":"Bodegas Navarrsotillo","description":"Vinos ecol\u00f3gicos de Rioja","potentialAction":[{"@type":"SearchAction","target":{"@type":"EntryPoint","urlTemplate":"https:\/\/navarrsotillo.com\/?s={search_term_string}"},"query-input":{"@type":"PropertyValueSpecification","valueRequired":true,"valueName":"search_term_string"}}],"inLanguage":"en-US"}]}},"_links":{"self":[{"href":"https:\/\/navarrsotillo.com\/en\/wp-json\/wp\/v2\/product\/2006","targetHints":{"allow":["GET"]}}],"collection":[{"href":"https:\/\/navarrsotillo.com\/en\/wp-json\/wp\/v2\/product"}],"about":[{"href":"https:\/\/navarrsotillo.com\/en\/wp-json\/wp\/v2\/types\/product"}],"replies":[{"embeddable":true,"href":"https:\/\/navarrsotillo.com\/en\/wp-json\/wp\/v2\/comments?post=2006"}],"wp:featuredmedia":[{"embeddable":true,"href":"https:\/\/navarrsotillo.com\/en\/wp-json\/wp\/v2\/media\/1862"}],"wp:attachment":[{"href":"https:\/\/navarrsotillo.com\/en\/wp-json\/wp\/v2\/media?parent=2006"}],"wp:term":[{"taxonomy":"product_cat","embeddable":true,"href":"https:\/\/navarrsotillo.com\/en\/wp-json\/wp\/v2\/product_cat?post=2006"},{"taxonomy":"product_tag","embeddable":true,"href":"https:\/\/navarrsotillo.com\/en\/wp-json\/wp\/v2\/product_tag?post=2006"}],"curies":[{"name":"wp","href":"https:\/\/api.w.org\/{rel}","templated":true}]}}