{"id":2009,"date":"2016-03-27T16:04:32","date_gmt":"2016-03-27T16:04:32","guid":{"rendered":"http:\/\/navarrsotillo.com\/producto\/antonita-rose\/"},"modified":"2021-03-25T16:08:06","modified_gmt":"2021-03-25T16:08:06","slug":"antonita-rose","status":"publish","type":"product","link":"https:\/\/navarrsotillo.com\/en\/producto\/antonita-rose\/","title":{"rendered":"Anto\u00f1ita Rose"},"content":{"rendered":"","protected":false},"excerpt":{"rendered":"<p style=\"text-align: justify;\">Anto\u00f1ia Pu\u00f1uelos Rose is a certified Organic Rioja rose wine. It presents an attractive bright pale pink color that invites to joy and celebration. Its aroma is floral and delicate with shades of white fruit. Its taste is fresh with good acidity and elegant cherry flavor which invites you to drink again&#8230;<\/p>\n<p><a href=\"https:\/\/navarrsotillo.com\/wp-content\/uploads\/2021\/03\/ANTOnITA-ROSE_EN.pdf\" target=\"_blank\" rel=\"noopener\">Datasheet download<\/a><\/p>\n<p>GRAPES VARIETIES: Garnacha Tinta<\/p>\n","protected":false},"featured_media":1863,"comment_status":"open","ping_status":"closed","template":"","meta":[],"product_cat":[41],"product_tag":[34,35],"class_list":{"0":"post-2009","1":"product","2":"type-product","3":"status-publish","4":"has-post-thumbnail","6":"product_cat-antonita-en","7":"product_tag-red-en","8":"product_tag-wine-en","10":"first","11":"instock","12":"taxable","13":"shipping-taxable","14":"purchasable","15":"product-type-simple"},"yoast_head":"<!-- This site is optimized with the Yoast SEO plugin v23.8 - https:\/\/yoast.com\/wordpress\/plugins\/seo\/ -->\n<title>Anto\u00f1ita Rose - Bodegas Navarrsotillo<\/title>\n<meta name=\"robots\" content=\"index, follow, max-snippet:-1, max-image-preview:large, max-video-preview:-1\" \/>\n<link rel=\"canonical\" href=\"https:\/\/navarrsotillo.com\/en\/producto\/antonita-rose\/\" \/>\n<meta property=\"og:locale\" content=\"en_US\" \/>\n<meta property=\"og:type\" content=\"article\" \/>\n<meta property=\"og:title\" content=\"Anto\u00f1ita Rose - Bodegas Navarrsotillo\" \/>\n<meta property=\"og:description\" content=\"Anto\u00f1ia Pu\u00f1uelos Rose is a certified Organic Rioja rose wine. It presents an attractive bright pale pink color that invites to joy and celebration. Its aroma is floral and delicate with shades of white fruit. Its taste is fresh with good acidity and elegant cherry flavor which invites you to drink again... Datasheet download  GRAPES VARIETIES: Garnacha Tinta\" \/>\n<meta property=\"og:url\" content=\"https:\/\/navarrsotillo.com\/en\/producto\/antonita-rose\/\" \/>\n<meta property=\"og:site_name\" content=\"Bodegas Navarrsotillo\" \/>\n<meta property=\"article:modified_time\" content=\"2021-03-25T16:08:06+00:00\" \/>\n<meta property=\"og:image\" content=\"https:\/\/navarrsotillo.com\/wp-content\/uploads\/2016\/03\/antonita_rose_SC.png\" \/>\n\t<meta property=\"og:image:width\" content=\"700\" \/>\n\t<meta property=\"og:image:height\" content=\"1021\" \/>\n\t<meta property=\"og:image:type\" content=\"image\/png\" \/>\n<meta name=\"twitter:card\" content=\"summary_large_image\" \/>\n<script type=\"application\/ld+json\" class=\"yoast-schema-graph\">{\"@context\":\"https:\/\/schema.org\",\"@graph\":[{\"@type\":\"WebPage\",\"@id\":\"https:\/\/navarrsotillo.com\/en\/producto\/antonita-rose\/\",\"url\":\"https:\/\/navarrsotillo.com\/en\/producto\/antonita-rose\/\",\"name\":\"Anto\u00f1ita Rose - Bodegas Navarrsotillo\",\"isPartOf\":{\"@id\":\"https:\/\/navarrsotillo.com\/#website\"},\"primaryImageOfPage\":{\"@id\":\"https:\/\/navarrsotillo.com\/en\/producto\/antonita-rose\/#primaryimage\"},\"image\":{\"@id\":\"https:\/\/navarrsotillo.com\/en\/producto\/antonita-rose\/#primaryimage\"},\"thumbnailUrl\":\"https:\/\/navarrsotillo.com\/wp-content\/uploads\/2016\/03\/antonita_rose_SC.png\",\"datePublished\":\"2016-03-27T16:04:32+00:00\",\"dateModified\":\"2021-03-25T16:08:06+00:00\",\"breadcrumb\":{\"@id\":\"https:\/\/navarrsotillo.com\/en\/producto\/antonita-rose\/#breadcrumb\"},\"inLanguage\":\"en-US\",\"potentialAction\":[{\"@type\":\"ReadAction\",\"target\":[\"https:\/\/navarrsotillo.com\/en\/producto\/antonita-rose\/\"]}]},{\"@type\":\"ImageObject\",\"inLanguage\":\"en-US\",\"@id\":\"https:\/\/navarrsotillo.com\/en\/producto\/antonita-rose\/#primaryimage\",\"url\":\"https:\/\/navarrsotillo.com\/wp-content\/uploads\/2016\/03\/antonita_rose_SC.png\",\"contentUrl\":\"https:\/\/navarrsotillo.com\/wp-content\/uploads\/2016\/03\/antonita_rose_SC.png\",\"width\":700,\"height\":1021},{\"@type\":\"BreadcrumbList\",\"@id\":\"https:\/\/navarrsotillo.com\/en\/producto\/antonita-rose\/#breadcrumb\",\"itemListElement\":[{\"@type\":\"ListItem\",\"position\":1,\"name\":\"Portada\",\"item\":\"https:\/\/navarrsotillo.com\/en\/\"},{\"@type\":\"ListItem\",\"position\":2,\"name\":\"Shop\",\"item\":\"https:\/\/navarrsotillo.com\/en\/shop\/\"},{\"@type\":\"ListItem\",\"position\":3,\"name\":\"Anto\u00f1ita Rose\"}]},{\"@type\":\"WebSite\",\"@id\":\"https:\/\/navarrsotillo.com\/#website\",\"url\":\"https:\/\/navarrsotillo.com\/\",\"name\":\"Bodegas Navarrsotillo\",\"description\":\"Vinos ecol\u00f3gicos de Rioja\",\"potentialAction\":[{\"@type\":\"SearchAction\",\"target\":{\"@type\":\"EntryPoint\",\"urlTemplate\":\"https:\/\/navarrsotillo.com\/?s={search_term_string}\"},\"query-input\":{\"@type\":\"PropertyValueSpecification\",\"valueRequired\":true,\"valueName\":\"search_term_string\"}}],\"inLanguage\":\"en-US\"}]}<\/script>\n<!-- \/ Yoast SEO plugin. -->","yoast_head_json":{"title":"Anto\u00f1ita Rose - Bodegas Navarrsotillo","robots":{"index":"index","follow":"follow","max-snippet":"max-snippet:-1","max-image-preview":"max-image-preview:large","max-video-preview":"max-video-preview:-1"},"canonical":"https:\/\/navarrsotillo.com\/en\/producto\/antonita-rose\/","og_locale":"en_US","og_type":"article","og_title":"Anto\u00f1ita Rose - Bodegas Navarrsotillo","og_description":"Anto\u00f1ia Pu\u00f1uelos Rose is a certified Organic Rioja rose wine. It presents an attractive bright pale pink color that invites to joy and celebration. Its aroma is floral and delicate with shades of white fruit. Its taste is fresh with good acidity and elegant cherry flavor which invites you to drink again... Datasheet download  GRAPES VARIETIES: Garnacha Tinta","og_url":"https:\/\/navarrsotillo.com\/en\/producto\/antonita-rose\/","og_site_name":"Bodegas Navarrsotillo","article_modified_time":"2021-03-25T16:08:06+00:00","og_image":[{"width":700,"height":1021,"url":"https:\/\/navarrsotillo.com\/wp-content\/uploads\/2016\/03\/antonita_rose_SC.png","type":"image\/png"}],"twitter_card":"summary_large_image","schema":{"@context":"https:\/\/schema.org","@graph":[{"@type":"WebPage","@id":"https:\/\/navarrsotillo.com\/en\/producto\/antonita-rose\/","url":"https:\/\/navarrsotillo.com\/en\/producto\/antonita-rose\/","name":"Anto\u00f1ita Rose - Bodegas Navarrsotillo","isPartOf":{"@id":"https:\/\/navarrsotillo.com\/#website"},"primaryImageOfPage":{"@id":"https:\/\/navarrsotillo.com\/en\/producto\/antonita-rose\/#primaryimage"},"image":{"@id":"https:\/\/navarrsotillo.com\/en\/producto\/antonita-rose\/#primaryimage"},"thumbnailUrl":"https:\/\/navarrsotillo.com\/wp-content\/uploads\/2016\/03\/antonita_rose_SC.png","datePublished":"2016-03-27T16:04:32+00:00","dateModified":"2021-03-25T16:08:06+00:00","breadcrumb":{"@id":"https:\/\/navarrsotillo.com\/en\/producto\/antonita-rose\/#breadcrumb"},"inLanguage":"en-US","potentialAction":[{"@type":"ReadAction","target":["https:\/\/navarrsotillo.com\/en\/producto\/antonita-rose\/"]}]},{"@type":"ImageObject","inLanguage":"en-US","@id":"https:\/\/navarrsotillo.com\/en\/producto\/antonita-rose\/#primaryimage","url":"https:\/\/navarrsotillo.com\/wp-content\/uploads\/2016\/03\/antonita_rose_SC.png","contentUrl":"https:\/\/navarrsotillo.com\/wp-content\/uploads\/2016\/03\/antonita_rose_SC.png","width":700,"height":1021},{"@type":"BreadcrumbList","@id":"https:\/\/navarrsotillo.com\/en\/producto\/antonita-rose\/#breadcrumb","itemListElement":[{"@type":"ListItem","position":1,"name":"Portada","item":"https:\/\/navarrsotillo.com\/en\/"},{"@type":"ListItem","position":2,"name":"Shop","item":"https:\/\/navarrsotillo.com\/en\/shop\/"},{"@type":"ListItem","position":3,"name":"Anto\u00f1ita Rose"}]},{"@type":"WebSite","@id":"https:\/\/navarrsotillo.com\/#website","url":"https:\/\/navarrsotillo.com\/","name":"Bodegas Navarrsotillo","description":"Vinos ecol\u00f3gicos de Rioja","potentialAction":[{"@type":"SearchAction","target":{"@type":"EntryPoint","urlTemplate":"https:\/\/navarrsotillo.com\/?s={search_term_string}"},"query-input":{"@type":"PropertyValueSpecification","valueRequired":true,"valueName":"search_term_string"}}],"inLanguage":"en-US"}]}},"_links":{"self":[{"href":"https:\/\/navarrsotillo.com\/en\/wp-json\/wp\/v2\/product\/2009","targetHints":{"allow":["GET"]}}],"collection":[{"href":"https:\/\/navarrsotillo.com\/en\/wp-json\/wp\/v2\/product"}],"about":[{"href":"https:\/\/navarrsotillo.com\/en\/wp-json\/wp\/v2\/types\/product"}],"replies":[{"embeddable":true,"href":"https:\/\/navarrsotillo.com\/en\/wp-json\/wp\/v2\/comments?post=2009"}],"wp:featuredmedia":[{"embeddable":true,"href":"https:\/\/navarrsotillo.com\/en\/wp-json\/wp\/v2\/media\/1863"}],"wp:attachment":[{"href":"https:\/\/navarrsotillo.com\/en\/wp-json\/wp\/v2\/media?parent=2009"}],"wp:term":[{"taxonomy":"product_cat","embeddable":true,"href":"https:\/\/navarrsotillo.com\/en\/wp-json\/wp\/v2\/product_cat?post=2009"},{"taxonomy":"product_tag","embeddable":true,"href":"https:\/\/navarrsotillo.com\/en\/wp-json\/wp\/v2\/product_tag?post=2009"}],"curies":[{"name":"wp","href":"https:\/\/api.w.org\/{rel}","templated":true}]}}