{"id":4856,"date":"2017-05-11T17:44:49","date_gmt":"2017-05-11T17:44:49","guid":{"rendered":"https:\/\/navarrsotillo.com\/la-bodega\/"},"modified":"2026-02-09T13:04:49","modified_gmt":"2026-02-09T13:04:49","slug":"les-caves","status":"publish","type":"page","link":"https:\/\/navarrsotillo.com\/fr\/les-caves\/","title":{"rendered":"Les caves"},"content":{"rendered":"<p>[vc_row][vc_column][vc_empty_space]\n\t<div class=\"title-subtitle-box  \" style=\" margin-bottom:0px; text-align: center;\">\n\t\t<h1 style=\" font-style: normal;\">Les caves<\/h1>\n\t<\/div> [vc_column_text]<\/p>\n<h2 style=\"text-align: center; margin-top: -10px!important;\"><span style=\"font-family: 'Palatino Linotype', 'Book Antiqua', Palatino, serif; font-style: italic; color: #5e0000; font-size: 14pt;\">Savoir-faire<\/span><\/h2>\n<p>[\/vc_column_text][\/vc_column][\/vc_row][vc_row full_width=\u00a0\u00bbstretch_row_content\u00a0\u00bb css=\u00a0\u00bb.vc_custom_1505794993943{background-position: 0 0 !important;background-repeat: no-repeat !important;}\u00a0\u00bb el_class=\u00a0\u00bbgg-force-background-bottom\u00a0\u00bb][vc_column width=\u00a0\u00bb1\/12&Prime;][\/vc_column][vc_column width=\u00a0\u00bb3\/12&Prime;][vc_single_image image=\u00a0\u00bb4885&Prime; img_size=\u00a0\u00bbfull\u00a0\u00bb alignment=\u00a0\u00bbcenter\u00a0\u00bb onclick=\u00a0\u00bblink_image\u00a0\u00bb][vc_single_image image=\u00a0\u00bb4886&Prime; img_size=\u00a0\u00bbfull\u00a0\u00bb alignment=\u00a0\u00bbcenter\u00a0\u00bb onclick=\u00a0\u00bblink_image\u00a0\u00bb][vc_single_image image=\u00a0\u00bb4887&Prime; img_size=\u00a0\u00bbfull\u00a0\u00bb alignment=\u00a0\u00bbcenter\u00a0\u00bb onclick=\u00a0\u00bblink_image\u00a0\u00bb][\/vc_column][vc_column width=\u00a0\u00bb4\/12&Prime;][vc_column_text]<\/p>\n<p style=\"text-align: justify;\">Tradition, savoir-faire, soin du terroir, qualit\u00e9, fid\u00e9lit\u00e9 avec nos valeurs\u00a0; ce sont les caract\u00e9ristiques qui d\u00e9finissent le travail de l\u2019\u00e9quipe de Navarrsotillo.<\/p>\n<p style=\"text-align: justify;\">Dans notre entreprise familiale fond\u00e9e par les fr\u00e8res Andr\u00e9s et Ram\u00f3n Serrano, la technologie et l\u2019innovation sont finement combin\u00e9es avec la tradition de la culture des exploitations agricoles h\u00e9rit\u00e9es de nos parents, en utilisant des m\u00e9thodes biologiques et des techniques biodynamiques pour obtenir les vins de la meilleure qualit\u00e9. Nous sommes convaincus que la sant\u00e9 du terroir est le plus important afin d\u2019obtenir des vins de qualit\u00e9, c\u2019est la raison pour laquelle il n\u2019y a pas de place pour les produits chimiques dans notre travail quotidien. Toute la production, tant d\u2019appellation Rioja comme Navarra, est contr\u00f4l\u00e9e et certifi\u00e9e par la CPAER (Conseil de Production Agricole Biologique de La Rioja) ES-ECO-035-RI, la CPAEN (Conseil de Production Agricole Biologique de Navarra, ES-ECO-025-NA, ainsi que la certification Demeter International en Espagne.<\/p>\n<p style=\"text-align: justify;\">\u00c0 La Rioja, notre cave est \u00e9quip\u00e9e avec des technologies de pointe pour l\u2019\u00e9laboration des vins\u00a0: cuves en acier inoxydable, chambres r\u00e9frig\u00e9r\u00e9es, laboratoire, cave de vieillissement, etc. La situation privil\u00e9gi\u00e9e de la cave dans la ville de Calahorra, sur la route nationale 232, kilom\u00e8tre 354, vous propose une visite tr\u00e8s accessible de la cave.<\/p>\n<p style=\"text-align: justify;\">\u00c0 Navarra, la cave est situ\u00e9e dans la ville de Beire, et elle dispose de toute la technologie n\u00e9cessaire \u00e0 la production de vins ainsi que d\u2019une salle de vieillissement. La capacit\u00e9 actuelle est d\u2019environ 440.000 litres.<\/p>\n<p style=\"text-align: justify;\">Pour nos clients, Navarrsotillo est synonyme de tradition, d\u2019agriculture artisanale et de savoir-faire\u00a0: en r\u00e9sum\u00e9, de vins d\u2019une grande qualit\u00e9.<\/p>\n<p>[\/vc_column_text][\/vc_column][vc_column width=\u00a0\u00bb3\/12&Prime;][vc_single_image image=\u00a0\u00bb4888&Prime; img_size=\u00a0\u00bbfull\u00a0\u00bb alignment=\u00a0\u00bbcenter\u00a0\u00bb onclick=\u00a0\u00bblink_image\u00a0\u00bb][vc_single_image image=\u00a0\u00bb4889&Prime; img_size=\u00a0\u00bbfull\u00a0\u00bb alignment=\u00a0\u00bbcenter\u00a0\u00bb onclick=\u00a0\u00bblink_image\u00a0\u00bb][vc_single_image image=\u00a0\u00bb4890&Prime; img_size=\u00a0\u00bbfull\u00a0\u00bb alignment=\u00a0\u00bbcenter\u00a0\u00bb onclick=\u00a0\u00bblink_image\u00a0\u00bb][\/vc_column][vc_column width=\u00a0\u00bb1\/12&Prime;][\/vc_column][\/vc_row][vc_row full_width=\u00a0\u00bbstretch_row_content\u00a0\u00bb][vc_column width=\u00a0\u00bb1\/12&Prime;][\/vc_column][vc_column width=\u00a0\u00bb10\/12&Prime;][\/vc_column][vc_column width=\u00a0\u00bb1\/12&Prime;][\/vc_column][\/vc_row][vc_row][vc_column]\n\t<div class=\"title-subtitle-box  \" style=\" text-align: center;\">\n\t\t<h1 style=\" font-style: normal;\">Et toujours suivant tous les contr\u00f4les de qualit\u00e9.<\/h1>\n\t<\/div> [vc_column_text]<img loading=\"lazy\" decoding=\"async\" class=\"alignleft wp-image-4543\" src=\"https:\/\/navarrsotillo.com\/wp-content\/uploads\/2021\/03\/logo-iso-14001.jpg\" alt=\"\" width=\"65\" height=\"65\" srcset=\"https:\/\/navarrsotillo.com\/wp-content\/uploads\/2021\/03\/logo-iso-14001.jpg 194w, https:\/\/navarrsotillo.com\/wp-content\/uploads\/2021\/03\/logo-iso-14001-140x140.jpg 140w, https:\/\/navarrsotillo.com\/wp-content\/uploads\/2021\/03\/logo-iso-14001-150x150.jpg 150w\" sizes=\"auto, (max-width: 65px) 100vw, 65px\" \/><img loading=\"lazy\" decoding=\"async\" class=\"alignleft wp-image-4519\" src=\"https:\/\/navarrsotillo.com\/wp-content\/uploads\/2021\/03\/Logo-EU-x200.jpg\" alt=\"\" width=\"98\" height=\"65\" \/><img loading=\"lazy\" decoding=\"async\" class=\"alignleft wp-image-4521\" src=\"https:\/\/navarrsotillo.com\/wp-content\/uploads\/2021\/03\/LogoDemeter-x200.png\" alt=\"\" width=\"137\" height=\"65\" \/><img loading=\"lazy\" decoding=\"async\" class=\"alignleft wp-image-4523\" src=\"https:\/\/navarrsotillo.com\/wp-content\/uploads\/2021\/03\/Logo-vegan-x200.png\" alt=\"\" width=\"53\" height=\"65\" \/><img loading=\"lazy\" decoding=\"async\" class=\"alignleft wp-image-4534\" src=\"https:\/\/navarrsotillo.com\/wp-content\/uploads\/2021\/03\/logo_bio_suisse_organic_pos-300x153.jpg\" alt=\"\" width=\"128\" height=\"65\" srcset=\"https:\/\/navarrsotillo.com\/wp-content\/uploads\/2021\/03\/logo_bio_suisse_organic_pos-300x153.jpg 300w, https:\/\/navarrsotillo.com\/wp-content\/uploads\/2021\/03\/logo_bio_suisse_organic_pos-1024x521.jpg 1024w, https:\/\/navarrsotillo.com\/wp-content\/uploads\/2021\/03\/logo_bio_suisse_organic_pos-768x391.jpg 768w, https:\/\/navarrsotillo.com\/wp-content\/uploads\/2021\/03\/logo_bio_suisse_organic_pos.jpg 1081w\" sizes=\"auto, (max-width: 128px) 100vw, 128px\" \/><img loading=\"lazy\" decoding=\"async\" class=\"alignleft wp-image-4536\" src=\"https:\/\/navarrsotillo.com\/wp-content\/uploads\/2021\/04\/BRCGS_CERT_FOOD_LOGO_RGB.png\" alt=\"\" width=\"86\" height=\"65\" \/><img loading=\"lazy\" decoding=\"async\" class=\"alignleft wp-image-4538\" src=\"https:\/\/navarrsotillo.com\/wp-content\/uploads\/2021\/03\/IFS-300x178.jpg\" alt=\"\" width=\"110\" height=\"65\" srcset=\"https:\/\/navarrsotillo.com\/wp-content\/uploads\/2021\/03\/IFS-300x178.jpg 300w, https:\/\/navarrsotillo.com\/wp-content\/uploads\/2021\/03\/IFS.jpg 579w\" sizes=\"auto, (max-width: 110px) 100vw, 110px\" \/>[\/vc_column_text][\/vc_column][\/vc_row][vc_row][vc_column][\/vc_column][\/vc_row]<\/p>\n","protected":false},"excerpt":{"rendered":"<p>[vc_row][vc_column][vc_empty_space][vc_column_text] Savoir-faire [\/vc_column_text][\/vc_column][\/vc_row][vc_row full_width=\u00a0\u00bbstretch_row_content\u00a0\u00bb css=\u00a0\u00bb.vc_custom_1505794993943{background-position: 0 0 !important;background-repeat: no-repeat !important;}\u00a0\u00bb el_class=\u00a0\u00bbgg-force-background-bottom\u00a0\u00bb][vc_column width=\u00a0\u00bb1\/12&Prime;][\/vc_column][vc_column width=\u00a0\u00bb3\/12&Prime;][vc_single_image image=\u00a0\u00bb4885&Prime; img_size=\u00a0\u00bbfull\u00a0\u00bb alignment=\u00a0\u00bbcenter\u00a0\u00bb onclick=\u00a0\u00bblink_image\u00a0\u00bb][vc_single_image image=\u00a0\u00bb4886&Prime; img_size=\u00a0\u00bbfull\u00a0\u00bb alignment=\u00a0\u00bbcenter\u00a0\u00bb onclick=\u00a0\u00bblink_image\u00a0\u00bb][vc_single_image image=\u00a0\u00bb4887&Prime; img_size=\u00a0\u00bbfull\u00a0\u00bb alignment=\u00a0\u00bbcenter\u00a0\u00bb onclick=\u00a0\u00bblink_image\u00a0\u00bb][\/vc_column][vc_column width=\u00a0\u00bb4\/12&Prime;][vc_column_text] Tradition, savoir-faire, soin du<br class=\"read-more-spacer\"> <a class=\"more-link\" href=\"https:\/\/navarrsotillo.com\/fr\/les-caves\/\">Read More<\/a><\/p>\n","protected":false},"author":1,"featured_media":0,"parent":0,"menu_order":0,"comment_status":"closed","ping_status":"closed","template":"","meta":{"footnotes":""},"class_list":["post-4856","page","type-page","status-publish","hentry"],"yoast_head":"<!-- This site is optimized with the Yoast SEO plugin v23.8 - https:\/\/yoast.com\/wordpress\/plugins\/seo\/ -->\n<title>Les caves - Bodegas Navarrsotillo<\/title>\n<meta name=\"description\" content=\"Tradition, savoir-faire, soin du terroir, compromis de qualit\u00e9, compromis avec soi-m\u00eame ; sont les caract\u00e9ristiques qui d\u00e9finissent le travail\" \/>\n<meta name=\"robots\" content=\"index, follow, max-snippet:-1, max-image-preview:large, max-video-preview:-1\" \/>\n<link rel=\"canonical\" href=\"https:\/\/navarrsotillo.com\/fr\/les-caves\/\" \/>\n<meta property=\"og:locale\" content=\"fr_FR\" \/>\n<meta property=\"og:type\" content=\"article\" \/>\n<meta property=\"og:title\" content=\"Les caves - Bodegas Navarrsotillo\" \/>\n<meta property=\"og:description\" content=\"Tradition, savoir-faire, soin du terroir, compromis de qualit\u00e9, compromis avec soi-m\u00eame ; sont les caract\u00e9ristiques qui d\u00e9finissent le travail\" \/>\n<meta property=\"og:url\" content=\"https:\/\/navarrsotillo.com\/fr\/les-caves\/\" \/>\n<meta property=\"og:site_name\" content=\"Bodegas Navarrsotillo\" \/>\n<meta property=\"article:modified_time\" content=\"2026-02-09T13:04:49+00:00\" \/>\n<meta property=\"og:image\" content=\"https:\/\/navarrsotillo.com\/wp-content\/uploads\/2021\/03\/logo-iso-14001.jpg\" \/>\n<meta name=\"twitter:card\" content=\"summary_large_image\" \/>\n<meta name=\"twitter:label1\" content=\"Dur\u00e9e de lecture estim\u00e9e\" \/>\n\t<meta name=\"twitter:data1\" content=\"3 minutes\" \/>\n<script type=\"application\/ld+json\" class=\"yoast-schema-graph\">{\"@context\":\"https:\/\/schema.org\",\"@graph\":[{\"@type\":\"WebPage\",\"@id\":\"https:\/\/navarrsotillo.com\/fr\/les-caves\/\",\"url\":\"https:\/\/navarrsotillo.com\/fr\/les-caves\/\",\"name\":\"Les caves - Bodegas Navarrsotillo\",\"isPartOf\":{\"@id\":\"https:\/\/navarrsotillo.com\/#website\"},\"primaryImageOfPage\":{\"@id\":\"https:\/\/navarrsotillo.com\/fr\/les-caves\/#primaryimage\"},\"image\":{\"@id\":\"https:\/\/navarrsotillo.com\/fr\/les-caves\/#primaryimage\"},\"thumbnailUrl\":\"https:\/\/navarrsotillo.com\/wp-content\/uploads\/2021\/03\/logo-iso-14001.jpg\",\"datePublished\":\"2017-05-11T17:44:49+00:00\",\"dateModified\":\"2026-02-09T13:04:49+00:00\",\"description\":\"Tradition, savoir-faire, soin du terroir, compromis de qualit\u00e9, compromis avec soi-m\u00eame ; sont les caract\u00e9ristiques qui d\u00e9finissent le travail\",\"breadcrumb\":{\"@id\":\"https:\/\/navarrsotillo.com\/fr\/les-caves\/#breadcrumb\"},\"inLanguage\":\"fr-FR\",\"potentialAction\":[{\"@type\":\"ReadAction\",\"target\":[\"https:\/\/navarrsotillo.com\/fr\/les-caves\/\"]}]},{\"@type\":\"ImageObject\",\"inLanguage\":\"fr-FR\",\"@id\":\"https:\/\/navarrsotillo.com\/fr\/les-caves\/#primaryimage\",\"url\":\"https:\/\/navarrsotillo.com\/wp-content\/uploads\/2021\/03\/logo-iso-14001.jpg\",\"contentUrl\":\"https:\/\/navarrsotillo.com\/wp-content\/uploads\/2021\/03\/logo-iso-14001.jpg\"},{\"@type\":\"BreadcrumbList\",\"@id\":\"https:\/\/navarrsotillo.com\/fr\/les-caves\/#breadcrumb\",\"itemListElement\":[{\"@type\":\"ListItem\",\"position\":1,\"name\":\"Portada\",\"item\":\"https:\/\/navarrsotillo.com\/fr\/\"},{\"@type\":\"ListItem\",\"position\":2,\"name\":\"Les caves\"}]},{\"@type\":\"WebSite\",\"@id\":\"https:\/\/navarrsotillo.com\/#website\",\"url\":\"https:\/\/navarrsotillo.com\/\",\"name\":\"Bodegas Navarrsotillo\",\"description\":\"Vinos ecol\u00f3gicos de Rioja\",\"potentialAction\":[{\"@type\":\"SearchAction\",\"target\":{\"@type\":\"EntryPoint\",\"urlTemplate\":\"https:\/\/navarrsotillo.com\/?s={search_term_string}\"},\"query-input\":{\"@type\":\"PropertyValueSpecification\",\"valueRequired\":true,\"valueName\":\"search_term_string\"}}],\"inLanguage\":\"fr-FR\"}]}<\/script>\n<!-- \/ Yoast SEO plugin. -->","yoast_head_json":{"title":"Les caves - Bodegas Navarrsotillo","description":"Tradition, savoir-faire, soin du terroir, compromis de qualit\u00e9, compromis avec soi-m\u00eame ; sont les caract\u00e9ristiques qui d\u00e9finissent le travail","robots":{"index":"index","follow":"follow","max-snippet":"max-snippet:-1","max-image-preview":"max-image-preview:large","max-video-preview":"max-video-preview:-1"},"canonical":"https:\/\/navarrsotillo.com\/fr\/les-caves\/","og_locale":"fr_FR","og_type":"article","og_title":"Les caves - Bodegas Navarrsotillo","og_description":"Tradition, savoir-faire, soin du terroir, compromis de qualit\u00e9, compromis avec soi-m\u00eame ; sont les caract\u00e9ristiques qui d\u00e9finissent le travail","og_url":"https:\/\/navarrsotillo.com\/fr\/les-caves\/","og_site_name":"Bodegas Navarrsotillo","article_modified_time":"2026-02-09T13:04:49+00:00","og_image":[{"url":"https:\/\/navarrsotillo.com\/wp-content\/uploads\/2021\/03\/logo-iso-14001.jpg"}],"twitter_card":"summary_large_image","twitter_misc":{"Dur\u00e9e de lecture estim\u00e9e":"3 minutes"},"schema":{"@context":"https:\/\/schema.org","@graph":[{"@type":"WebPage","@id":"https:\/\/navarrsotillo.com\/fr\/les-caves\/","url":"https:\/\/navarrsotillo.com\/fr\/les-caves\/","name":"Les caves - Bodegas Navarrsotillo","isPartOf":{"@id":"https:\/\/navarrsotillo.com\/#website"},"primaryImageOfPage":{"@id":"https:\/\/navarrsotillo.com\/fr\/les-caves\/#primaryimage"},"image":{"@id":"https:\/\/navarrsotillo.com\/fr\/les-caves\/#primaryimage"},"thumbnailUrl":"https:\/\/navarrsotillo.com\/wp-content\/uploads\/2021\/03\/logo-iso-14001.jpg","datePublished":"2017-05-11T17:44:49+00:00","dateModified":"2026-02-09T13:04:49+00:00","description":"Tradition, savoir-faire, soin du terroir, compromis de qualit\u00e9, compromis avec soi-m\u00eame ; sont les caract\u00e9ristiques qui d\u00e9finissent le travail","breadcrumb":{"@id":"https:\/\/navarrsotillo.com\/fr\/les-caves\/#breadcrumb"},"inLanguage":"fr-FR","potentialAction":[{"@type":"ReadAction","target":["https:\/\/navarrsotillo.com\/fr\/les-caves\/"]}]},{"@type":"ImageObject","inLanguage":"fr-FR","@id":"https:\/\/navarrsotillo.com\/fr\/les-caves\/#primaryimage","url":"https:\/\/navarrsotillo.com\/wp-content\/uploads\/2021\/03\/logo-iso-14001.jpg","contentUrl":"https:\/\/navarrsotillo.com\/wp-content\/uploads\/2021\/03\/logo-iso-14001.jpg"},{"@type":"BreadcrumbList","@id":"https:\/\/navarrsotillo.com\/fr\/les-caves\/#breadcrumb","itemListElement":[{"@type":"ListItem","position":1,"name":"Portada","item":"https:\/\/navarrsotillo.com\/fr\/"},{"@type":"ListItem","position":2,"name":"Les caves"}]},{"@type":"WebSite","@id":"https:\/\/navarrsotillo.com\/#website","url":"https:\/\/navarrsotillo.com\/","name":"Bodegas Navarrsotillo","description":"Vinos ecol\u00f3gicos de Rioja","potentialAction":[{"@type":"SearchAction","target":{"@type":"EntryPoint","urlTemplate":"https:\/\/navarrsotillo.com\/?s={search_term_string}"},"query-input":{"@type":"PropertyValueSpecification","valueRequired":true,"valueName":"search_term_string"}}],"inLanguage":"fr-FR"}]}},"_links":{"self":[{"href":"https:\/\/navarrsotillo.com\/fr\/wp-json\/wp\/v2\/pages\/4856","targetHints":{"allow":["GET"]}}],"collection":[{"href":"https:\/\/navarrsotillo.com\/fr\/wp-json\/wp\/v2\/pages"}],"about":[{"href":"https:\/\/navarrsotillo.com\/fr\/wp-json\/wp\/v2\/types\/page"}],"author":[{"embeddable":true,"href":"https:\/\/navarrsotillo.com\/fr\/wp-json\/wp\/v2\/users\/1"}],"replies":[{"embeddable":true,"href":"https:\/\/navarrsotillo.com\/fr\/wp-json\/wp\/v2\/comments?post=4856"}],"version-history":[{"count":11,"href":"https:\/\/navarrsotillo.com\/fr\/wp-json\/wp\/v2\/pages\/4856\/revisions"}],"predecessor-version":[{"id":16483,"href":"https:\/\/navarrsotillo.com\/fr\/wp-json\/wp\/v2\/pages\/4856\/revisions\/16483"}],"wp:attachment":[{"href":"https:\/\/navarrsotillo.com\/fr\/wp-json\/wp\/v2\/media?parent=4856"}],"curies":[{"name":"wp","href":"https:\/\/api.w.org\/{rel}","templated":true}]}}