{"id":4938,"date":"2021-04-21T16:25:15","date_gmt":"2021-04-21T16:25:15","guid":{"rendered":"https:\/\/navarrsotillo.com\/aceite\/"},"modified":"2021-05-21T09:51:55","modified_gmt":"2021-05-21T09:51:55","slug":"huile-dolive","status":"publish","type":"page","link":"https:\/\/navarrsotillo.com\/fr\/huile-dolive\/","title":{"rendered":"Huile d\u2019olive"},"content":{"rendered":"<p>[vc_row][vc_column][vc_empty_space]\n\t<div class=\"title-subtitle-box  \" style=\" margin-bottom:0px; text-align: center;\">\n\t\t<h1 style=\" font-style: normal;\">Huile d\u2019olive <\/h1>\n\t<\/div> [vc_empty_space][\/vc_column][\/vc_row][vc_row][vc_column width=\u00a0\u00bb1\/2&Prime;][vc_single_image image=\u00a0\u00bb4939&Prime; img_size=\u00a0\u00bbfull\u00a0\u00bb alignment=\u00a0\u00bbcenter\u00a0\u00bb][\/vc_column][vc_column width=\u00a0\u00bb1\/2&Prime;][vc_single_image image=\u00a0\u00bb4641&Prime; img_size=\u00a0\u00bbfull\u00a0\u00bb alignment=\u00a0\u00bbcenter\u00a0\u00bb][\/vc_column][\/vc_row]<\/p>\n","protected":false},"excerpt":{"rendered":"<p>[vc_row][vc_column][vc_empty_space][vc_empty_space][\/vc_column][\/vc_row][vc_row][vc_column width=\u00a0\u00bb1\/2&Prime;][vc_single_image image=\u00a0\u00bb4939&Prime; img_size=\u00a0\u00bbfull\u00a0\u00bb alignment=\u00a0\u00bbcenter\u00a0\u00bb][\/vc_column][vc_column width=\u00a0\u00bb1\/2&Prime;][vc_single_image image=\u00a0\u00bb4641&Prime; img_size=\u00a0\u00bbfull\u00a0\u00bb alignment=\u00a0\u00bbcenter\u00a0\u00bb][\/vc_column][\/vc_row]<\/p>\n","protected":false},"author":11,"featured_media":0,"parent":0,"menu_order":0,"comment_status":"closed","ping_status":"closed","template":"","meta":{"footnotes":""},"class_list":["post-4938","page","type-page","status-publish","hentry"],"yoast_head":"<!-- This site is optimized with the Yoast SEO plugin v23.8 - https:\/\/yoast.com\/wordpress\/plugins\/seo\/ -->\n<title>Huile d\u2019olive - Bodegas Navarrsotillo<\/title>\n<meta name=\"description\" content=\"Tradition, bon travail, amour de la terre, engagement de qualit\u00e9, engagement envers soi-m\u00eame, go\u00fbt de la sant\u00e9\" \/>\n<meta name=\"robots\" content=\"index, follow, max-snippet:-1, max-image-preview:large, max-video-preview:-1\" \/>\n<link rel=\"canonical\" href=\"https:\/\/navarrsotillo.com\/fr\/huile-dolive\/\" \/>\n<meta property=\"og:locale\" content=\"fr_FR\" \/>\n<meta property=\"og:type\" content=\"article\" \/>\n<meta property=\"og:title\" content=\"Huile d\u2019olive - Bodegas Navarrsotillo\" \/>\n<meta property=\"og:description\" content=\"Tradition, bon travail, amour de la terre, engagement de qualit\u00e9, engagement envers soi-m\u00eame, go\u00fbt de la sant\u00e9\" \/>\n<meta property=\"og:url\" content=\"https:\/\/navarrsotillo.com\/fr\/huile-dolive\/\" \/>\n<meta property=\"og:site_name\" content=\"Bodegas Navarrsotillo\" \/>\n<meta property=\"article:modified_time\" content=\"2021-05-21T09:51:55+00:00\" \/>\n<meta name=\"twitter:card\" content=\"summary_large_image\" \/>\n<meta name=\"twitter:label1\" content=\"Dur\u00e9e de lecture estim\u00e9e\" \/>\n\t<meta name=\"twitter:data1\" content=\"1 minute\" \/>\n<script type=\"application\/ld+json\" class=\"yoast-schema-graph\">{\"@context\":\"https:\/\/schema.org\",\"@graph\":[{\"@type\":\"WebPage\",\"@id\":\"https:\/\/navarrsotillo.com\/fr\/huile-dolive\/\",\"url\":\"https:\/\/navarrsotillo.com\/fr\/huile-dolive\/\",\"name\":\"Huile d\u2019olive - Bodegas Navarrsotillo\",\"isPartOf\":{\"@id\":\"https:\/\/navarrsotillo.com\/#website\"},\"datePublished\":\"2021-04-21T16:25:15+00:00\",\"dateModified\":\"2021-05-21T09:51:55+00:00\",\"description\":\"Tradition, bon travail, amour de la terre, engagement de qualit\u00e9, engagement envers soi-m\u00eame, go\u00fbt de la sant\u00e9\",\"breadcrumb\":{\"@id\":\"https:\/\/navarrsotillo.com\/fr\/huile-dolive\/#breadcrumb\"},\"inLanguage\":\"fr-FR\",\"potentialAction\":[{\"@type\":\"ReadAction\",\"target\":[\"https:\/\/navarrsotillo.com\/fr\/huile-dolive\/\"]}]},{\"@type\":\"BreadcrumbList\",\"@id\":\"https:\/\/navarrsotillo.com\/fr\/huile-dolive\/#breadcrumb\",\"itemListElement\":[{\"@type\":\"ListItem\",\"position\":1,\"name\":\"Portada\",\"item\":\"https:\/\/navarrsotillo.com\/fr\/\"},{\"@type\":\"ListItem\",\"position\":2,\"name\":\"Huile d\u2019olive\"}]},{\"@type\":\"WebSite\",\"@id\":\"https:\/\/navarrsotillo.com\/#website\",\"url\":\"https:\/\/navarrsotillo.com\/\",\"name\":\"Bodegas Navarrsotillo\",\"description\":\"Vinos ecol\u00f3gicos de Rioja\",\"potentialAction\":[{\"@type\":\"SearchAction\",\"target\":{\"@type\":\"EntryPoint\",\"urlTemplate\":\"https:\/\/navarrsotillo.com\/?s={search_term_string}\"},\"query-input\":{\"@type\":\"PropertyValueSpecification\",\"valueRequired\":true,\"valueName\":\"search_term_string\"}}],\"inLanguage\":\"fr-FR\"}]}<\/script>\n<!-- \/ Yoast SEO plugin. -->","yoast_head_json":{"title":"Huile d\u2019olive - Bodegas Navarrsotillo","description":"Tradition, bon travail, amour de la terre, engagement de qualit\u00e9, engagement envers soi-m\u00eame, go\u00fbt de la sant\u00e9","robots":{"index":"index","follow":"follow","max-snippet":"max-snippet:-1","max-image-preview":"max-image-preview:large","max-video-preview":"max-video-preview:-1"},"canonical":"https:\/\/navarrsotillo.com\/fr\/huile-dolive\/","og_locale":"fr_FR","og_type":"article","og_title":"Huile d\u2019olive - Bodegas Navarrsotillo","og_description":"Tradition, bon travail, amour de la terre, engagement de qualit\u00e9, engagement envers soi-m\u00eame, go\u00fbt de la sant\u00e9","og_url":"https:\/\/navarrsotillo.com\/fr\/huile-dolive\/","og_site_name":"Bodegas Navarrsotillo","article_modified_time":"2021-05-21T09:51:55+00:00","twitter_card":"summary_large_image","twitter_misc":{"Dur\u00e9e de lecture estim\u00e9e":"1 minute"},"schema":{"@context":"https:\/\/schema.org","@graph":[{"@type":"WebPage","@id":"https:\/\/navarrsotillo.com\/fr\/huile-dolive\/","url":"https:\/\/navarrsotillo.com\/fr\/huile-dolive\/","name":"Huile d\u2019olive - Bodegas Navarrsotillo","isPartOf":{"@id":"https:\/\/navarrsotillo.com\/#website"},"datePublished":"2021-04-21T16:25:15+00:00","dateModified":"2021-05-21T09:51:55+00:00","description":"Tradition, bon travail, amour de la terre, engagement de qualit\u00e9, engagement envers soi-m\u00eame, go\u00fbt de la sant\u00e9","breadcrumb":{"@id":"https:\/\/navarrsotillo.com\/fr\/huile-dolive\/#breadcrumb"},"inLanguage":"fr-FR","potentialAction":[{"@type":"ReadAction","target":["https:\/\/navarrsotillo.com\/fr\/huile-dolive\/"]}]},{"@type":"BreadcrumbList","@id":"https:\/\/navarrsotillo.com\/fr\/huile-dolive\/#breadcrumb","itemListElement":[{"@type":"ListItem","position":1,"name":"Portada","item":"https:\/\/navarrsotillo.com\/fr\/"},{"@type":"ListItem","position":2,"name":"Huile d\u2019olive"}]},{"@type":"WebSite","@id":"https:\/\/navarrsotillo.com\/#website","url":"https:\/\/navarrsotillo.com\/","name":"Bodegas Navarrsotillo","description":"Vinos ecol\u00f3gicos de Rioja","potentialAction":[{"@type":"SearchAction","target":{"@type":"EntryPoint","urlTemplate":"https:\/\/navarrsotillo.com\/?s={search_term_string}"},"query-input":{"@type":"PropertyValueSpecification","valueRequired":true,"valueName":"search_term_string"}}],"inLanguage":"fr-FR"}]}},"_links":{"self":[{"href":"https:\/\/navarrsotillo.com\/fr\/wp-json\/wp\/v2\/pages\/4938","targetHints":{"allow":["GET"]}}],"collection":[{"href":"https:\/\/navarrsotillo.com\/fr\/wp-json\/wp\/v2\/pages"}],"about":[{"href":"https:\/\/navarrsotillo.com\/fr\/wp-json\/wp\/v2\/types\/page"}],"author":[{"embeddable":true,"href":"https:\/\/navarrsotillo.com\/fr\/wp-json\/wp\/v2\/users\/11"}],"replies":[{"embeddable":true,"href":"https:\/\/navarrsotillo.com\/fr\/wp-json\/wp\/v2\/comments?post=4938"}],"version-history":[{"count":3,"href":"https:\/\/navarrsotillo.com\/fr\/wp-json\/wp\/v2\/pages\/4938\/revisions"}],"predecessor-version":[{"id":4942,"href":"https:\/\/navarrsotillo.com\/fr\/wp-json\/wp\/v2\/pages\/4938\/revisions\/4942"}],"wp:attachment":[{"href":"https:\/\/navarrsotillo.com\/fr\/wp-json\/wp\/v2\/media?parent=4938"}],"curies":[{"name":"wp","href":"https:\/\/api.w.org\/{rel}","templated":true}]}}