{"id":5036,"date":"2021-03-25T17:16:15","date_gmt":"2021-03-25T17:16:15","guid":{"rendered":"https:\/\/navarrsotillo.com\/vins\/vinos-doca-rioja\/"},"modified":"2021-05-21T10:59:19","modified_gmt":"2021-05-21T10:59:19","slug":"vins-aoc-rioja","status":"publish","type":"page","link":"https:\/\/navarrsotillo.com\/fr\/vins\/vins-aoc-rioja\/","title":{"rendered":"Vins AOC Rioja"},"content":{"rendered":"<p>[vc_row full_width=\u00a0\u00bbstretch_row\u00a0\u00bb][vc_column][vc_column_text]<\/p>\n<h2 class=\"woocommerce-loop-product__title\"><em><span style=\"text-decoration: underline;\">Noemus<\/span><\/em><\/h2>\n<p>[\/vc_column_text][vc_empty_space height=\u00a0\u00bb15px\u00a0\u00bb]<div class=\"woocommerce columns-4 \"><div class=\"row\">\r\n<ul class=\"products\">\r\n<li class=\"col-xs-12 col-sm-6 col-md-3 product type-product post-4948 status-publish first instock product_cat-noemus-fr product_cat-red-wines-fr product_tag-red-fr product_tag-wine-fr has-post-thumbnail taxable shipping-taxable purchasable product-type-simple\">\r\n\r\n\t<a href=\"https:\/\/navarrsotillo.com\/fr\/producto\/noemus-rouge\/\" class=\"woocommerce-LoopProduct-link woocommerce-loop-product__link\"><h2 class=\"woocommerce-loop-product__title\">Noemus Rouge<\/h2><div class=\"gg-product-image-wrapper\"><img loading=\"lazy\" decoding=\"async\" width=\"300\" height=\"438\" src=\"https:\/\/navarrsotillo.com\/wp-content\/uploads\/2016\/03\/NOEMUS_TINTO_SC-300x438.png\" class=\"attachment-woocommerce_thumbnail size-woocommerce_thumbnail\" alt=\"\" srcset=\"https:\/\/navarrsotillo.com\/wp-content\/uploads\/2016\/03\/NOEMUS_TINTO_SC-300x438.png 300w, https:\/\/navarrsotillo.com\/wp-content\/uploads\/2016\/03\/NOEMUS_TINTO_SC-600x875.png 600w, https:\/\/navarrsotillo.com\/wp-content\/uploads\/2016\/03\/NOEMUS_TINTO_SC-206x300.png 206w, https:\/\/navarrsotillo.com\/wp-content\/uploads\/2016\/03\/NOEMUS_TINTO_SC.png 700w\" sizes=\"auto, (max-width: 300px) 100vw, 300px\" \/><\/div><\/a><div class=\"gg-product-meta-wrapper\"><\/div>\r\n<\/li>\r\n\r\n<li class=\"col-xs-12 col-sm-6 col-md-3 product type-product post-4961 status-publish instock product_cat-noemus-fr product_cat-rose-wines-fr product_tag-red-fr product_tag-wine-fr has-post-thumbnail taxable shipping-taxable purchasable product-type-simple\">\r\n\r\n\t<a href=\"https:\/\/navarrsotillo.com\/fr\/producto\/noemus-rose\/\" class=\"woocommerce-LoopProduct-link woocommerce-loop-product__link\"><h2 class=\"woocommerce-loop-product__title\">Noemus Ros\u00e9<\/h2><div class=\"gg-product-image-wrapper\"><img loading=\"lazy\" decoding=\"async\" width=\"300\" height=\"438\" src=\"https:\/\/navarrsotillo.com\/wp-content\/uploads\/2016\/03\/noemusROSESC-1-300x438.png\" class=\"attachment-woocommerce_thumbnail size-woocommerce_thumbnail\" alt=\"\" srcset=\"https:\/\/navarrsotillo.com\/wp-content\/uploads\/2016\/03\/noemusROSESC-1-300x438.png 300w, https:\/\/navarrsotillo.com\/wp-content\/uploads\/2016\/03\/noemusROSESC-1-600x875.png 600w, https:\/\/navarrsotillo.com\/wp-content\/uploads\/2016\/03\/noemusROSESC-1-206x300.png 206w, https:\/\/navarrsotillo.com\/wp-content\/uploads\/2016\/03\/noemusROSESC-1.png 700w\" sizes=\"auto, (max-width: 300px) 100vw, 300px\" \/><\/div><\/a><div class=\"gg-product-meta-wrapper\"><\/div>\r\n<\/li>\r\n\r\n<li class=\"col-xs-12 col-sm-6 col-md-3 product type-product post-4967 status-publish instock product_cat-noemus-fr product_cat-white-wines-fr has-post-thumbnail taxable shipping-taxable purchasable product-type-simple\">\r\n\r\n\t<a href=\"https:\/\/navarrsotillo.com\/fr\/producto\/noemus-blanc\/\" class=\"woocommerce-LoopProduct-link woocommerce-loop-product__link\"><h2 class=\"woocommerce-loop-product__title\">Noemus Blanc<\/h2><div class=\"gg-product-image-wrapper\"><img loading=\"lazy\" decoding=\"async\" width=\"300\" height=\"438\" src=\"https:\/\/navarrsotillo.com\/wp-content\/uploads\/2016\/03\/NOEMUSBLANCO123-300x438.png\" class=\"attachment-woocommerce_thumbnail size-woocommerce_thumbnail\" alt=\"\" srcset=\"https:\/\/navarrsotillo.com\/wp-content\/uploads\/2016\/03\/NOEMUSBLANCO123-300x438.png 300w, https:\/\/navarrsotillo.com\/wp-content\/uploads\/2016\/03\/NOEMUSBLANCO123-600x875.png 600w, https:\/\/navarrsotillo.com\/wp-content\/uploads\/2016\/03\/NOEMUSBLANCO123-206x300.png 206w, https:\/\/navarrsotillo.com\/wp-content\/uploads\/2016\/03\/NOEMUSBLANCO123.png 700w\" sizes=\"auto, (max-width: 300px) 100vw, 300px\" \/><\/div><\/a><div class=\"gg-product-meta-wrapper\"><\/div>\r\n<\/li>\r\n\r\n<li class=\"col-xs-12 col-sm-6 col-md-3 product type-product post-4975 status-publish last instock product_cat-noemus-fr product_cat-rose-wines-fr has-post-thumbnail taxable shipping-taxable purchasable product-type-simple\">\r\n\r\n\t<a href=\"https:\/\/navarrsotillo.com\/fr\/producto\/noemus-rosado\/\" class=\"woocommerce-LoopProduct-link woocommerce-loop-product__link\"><h2 class=\"woocommerce-loop-product__title\">Noemus Rosado<\/h2><div class=\"gg-product-image-wrapper\"><img loading=\"lazy\" decoding=\"async\" width=\"300\" height=\"438\" src=\"https:\/\/navarrsotillo.com\/wp-content\/uploads\/2016\/03\/NOEMUS_ROSADO_SC-300x438.png\" class=\"attachment-woocommerce_thumbnail size-woocommerce_thumbnail\" alt=\"\" srcset=\"https:\/\/navarrsotillo.com\/wp-content\/uploads\/2016\/03\/NOEMUS_ROSADO_SC-300x438.png 300w, https:\/\/navarrsotillo.com\/wp-content\/uploads\/2016\/03\/NOEMUS_ROSADO_SC-600x875.png 600w, https:\/\/navarrsotillo.com\/wp-content\/uploads\/2016\/03\/NOEMUS_ROSADO_SC-206x300.png 206w, https:\/\/navarrsotillo.com\/wp-content\/uploads\/2016\/03\/NOEMUS_ROSADO_SC.png 700w\" sizes=\"auto, (max-width: 300px) 100vw, 300px\" \/><\/div><\/a><div class=\"gg-product-meta-wrapper\"><\/div>\r\n<\/li>\r\n<\/ul>\r\n<\/div><\/div>[vc_empty_space height=\u00a0\u00bb15px\u00a0\u00bb][\/vc_column][\/vc_row][vc_row full_width=\u00a0\u00bbstretch_row_content_no_spaces\u00a0\u00bb][vc_column][vc_separator][\/vc_column][\/vc_row][vc_row full_width=\u00a0\u00bbstretch_row\u00a0\u00bb][vc_column][vc_column_text]<\/p>\n<h2 class=\"woocommerce-loop-product__title\"><em><span style=\"text-decoration: underline;\">Magister Bibendi<\/span><\/em><\/h2>\n<p>[\/vc_column_text][vc_empty_space height=\u00a0\u00bb15px\u00a0\u00bb]<div class=\"woocommerce columns-4 \"><div class=\"row\">\r\n<ul class=\"products\">\r\n<li class=\"col-xs-12 col-sm-6 col-md-3 product type-product post-4980 status-publish first instock product_cat-magister-fr product_cat-red-wines-fr product_tag-red-fr product_tag-wine-fr has-post-thumbnail taxable shipping-taxable purchasable product-type-simple\">\r\n\r\n\t<a href=\"https:\/\/navarrsotillo.com\/fr\/producto\/magister-bibendi-tempranillo-crianza\/\" class=\"woocommerce-LoopProduct-link woocommerce-loop-product__link\"><h2 class=\"woocommerce-loop-product__title\">Magister Bibendi Tempranillo Crianza<\/h2><div class=\"gg-product-image-wrapper\"><img loading=\"lazy\" decoding=\"async\" width=\"300\" height=\"438\" src=\"https:\/\/navarrsotillo.com\/wp-content\/uploads\/2017\/07\/magister_vivendi_tempranilloSC-300x438.png\" class=\"attachment-woocommerce_thumbnail size-woocommerce_thumbnail\" alt=\"\" srcset=\"https:\/\/navarrsotillo.com\/wp-content\/uploads\/2017\/07\/magister_vivendi_tempranilloSC-300x438.png 300w, https:\/\/navarrsotillo.com\/wp-content\/uploads\/2017\/07\/magister_vivendi_tempranilloSC-600x875.png 600w, https:\/\/navarrsotillo.com\/wp-content\/uploads\/2017\/07\/magister_vivendi_tempranilloSC-206x300.png 206w, https:\/\/navarrsotillo.com\/wp-content\/uploads\/2017\/07\/magister_vivendi_tempranilloSC.png 700w\" sizes=\"auto, (max-width: 300px) 100vw, 300px\" \/><\/div><\/a><div class=\"gg-product-meta-wrapper\"><\/div>\r\n<\/li>\r\n\r\n<li class=\"col-xs-12 col-sm-6 col-md-3 product type-product post-4983 status-publish instock product_cat-magister-fr product_cat-red-wines-fr product_tag-red-fr product_tag-wine-fr has-post-thumbnail taxable shipping-taxable purchasable product-type-simple\">\r\n\r\n\t<a href=\"https:\/\/navarrsotillo.com\/fr\/producto\/magister-bibendi-garnacha-crianza\/\" class=\"woocommerce-LoopProduct-link woocommerce-loop-product__link\"><h2 class=\"woocommerce-loop-product__title\">Magister Bibendi Garnacha Crianza<\/h2><div class=\"gg-product-image-wrapper\"><img loading=\"lazy\" decoding=\"async\" width=\"300\" height=\"438\" src=\"https:\/\/navarrsotillo.com\/wp-content\/uploads\/2017\/07\/magister-bibendi-crianza-garnachaSC-300x438.png\" class=\"attachment-woocommerce_thumbnail size-woocommerce_thumbnail\" alt=\"\" srcset=\"https:\/\/navarrsotillo.com\/wp-content\/uploads\/2017\/07\/magister-bibendi-crianza-garnachaSC-300x438.png 300w, https:\/\/navarrsotillo.com\/wp-content\/uploads\/2017\/07\/magister-bibendi-crianza-garnachaSC-600x875.png 600w, https:\/\/navarrsotillo.com\/wp-content\/uploads\/2017\/07\/magister-bibendi-crianza-garnachaSC-206x300.png 206w, https:\/\/navarrsotillo.com\/wp-content\/uploads\/2017\/07\/magister-bibendi-crianza-garnachaSC.png 700w\" sizes=\"auto, (max-width: 300px) 100vw, 300px\" \/><\/div><\/a><div class=\"gg-product-meta-wrapper\"><\/div>\r\n<\/li>\r\n\r\n<li class=\"col-xs-12 col-sm-6 col-md-3 product type-product post-4987 status-publish instock product_cat-magister-fr product_cat-red-wines-fr product_tag-red-fr product_tag-wine-fr has-post-thumbnail taxable shipping-taxable purchasable product-type-simple\">\r\n\r\n\t<a href=\"https:\/\/navarrsotillo.com\/fr\/producto\/magister-bibendi-reserva-tempranillo\/\" class=\"woocommerce-LoopProduct-link woocommerce-loop-product__link\"><h2 class=\"woocommerce-loop-product__title\">Magister Bibendi Tempranillo Reserva<\/h2><div class=\"gg-product-image-wrapper\"><img loading=\"lazy\" decoding=\"async\" width=\"300\" height=\"438\" src=\"https:\/\/navarrsotillo.com\/wp-content\/uploads\/2017\/07\/bibendi_reserva_tempranilloSC-300x438.png\" class=\"attachment-woocommerce_thumbnail size-woocommerce_thumbnail\" alt=\"\" srcset=\"https:\/\/navarrsotillo.com\/wp-content\/uploads\/2017\/07\/bibendi_reserva_tempranilloSC-300x438.png 300w, https:\/\/navarrsotillo.com\/wp-content\/uploads\/2017\/07\/bibendi_reserva_tempranilloSC-600x875.png 600w, https:\/\/navarrsotillo.com\/wp-content\/uploads\/2017\/07\/bibendi_reserva_tempranilloSC-206x300.png 206w, https:\/\/navarrsotillo.com\/wp-content\/uploads\/2017\/07\/bibendi_reserva_tempranilloSC.png 700w\" sizes=\"auto, (max-width: 300px) 100vw, 300px\" \/><\/div><\/a><div class=\"gg-product-meta-wrapper\"><\/div>\r\n<\/li>\r\n\r\n<li class=\"col-xs-12 col-sm-6 col-md-3 product type-product post-4990 status-publish last instock product_cat-magister-fr product_cat-red-wines-fr product_tag-red-fr product_tag-wine-fr has-post-thumbnail taxable shipping-taxable purchasable product-type-simple\">\r\n\r\n\t<a href=\"https:\/\/navarrsotillo.com\/fr\/producto\/magister-bibendi-graciano-reserva\/\" class=\"woocommerce-LoopProduct-link woocommerce-loop-product__link\"><h2 class=\"woocommerce-loop-product__title\">Magister Bibendi Graciano Reserva<\/h2><div class=\"gg-product-image-wrapper\"><img loading=\"lazy\" decoding=\"async\" width=\"300\" height=\"438\" src=\"https:\/\/navarrsotillo.com\/wp-content\/uploads\/2017\/07\/vivendi_reserva_gracianoSC-300x438.png\" class=\"attachment-woocommerce_thumbnail size-woocommerce_thumbnail\" alt=\"\" srcset=\"https:\/\/navarrsotillo.com\/wp-content\/uploads\/2017\/07\/vivendi_reserva_gracianoSC-300x438.png 300w, https:\/\/navarrsotillo.com\/wp-content\/uploads\/2017\/07\/vivendi_reserva_gracianoSC-600x875.png 600w, https:\/\/navarrsotillo.com\/wp-content\/uploads\/2017\/07\/vivendi_reserva_gracianoSC-206x300.png 206w, https:\/\/navarrsotillo.com\/wp-content\/uploads\/2017\/07\/vivendi_reserva_gracianoSC.png 700w\" sizes=\"auto, (max-width: 300px) 100vw, 300px\" \/><\/div><\/a><div class=\"gg-product-meta-wrapper\"><\/div>\r\n<\/li>\r\n\r\n<li class=\"col-xs-12 col-sm-6 col-md-3 product type-product post-4995 status-publish first instock product_cat-magister-fr product_cat-red-wines-fr product_tag-red-fr product_tag-wine-fr has-post-thumbnail taxable shipping-taxable purchasable product-type-simple\">\r\n\r\n\t<a href=\"https:\/\/navarrsotillo.com\/fr\/producto\/magister-bibendi-gran-reserva\/\" class=\"woocommerce-LoopProduct-link woocommerce-loop-product__link\"><h2 class=\"woocommerce-loop-product__title\">Magister Bibendi Gran Reserva<\/h2><div class=\"gg-product-image-wrapper\"><img loading=\"lazy\" decoding=\"async\" width=\"300\" height=\"438\" src=\"https:\/\/navarrsotillo.com\/wp-content\/uploads\/2017\/07\/maginsterbibendigranreservaSC-300x438.png\" class=\"attachment-woocommerce_thumbnail size-woocommerce_thumbnail\" alt=\"\" srcset=\"https:\/\/navarrsotillo.com\/wp-content\/uploads\/2017\/07\/maginsterbibendigranreservaSC-300x438.png 300w, https:\/\/navarrsotillo.com\/wp-content\/uploads\/2017\/07\/maginsterbibendigranreservaSC-600x875.png 600w, https:\/\/navarrsotillo.com\/wp-content\/uploads\/2017\/07\/maginsterbibendigranreservaSC-206x300.png 206w, https:\/\/navarrsotillo.com\/wp-content\/uploads\/2017\/07\/maginsterbibendigranreservaSC.png 700w\" sizes=\"auto, (max-width: 300px) 100vw, 300px\" \/><\/div><\/a><div class=\"gg-product-meta-wrapper\"><\/div>\r\n<\/li>\r\n<\/ul>\r\n<\/div><\/div>[vc_empty_space height=\u00a0\u00bb15px\u00a0\u00bb][\/vc_column][\/vc_row][vc_row full_width=\u00a0\u00bbstretch_row_content_no_spaces\u00a0\u00bb][vc_column][vc_separator][\/vc_column][\/vc_row][vc_row full_width=\u00a0\u00bbstretch_row\u00a0\u00bb][vc_column][vc_column_text]<\/p>\n<h2 class=\"woocommerce-loop-product__title\"><em><span style=\"text-decoration: underline;\">Anto\u00f1ita<\/span><\/em><\/h2>\n<p>[\/vc_column_text][vc_empty_space height=\u00a0\u00bb15px\u00a0\u00bb]<div class=\"woocommerce columns-4 \"><div class=\"row\">\r\n<ul class=\"products\">\r\n<li class=\"col-xs-12 col-sm-6 col-md-3 product type-product post-5002 status-publish first instock product_cat-antonita-fr product_cat-red-wines-fr product_tag-red-fr product_tag-wine-fr has-post-thumbnail taxable shipping-taxable purchasable product-type-simple\">\r\n\r\n\t<a href=\"https:\/\/navarrsotillo.com\/fr\/producto\/antonita-rouge\/\" class=\"woocommerce-LoopProduct-link woocommerce-loop-product__link\"><h2 class=\"woocommerce-loop-product__title\">Anto\u00f1ita Rouge<\/h2><div class=\"gg-product-image-wrapper\"><img loading=\"lazy\" decoding=\"async\" width=\"300\" height=\"438\" src=\"https:\/\/navarrsotillo.com\/wp-content\/uploads\/2017\/07\/antonita_tintoSC-300x438.png\" class=\"attachment-woocommerce_thumbnail size-woocommerce_thumbnail\" alt=\"\" srcset=\"https:\/\/navarrsotillo.com\/wp-content\/uploads\/2017\/07\/antonita_tintoSC-300x438.png 300w, https:\/\/navarrsotillo.com\/wp-content\/uploads\/2017\/07\/antonita_tintoSC-600x875.png 600w, https:\/\/navarrsotillo.com\/wp-content\/uploads\/2017\/07\/antonita_tintoSC-206x300.png 206w, https:\/\/navarrsotillo.com\/wp-content\/uploads\/2017\/07\/antonita_tintoSC.png 700w\" sizes=\"auto, (max-width: 300px) 100vw, 300px\" \/><\/div><\/a><div class=\"gg-product-meta-wrapper\"><\/div>\r\n<\/li>\r\n\r\n<li class=\"col-xs-12 col-sm-6 col-md-3 product type-product post-5005 status-publish instock product_cat-antonita-fr product_cat-white-wines-fr has-post-thumbnail taxable shipping-taxable purchasable product-type-simple\">\r\n\r\n\t<a href=\"https:\/\/navarrsotillo.com\/fr\/producto\/antonita-blanc\/\" class=\"woocommerce-LoopProduct-link woocommerce-loop-product__link\"><h2 class=\"woocommerce-loop-product__title\">Anto\u00f1ita Blanc<\/h2><div class=\"gg-product-image-wrapper\"><img loading=\"lazy\" decoding=\"async\" width=\"300\" height=\"438\" src=\"https:\/\/navarrsotillo.com\/wp-content\/uploads\/2016\/03\/antonitablancoSC-300x438.png\" class=\"attachment-woocommerce_thumbnail size-woocommerce_thumbnail\" alt=\"\" srcset=\"https:\/\/navarrsotillo.com\/wp-content\/uploads\/2016\/03\/antonitablancoSC-300x438.png 300w, https:\/\/navarrsotillo.com\/wp-content\/uploads\/2016\/03\/antonitablancoSC-600x875.png 600w, https:\/\/navarrsotillo.com\/wp-content\/uploads\/2016\/03\/antonitablancoSC-206x300.png 206w, https:\/\/navarrsotillo.com\/wp-content\/uploads\/2016\/03\/antonitablancoSC.png 700w\" sizes=\"auto, (max-width: 300px) 100vw, 300px\" \/><\/div><\/a><div class=\"gg-product-meta-wrapper\"><\/div>\r\n<\/li>\r\n\r\n<li class=\"col-xs-12 col-sm-6 col-md-3 product type-product post-5010 status-publish instock product_cat-antonita-fr product_cat-rose-wines-fr product_tag-red-fr product_tag-wine-fr has-post-thumbnail taxable shipping-taxable purchasable product-type-simple\">\r\n\r\n\t<a href=\"https:\/\/navarrsotillo.com\/fr\/producto\/antonita-rose\/\" class=\"woocommerce-LoopProduct-link woocommerce-loop-product__link\"><h2 class=\"woocommerce-loop-product__title\">Anto\u00f1ita Ros\u00e9<\/h2><div class=\"gg-product-image-wrapper\"><img loading=\"lazy\" decoding=\"async\" width=\"300\" height=\"438\" src=\"https:\/\/navarrsotillo.com\/wp-content\/uploads\/2016\/03\/antonita_rose_SC-300x438.png\" class=\"attachment-woocommerce_thumbnail size-woocommerce_thumbnail\" alt=\"\" srcset=\"https:\/\/navarrsotillo.com\/wp-content\/uploads\/2016\/03\/antonita_rose_SC-300x438.png 300w, https:\/\/navarrsotillo.com\/wp-content\/uploads\/2016\/03\/antonita_rose_SC-600x875.png 600w, https:\/\/navarrsotillo.com\/wp-content\/uploads\/2016\/03\/antonita_rose_SC-206x300.png 206w, https:\/\/navarrsotillo.com\/wp-content\/uploads\/2016\/03\/antonita_rose_SC.png 700w\" sizes=\"auto, (max-width: 300px) 100vw, 300px\" \/><\/div><\/a><div class=\"gg-product-meta-wrapper\"><\/div>\r\n<\/li>\r\n\r\n<li class=\"col-xs-12 col-sm-6 col-md-3 product type-product post-5016 status-publish last instock product_cat-antonita-fr product_cat-white-wines-fr has-post-thumbnail taxable shipping-taxable purchasable product-type-simple\">\r\n\r\n\t<a href=\"https:\/\/navarrsotillo.com\/fr\/producto\/antonita-tempranillo-crianza\/\" class=\"woocommerce-LoopProduct-link woocommerce-loop-product__link\"><h2 class=\"woocommerce-loop-product__title\">Anto\u00f1ita Tempranillo Crianza<\/h2><div class=\"gg-product-image-wrapper\"><img loading=\"lazy\" decoding=\"async\" width=\"300\" height=\"438\" src=\"https:\/\/navarrsotillo.com\/wp-content\/uploads\/2017\/10\/ANTO-CRIANZA-300x438.png\" class=\"attachment-woocommerce_thumbnail size-woocommerce_thumbnail\" alt=\"\" srcset=\"https:\/\/navarrsotillo.com\/wp-content\/uploads\/2017\/10\/ANTO-CRIANZA-300x438.png 300w, https:\/\/navarrsotillo.com\/wp-content\/uploads\/2017\/10\/ANTO-CRIANZA-600x875.png 600w, https:\/\/navarrsotillo.com\/wp-content\/uploads\/2017\/10\/ANTO-CRIANZA-206x300.png 206w, https:\/\/navarrsotillo.com\/wp-content\/uploads\/2017\/10\/ANTO-CRIANZA.png 700w\" sizes=\"auto, (max-width: 300px) 100vw, 300px\" \/><\/div><\/a><div class=\"gg-product-meta-wrapper\"><\/div>\r\n<\/li>\r\n<\/ul>\r\n<\/div><\/div>[vc_empty_space height=\u00a0\u00bb15px\u00a0\u00bb][\/vc_column][\/vc_row]<\/p>\n","protected":false},"excerpt":{"rendered":"<p>[vc_row full_width=\u00a0\u00bbstretch_row\u00a0\u00bb][vc_column][vc_column_text] Noemus [\/vc_column_text][vc_empty_space height=\u00a0\u00bb15px\u00a0\u00bb][vc_empty_space height=\u00a0\u00bb15px\u00a0\u00bb][\/vc_column][\/vc_row][vc_row full_width=\u00a0\u00bbstretch_row_content_no_spaces\u00a0\u00bb][vc_column][vc_separator][\/vc_column][\/vc_row][vc_row full_width=\u00a0\u00bbstretch_row\u00a0\u00bb][vc_column][vc_column_text] Magister Bibendi [\/vc_column_text][vc_empty_space height=\u00a0\u00bb15px\u00a0\u00bb][vc_empty_space height=\u00a0\u00bb15px\u00a0\u00bb][\/vc_column][\/vc_row][vc_row full_width=\u00a0\u00bbstretch_row_content_no_spaces\u00a0\u00bb][vc_column][vc_separator][\/vc_column][\/vc_row][vc_row full_width=\u00a0\u00bbstretch_row\u00a0\u00bb][vc_column][vc_column_text] Anto\u00f1ita [\/vc_column_text][vc_empty_space height=\u00a0\u00bb15px\u00a0\u00bb][vc_empty_space height=\u00a0\u00bb15px\u00a0\u00bb][\/vc_column][\/vc_row]<\/p>\n","protected":false},"author":11,"featured_media":0,"parent":5025,"menu_order":0,"comment_status":"closed","ping_status":"closed","template":"","meta":{"footnotes":""},"class_list":["post-5036","page","type-page","status-publish","hentry"],"yoast_head":"<!-- This site is optimized with the Yoast SEO plugin v23.8 - https:\/\/yoast.com\/wordpress\/plugins\/seo\/ -->\n<title>Vins AOC Rioja - Bodegas Navarrsotillo<\/title>\n<meta name=\"description\" content=\"Nuestra secci\u00f3n Vinos DOCa Rioja est\u00e1 compuesta por las marcas (NOEMUS, MAGISTER BIBENDI, ANTO\u00d1ITA).\" \/>\n<meta name=\"robots\" content=\"index, follow, max-snippet:-1, max-image-preview:large, max-video-preview:-1\" \/>\n<link rel=\"canonical\" href=\"https:\/\/navarrsotillo.com\/fr\/vins\/vins-aoc-rioja\/\" \/>\n<meta property=\"og:locale\" content=\"fr_FR\" \/>\n<meta property=\"og:type\" content=\"article\" \/>\n<meta property=\"og:title\" content=\"Vins AOC Rioja - Bodegas Navarrsotillo\" \/>\n<meta property=\"og:description\" content=\"Nuestra secci\u00f3n Vinos DOCa Rioja est\u00e1 compuesta por las marcas (NOEMUS, MAGISTER BIBENDI, ANTO\u00d1ITA).\" \/>\n<meta property=\"og:url\" content=\"https:\/\/navarrsotillo.com\/fr\/vins\/vins-aoc-rioja\/\" \/>\n<meta property=\"og:site_name\" content=\"Bodegas Navarrsotillo\" \/>\n<meta property=\"article:modified_time\" content=\"2021-05-21T10:59:19+00:00\" \/>\n<meta name=\"twitter:card\" content=\"summary_large_image\" \/>\n<meta name=\"twitter:label1\" content=\"Dur\u00e9e de lecture estim\u00e9e\" \/>\n\t<meta name=\"twitter:data1\" content=\"1 minute\" \/>\n<script type=\"application\/ld+json\" class=\"yoast-schema-graph\">{\"@context\":\"https:\/\/schema.org\",\"@graph\":[{\"@type\":\"WebPage\",\"@id\":\"https:\/\/navarrsotillo.com\/fr\/vins\/vins-aoc-rioja\/\",\"url\":\"https:\/\/navarrsotillo.com\/fr\/vins\/vins-aoc-rioja\/\",\"name\":\"Vins AOC Rioja - Bodegas Navarrsotillo\",\"isPartOf\":{\"@id\":\"https:\/\/navarrsotillo.com\/#website\"},\"datePublished\":\"2021-03-25T17:16:15+00:00\",\"dateModified\":\"2021-05-21T10:59:19+00:00\",\"description\":\"Nuestra secci\u00f3n Vinos DOCa Rioja est\u00e1 compuesta por las marcas (NOEMUS, MAGISTER BIBENDI, ANTO\u00d1ITA).\",\"breadcrumb\":{\"@id\":\"https:\/\/navarrsotillo.com\/fr\/vins\/vins-aoc-rioja\/#breadcrumb\"},\"inLanguage\":\"fr-FR\",\"potentialAction\":[{\"@type\":\"ReadAction\",\"target\":[\"https:\/\/navarrsotillo.com\/fr\/vins\/vins-aoc-rioja\/\"]}]},{\"@type\":\"BreadcrumbList\",\"@id\":\"https:\/\/navarrsotillo.com\/fr\/vins\/vins-aoc-rioja\/#breadcrumb\",\"itemListElement\":[{\"@type\":\"ListItem\",\"position\":1,\"name\":\"Portada\",\"item\":\"https:\/\/navarrsotillo.com\/fr\/\"},{\"@type\":\"ListItem\",\"position\":2,\"name\":\"Vins\",\"item\":\"https:\/\/navarrsotillo.com\/fr\/vins\/\"},{\"@type\":\"ListItem\",\"position\":3,\"name\":\"Vins AOC Rioja\"}]},{\"@type\":\"WebSite\",\"@id\":\"https:\/\/navarrsotillo.com\/#website\",\"url\":\"https:\/\/navarrsotillo.com\/\",\"name\":\"Bodegas Navarrsotillo\",\"description\":\"Vinos ecol\u00f3gicos de Rioja\",\"potentialAction\":[{\"@type\":\"SearchAction\",\"target\":{\"@type\":\"EntryPoint\",\"urlTemplate\":\"https:\/\/navarrsotillo.com\/?s={search_term_string}\"},\"query-input\":{\"@type\":\"PropertyValueSpecification\",\"valueRequired\":true,\"valueName\":\"search_term_string\"}}],\"inLanguage\":\"fr-FR\"}]}<\/script>\n<!-- \/ Yoast SEO plugin. -->","yoast_head_json":{"title":"Vins AOC Rioja - Bodegas Navarrsotillo","description":"Nuestra secci\u00f3n Vinos DOCa Rioja est\u00e1 compuesta por las marcas (NOEMUS, MAGISTER BIBENDI, ANTO\u00d1ITA).","robots":{"index":"index","follow":"follow","max-snippet":"max-snippet:-1","max-image-preview":"max-image-preview:large","max-video-preview":"max-video-preview:-1"},"canonical":"https:\/\/navarrsotillo.com\/fr\/vins\/vins-aoc-rioja\/","og_locale":"fr_FR","og_type":"article","og_title":"Vins AOC Rioja - Bodegas Navarrsotillo","og_description":"Nuestra secci\u00f3n Vinos DOCa Rioja est\u00e1 compuesta por las marcas (NOEMUS, MAGISTER BIBENDI, ANTO\u00d1ITA).","og_url":"https:\/\/navarrsotillo.com\/fr\/vins\/vins-aoc-rioja\/","og_site_name":"Bodegas Navarrsotillo","article_modified_time":"2021-05-21T10:59:19+00:00","twitter_card":"summary_large_image","twitter_misc":{"Dur\u00e9e de lecture estim\u00e9e":"1 minute"},"schema":{"@context":"https:\/\/schema.org","@graph":[{"@type":"WebPage","@id":"https:\/\/navarrsotillo.com\/fr\/vins\/vins-aoc-rioja\/","url":"https:\/\/navarrsotillo.com\/fr\/vins\/vins-aoc-rioja\/","name":"Vins AOC Rioja - Bodegas Navarrsotillo","isPartOf":{"@id":"https:\/\/navarrsotillo.com\/#website"},"datePublished":"2021-03-25T17:16:15+00:00","dateModified":"2021-05-21T10:59:19+00:00","description":"Nuestra secci\u00f3n Vinos DOCa Rioja est\u00e1 compuesta por las marcas (NOEMUS, MAGISTER BIBENDI, ANTO\u00d1ITA).","breadcrumb":{"@id":"https:\/\/navarrsotillo.com\/fr\/vins\/vins-aoc-rioja\/#breadcrumb"},"inLanguage":"fr-FR","potentialAction":[{"@type":"ReadAction","target":["https:\/\/navarrsotillo.com\/fr\/vins\/vins-aoc-rioja\/"]}]},{"@type":"BreadcrumbList","@id":"https:\/\/navarrsotillo.com\/fr\/vins\/vins-aoc-rioja\/#breadcrumb","itemListElement":[{"@type":"ListItem","position":1,"name":"Portada","item":"https:\/\/navarrsotillo.com\/fr\/"},{"@type":"ListItem","position":2,"name":"Vins","item":"https:\/\/navarrsotillo.com\/fr\/vins\/"},{"@type":"ListItem","position":3,"name":"Vins AOC Rioja"}]},{"@type":"WebSite","@id":"https:\/\/navarrsotillo.com\/#website","url":"https:\/\/navarrsotillo.com\/","name":"Bodegas Navarrsotillo","description":"Vinos ecol\u00f3gicos de Rioja","potentialAction":[{"@type":"SearchAction","target":{"@type":"EntryPoint","urlTemplate":"https:\/\/navarrsotillo.com\/?s={search_term_string}"},"query-input":{"@type":"PropertyValueSpecification","valueRequired":true,"valueName":"search_term_string"}}],"inLanguage":"fr-FR"}]}},"_links":{"self":[{"href":"https:\/\/navarrsotillo.com\/fr\/wp-json\/wp\/v2\/pages\/5036","targetHints":{"allow":["GET"]}}],"collection":[{"href":"https:\/\/navarrsotillo.com\/fr\/wp-json\/wp\/v2\/pages"}],"about":[{"href":"https:\/\/navarrsotillo.com\/fr\/wp-json\/wp\/v2\/types\/page"}],"author":[{"embeddable":true,"href":"https:\/\/navarrsotillo.com\/fr\/wp-json\/wp\/v2\/users\/11"}],"replies":[{"embeddable":true,"href":"https:\/\/navarrsotillo.com\/fr\/wp-json\/wp\/v2\/comments?post=5036"}],"version-history":[{"count":4,"href":"https:\/\/navarrsotillo.com\/fr\/wp-json\/wp\/v2\/pages\/5036\/revisions"}],"predecessor-version":[{"id":5042,"href":"https:\/\/navarrsotillo.com\/fr\/wp-json\/wp\/v2\/pages\/5036\/revisions\/5042"}],"up":[{"embeddable":true,"href":"https:\/\/navarrsotillo.com\/fr\/wp-json\/wp\/v2\/pages\/5025"}],"wp:attachment":[{"href":"https:\/\/navarrsotillo.com\/fr\/wp-json\/wp\/v2\/media?parent=5036"}],"curies":[{"name":"wp","href":"https:\/\/api.w.org\/{rel}","templated":true}]}}