{"id":4967,"date":"2016-03-27T16:13:09","date_gmt":"2016-03-27T16:13:09","guid":{"rendered":"https:\/\/navarrsotillo.com\/producto\/noemus-blanco\/"},"modified":"2021-07-07T10:40:45","modified_gmt":"2021-07-07T10:40:45","slug":"noemus-blanc","status":"publish","type":"product","link":"https:\/\/navarrsotillo.com\/fr\/producto\/noemus-blanc\/","title":{"rendered":"Noemus Blanc"},"content":{"rendered":"","protected":false},"excerpt":{"rendered":"<p style=\"text-align: justify;\">De couleur jaune paille, avec un fond dor\u00e9e, \u00e9labor\u00e9 \u00e0 partir de raisins Tempranillo Blanc de culture biologique. Au nez, il fait une entr\u00e9e puissante, longue et intense. Il d\u00e9note des ar\u00f4mes de fruits tropicaux compot\u00e9s, ananas et mangue et fond fruit\u00e9 m\u00e9diterran\u00e9en de pommes m\u00fbres. Notes aromatiques de lie, \u00e9tant donn\u00e9 sa mac\u00e9ration sp\u00e9ciale \u00e0 froid.<br \/>\n<a href=\"https:\/\/navarrsotillo.com\/wp-content\/uploads\/2021\/07\/NOEMUS-BLANCO_fr.pdf\" target=\"_blank\" rel=\"noopener\">Fiche Technique<\/a><\/p>\n<p>C\u00e9page: Tempranillo Blanc<\/p>\n","protected":false},"featured_media":4969,"comment_status":"open","ping_status":"closed","template":"","meta":[],"product_cat":[60,65],"product_tag":[],"class_list":{"0":"post-4967","1":"product","2":"type-product","3":"status-publish","4":"has-post-thumbnail","6":"product_cat-noemus-fr","7":"product_cat-white-wines-fr","9":"first","10":"instock","11":"taxable","12":"shipping-taxable","13":"purchasable","14":"product-type-simple"},"yoast_head":"<!-- This site is optimized with the Yoast SEO plugin v23.8 - https:\/\/yoast.com\/wordpress\/plugins\/seo\/ -->\n<title>Noemus Blanc - Bodegas Navarrsotillo<\/title>\n<meta name=\"robots\" content=\"index, follow, max-snippet:-1, max-image-preview:large, max-video-preview:-1\" \/>\n<link rel=\"canonical\" href=\"https:\/\/navarrsotillo.com\/fr\/producto\/noemus-blanc\/\" \/>\n<meta property=\"og:locale\" content=\"fr_FR\" \/>\n<meta property=\"og:type\" content=\"article\" \/>\n<meta property=\"og:title\" content=\"Noemus Blanc - Bodegas Navarrsotillo\" \/>\n<meta property=\"og:description\" content=\"De couleur jaune paille, avec un fond dor\u00e9e, \u00e9labor\u00e9 \u00e0 partir de raisins Tempranillo Blanc de culture biologique. Au nez, il fait une entr\u00e9e puissante, longue et intense. Il d\u00e9note des ar\u00f4mes de fruits tropicaux compot\u00e9s, ananas et mangue et fond fruit\u00e9 m\u00e9diterran\u00e9en de pommes m\u00fbres. Notes aromatiques de lie, \u00e9tant donn\u00e9 sa mac\u00e9ration sp\u00e9ciale \u00e0 froid. Fiche Technique C\u00e9page: Tempranillo Blanc\" \/>\n<meta property=\"og:url\" content=\"https:\/\/navarrsotillo.com\/fr\/producto\/noemus-blanc\/\" \/>\n<meta property=\"og:site_name\" content=\"Bodegas Navarrsotillo\" \/>\n<meta property=\"article:modified_time\" content=\"2021-07-07T10:40:45+00:00\" \/>\n<meta property=\"og:image\" content=\"https:\/\/navarrsotillo.com\/wp-content\/uploads\/2016\/03\/NOEMUSBLANCO123.png\" \/>\n\t<meta property=\"og:image:width\" content=\"700\" \/>\n\t<meta property=\"og:image:height\" content=\"1021\" \/>\n\t<meta property=\"og:image:type\" content=\"image\/png\" \/>\n<meta name=\"twitter:card\" content=\"summary_large_image\" \/>\n<script type=\"application\/ld+json\" class=\"yoast-schema-graph\">{\"@context\":\"https:\/\/schema.org\",\"@graph\":[{\"@type\":\"WebPage\",\"@id\":\"https:\/\/navarrsotillo.com\/fr\/producto\/noemus-blanc\/\",\"url\":\"https:\/\/navarrsotillo.com\/fr\/producto\/noemus-blanc\/\",\"name\":\"Noemus Blanc - Bodegas Navarrsotillo\",\"isPartOf\":{\"@id\":\"https:\/\/navarrsotillo.com\/#website\"},\"primaryImageOfPage\":{\"@id\":\"https:\/\/navarrsotillo.com\/fr\/producto\/noemus-blanc\/#primaryimage\"},\"image\":{\"@id\":\"https:\/\/navarrsotillo.com\/fr\/producto\/noemus-blanc\/#primaryimage\"},\"thumbnailUrl\":\"https:\/\/navarrsotillo.com\/wp-content\/uploads\/2016\/03\/NOEMUSBLANCO123.png\",\"datePublished\":\"2016-03-27T16:13:09+00:00\",\"dateModified\":\"2021-07-07T10:40:45+00:00\",\"breadcrumb\":{\"@id\":\"https:\/\/navarrsotillo.com\/fr\/producto\/noemus-blanc\/#breadcrumb\"},\"inLanguage\":\"fr-FR\",\"potentialAction\":[{\"@type\":\"ReadAction\",\"target\":[\"https:\/\/navarrsotillo.com\/fr\/producto\/noemus-blanc\/\"]}]},{\"@type\":\"ImageObject\",\"inLanguage\":\"fr-FR\",\"@id\":\"https:\/\/navarrsotillo.com\/fr\/producto\/noemus-blanc\/#primaryimage\",\"url\":\"https:\/\/navarrsotillo.com\/wp-content\/uploads\/2016\/03\/NOEMUSBLANCO123.png\",\"contentUrl\":\"https:\/\/navarrsotillo.com\/wp-content\/uploads\/2016\/03\/NOEMUSBLANCO123.png\",\"width\":700,\"height\":1021},{\"@type\":\"BreadcrumbList\",\"@id\":\"https:\/\/navarrsotillo.com\/fr\/producto\/noemus-blanc\/#breadcrumb\",\"itemListElement\":[{\"@type\":\"ListItem\",\"position\":1,\"name\":\"Portada\",\"item\":\"https:\/\/navarrsotillo.com\/fr\/\"},{\"@type\":\"ListItem\",\"position\":2,\"name\":\"Vinos\",\"item\":\"https:\/\/navarrsotillo.com\/wines\/\"},{\"@type\":\"ListItem\",\"position\":3,\"name\":\"Noemus Blanc\"}]},{\"@type\":\"WebSite\",\"@id\":\"https:\/\/navarrsotillo.com\/#website\",\"url\":\"https:\/\/navarrsotillo.com\/\",\"name\":\"Bodegas Navarrsotillo\",\"description\":\"Vinos ecol\u00f3gicos de Rioja\",\"potentialAction\":[{\"@type\":\"SearchAction\",\"target\":{\"@type\":\"EntryPoint\",\"urlTemplate\":\"https:\/\/navarrsotillo.com\/?s={search_term_string}\"},\"query-input\":{\"@type\":\"PropertyValueSpecification\",\"valueRequired\":true,\"valueName\":\"search_term_string\"}}],\"inLanguage\":\"fr-FR\"}]}<\/script>\n<!-- \/ Yoast SEO plugin. -->","yoast_head_json":{"title":"Noemus Blanc - Bodegas Navarrsotillo","robots":{"index":"index","follow":"follow","max-snippet":"max-snippet:-1","max-image-preview":"max-image-preview:large","max-video-preview":"max-video-preview:-1"},"canonical":"https:\/\/navarrsotillo.com\/fr\/producto\/noemus-blanc\/","og_locale":"fr_FR","og_type":"article","og_title":"Noemus Blanc - Bodegas Navarrsotillo","og_description":"De couleur jaune paille, avec un fond dor\u00e9e, \u00e9labor\u00e9 \u00e0 partir de raisins Tempranillo Blanc de culture biologique. Au nez, il fait une entr\u00e9e puissante, longue et intense. Il d\u00e9note des ar\u00f4mes de fruits tropicaux compot\u00e9s, ananas et mangue et fond fruit\u00e9 m\u00e9diterran\u00e9en de pommes m\u00fbres. Notes aromatiques de lie, \u00e9tant donn\u00e9 sa mac\u00e9ration sp\u00e9ciale \u00e0 froid. Fiche Technique C\u00e9page: Tempranillo Blanc","og_url":"https:\/\/navarrsotillo.com\/fr\/producto\/noemus-blanc\/","og_site_name":"Bodegas Navarrsotillo","article_modified_time":"2021-07-07T10:40:45+00:00","og_image":[{"width":700,"height":1021,"url":"https:\/\/navarrsotillo.com\/wp-content\/uploads\/2016\/03\/NOEMUSBLANCO123.png","type":"image\/png"}],"twitter_card":"summary_large_image","schema":{"@context":"https:\/\/schema.org","@graph":[{"@type":"WebPage","@id":"https:\/\/navarrsotillo.com\/fr\/producto\/noemus-blanc\/","url":"https:\/\/navarrsotillo.com\/fr\/producto\/noemus-blanc\/","name":"Noemus Blanc - Bodegas Navarrsotillo","isPartOf":{"@id":"https:\/\/navarrsotillo.com\/#website"},"primaryImageOfPage":{"@id":"https:\/\/navarrsotillo.com\/fr\/producto\/noemus-blanc\/#primaryimage"},"image":{"@id":"https:\/\/navarrsotillo.com\/fr\/producto\/noemus-blanc\/#primaryimage"},"thumbnailUrl":"https:\/\/navarrsotillo.com\/wp-content\/uploads\/2016\/03\/NOEMUSBLANCO123.png","datePublished":"2016-03-27T16:13:09+00:00","dateModified":"2021-07-07T10:40:45+00:00","breadcrumb":{"@id":"https:\/\/navarrsotillo.com\/fr\/producto\/noemus-blanc\/#breadcrumb"},"inLanguage":"fr-FR","potentialAction":[{"@type":"ReadAction","target":["https:\/\/navarrsotillo.com\/fr\/producto\/noemus-blanc\/"]}]},{"@type":"ImageObject","inLanguage":"fr-FR","@id":"https:\/\/navarrsotillo.com\/fr\/producto\/noemus-blanc\/#primaryimage","url":"https:\/\/navarrsotillo.com\/wp-content\/uploads\/2016\/03\/NOEMUSBLANCO123.png","contentUrl":"https:\/\/navarrsotillo.com\/wp-content\/uploads\/2016\/03\/NOEMUSBLANCO123.png","width":700,"height":1021},{"@type":"BreadcrumbList","@id":"https:\/\/navarrsotillo.com\/fr\/producto\/noemus-blanc\/#breadcrumb","itemListElement":[{"@type":"ListItem","position":1,"name":"Portada","item":"https:\/\/navarrsotillo.com\/fr\/"},{"@type":"ListItem","position":2,"name":"Vinos","item":"https:\/\/navarrsotillo.com\/wines\/"},{"@type":"ListItem","position":3,"name":"Noemus Blanc"}]},{"@type":"WebSite","@id":"https:\/\/navarrsotillo.com\/#website","url":"https:\/\/navarrsotillo.com\/","name":"Bodegas Navarrsotillo","description":"Vinos ecol\u00f3gicos de Rioja","potentialAction":[{"@type":"SearchAction","target":{"@type":"EntryPoint","urlTemplate":"https:\/\/navarrsotillo.com\/?s={search_term_string}"},"query-input":{"@type":"PropertyValueSpecification","valueRequired":true,"valueName":"search_term_string"}}],"inLanguage":"fr-FR"}]}},"_links":{"self":[{"href":"https:\/\/navarrsotillo.com\/fr\/wp-json\/wp\/v2\/product\/4967","targetHints":{"allow":["GET"]}}],"collection":[{"href":"https:\/\/navarrsotillo.com\/fr\/wp-json\/wp\/v2\/product"}],"about":[{"href":"https:\/\/navarrsotillo.com\/fr\/wp-json\/wp\/v2\/types\/product"}],"replies":[{"embeddable":true,"href":"https:\/\/navarrsotillo.com\/fr\/wp-json\/wp\/v2\/comments?post=4967"}],"wp:featuredmedia":[{"embeddable":true,"href":"https:\/\/navarrsotillo.com\/fr\/wp-json\/wp\/v2\/media\/4969"}],"wp:attachment":[{"href":"https:\/\/navarrsotillo.com\/fr\/wp-json\/wp\/v2\/media?parent=4967"}],"wp:term":[{"taxonomy":"product_cat","embeddable":true,"href":"https:\/\/navarrsotillo.com\/fr\/wp-json\/wp\/v2\/product_cat?post=4967"},{"taxonomy":"product_tag","embeddable":true,"href":"https:\/\/navarrsotillo.com\/fr\/wp-json\/wp\/v2\/product_tag?post=4967"}],"curies":[{"name":"wp","href":"https:\/\/api.w.org\/{rel}","templated":true}]}}