{"id":4975,"date":"2016-03-27T16:09:35","date_gmt":"2016-03-27T16:09:35","guid":{"rendered":"https:\/\/navarrsotillo.com\/producto\/noemus-rosado\/"},"modified":"2021-07-07T10:41:16","modified_gmt":"2021-07-07T10:41:16","slug":"noemus-rosado","status":"publish","type":"product","link":"https:\/\/navarrsotillo.com\/fr\/producto\/noemus-rosado\/","title":{"rendered":"Noemus Rosado"},"content":{"rendered":"","protected":false},"excerpt":{"rendered":"<p>Grenache Noir<\/p>\n<p style=\"text-align: justify;\">Ce vin a \u00e9t\u00e9 \u00e9labor\u00e9 \u00e0 partir de raisins du c\u00e9page Grenage Noir, cultiv\u00e9s biologiquement par la technique de \u00ab saign\u00e9e par son propre poids \u00bb. Mac\u00e9r\u00e9 pendant 24 heures, le vin a subi une proc\u00e9dure de refroidissement \u00e0 environ 13\u00baC avant le d\u00e9bourbage. La fermentation a \u00e9t\u00e9 effectu\u00e9e pendant 15 jours \u00e0 temp\u00e9rature contr\u00f4l\u00e9e, afin que le vin conserve tous ses ar\u00f4mes fruit\u00e9s et sa couleur.<\/p>\n<p><a href=\"https:\/\/navarrsotillo.com\/wp-content\/uploads\/2021\/07\/NOEMUS-ROSADO_fr.pdf\" target=\"_blank\" rel=\"noopener\">Fiche Technique<\/a><\/p>\n<p>C\u00e9page: Grenache Noir<\/p>\n","protected":false},"featured_media":4977,"comment_status":"open","ping_status":"closed","template":"","meta":[],"product_cat":[60,64],"product_tag":[],"class_list":{"0":"post-4975","1":"product","2":"type-product","3":"status-publish","4":"has-post-thumbnail","6":"product_cat-noemus-fr","7":"product_cat-rose-wines-fr","9":"first","10":"instock","11":"taxable","12":"shipping-taxable","13":"purchasable","14":"product-type-simple"},"yoast_head":"<!-- This site is optimized with the Yoast SEO plugin v23.8 - https:\/\/yoast.com\/wordpress\/plugins\/seo\/ -->\n<title>Noemus Rosado - Bodegas Navarrsotillo<\/title>\n<meta name=\"robots\" content=\"index, follow, max-snippet:-1, max-image-preview:large, max-video-preview:-1\" \/>\n<link rel=\"canonical\" href=\"https:\/\/navarrsotillo.com\/fr\/producto\/noemus-rosado\/\" \/>\n<meta property=\"og:locale\" content=\"fr_FR\" \/>\n<meta property=\"og:type\" content=\"article\" \/>\n<meta property=\"og:title\" content=\"Noemus Rosado - Bodegas Navarrsotillo\" \/>\n<meta property=\"og:description\" content=\"Grenache Noir Ce vin a \u00e9t\u00e9 \u00e9labor\u00e9 \u00e0 partir de raisins du c\u00e9page Grenage Noir, cultiv\u00e9s biologiquement par la technique de \u00ab saign\u00e9e par son propre poids \u00bb. Mac\u00e9r\u00e9 pendant 24 heures, le vin a subi une proc\u00e9dure de refroidissement \u00e0 environ 13\u00baC avant le d\u00e9bourbage. La fermentation a \u00e9t\u00e9 effectu\u00e9e pendant 15 jours \u00e0 temp\u00e9rature contr\u00f4l\u00e9e, afin que le vin conserve tous ses ar\u00f4mes fruit\u00e9s et sa couleur. Fiche Technique  C\u00e9page: Grenache Noir\" \/>\n<meta property=\"og:url\" content=\"https:\/\/navarrsotillo.com\/fr\/producto\/noemus-rosado\/\" \/>\n<meta property=\"og:site_name\" content=\"Bodegas Navarrsotillo\" \/>\n<meta property=\"article:modified_time\" content=\"2021-07-07T10:41:16+00:00\" \/>\n<meta property=\"og:image\" content=\"https:\/\/navarrsotillo.com\/wp-content\/uploads\/2016\/03\/NOEMUS_ROSADO_SC.png\" \/>\n\t<meta property=\"og:image:width\" content=\"700\" \/>\n\t<meta property=\"og:image:height\" content=\"1021\" \/>\n\t<meta property=\"og:image:type\" content=\"image\/png\" \/>\n<meta name=\"twitter:card\" content=\"summary_large_image\" \/>\n<script type=\"application\/ld+json\" class=\"yoast-schema-graph\">{\"@context\":\"https:\/\/schema.org\",\"@graph\":[{\"@type\":\"WebPage\",\"@id\":\"https:\/\/navarrsotillo.com\/fr\/producto\/noemus-rosado\/\",\"url\":\"https:\/\/navarrsotillo.com\/fr\/producto\/noemus-rosado\/\",\"name\":\"Noemus Rosado - Bodegas Navarrsotillo\",\"isPartOf\":{\"@id\":\"https:\/\/navarrsotillo.com\/#website\"},\"primaryImageOfPage\":{\"@id\":\"https:\/\/navarrsotillo.com\/fr\/producto\/noemus-rosado\/#primaryimage\"},\"image\":{\"@id\":\"https:\/\/navarrsotillo.com\/fr\/producto\/noemus-rosado\/#primaryimage\"},\"thumbnailUrl\":\"https:\/\/navarrsotillo.com\/wp-content\/uploads\/2016\/03\/NOEMUS_ROSADO_SC.png\",\"datePublished\":\"2016-03-27T16:09:35+00:00\",\"dateModified\":\"2021-07-07T10:41:16+00:00\",\"breadcrumb\":{\"@id\":\"https:\/\/navarrsotillo.com\/fr\/producto\/noemus-rosado\/#breadcrumb\"},\"inLanguage\":\"fr-FR\",\"potentialAction\":[{\"@type\":\"ReadAction\",\"target\":[\"https:\/\/navarrsotillo.com\/fr\/producto\/noemus-rosado\/\"]}]},{\"@type\":\"ImageObject\",\"inLanguage\":\"fr-FR\",\"@id\":\"https:\/\/navarrsotillo.com\/fr\/producto\/noemus-rosado\/#primaryimage\",\"url\":\"https:\/\/navarrsotillo.com\/wp-content\/uploads\/2016\/03\/NOEMUS_ROSADO_SC.png\",\"contentUrl\":\"https:\/\/navarrsotillo.com\/wp-content\/uploads\/2016\/03\/NOEMUS_ROSADO_SC.png\",\"width\":700,\"height\":1021},{\"@type\":\"BreadcrumbList\",\"@id\":\"https:\/\/navarrsotillo.com\/fr\/producto\/noemus-rosado\/#breadcrumb\",\"itemListElement\":[{\"@type\":\"ListItem\",\"position\":1,\"name\":\"Portada\",\"item\":\"https:\/\/navarrsotillo.com\/fr\/\"},{\"@type\":\"ListItem\",\"position\":2,\"name\":\"Vinos\",\"item\":\"https:\/\/navarrsotillo.com\/wines\/\"},{\"@type\":\"ListItem\",\"position\":3,\"name\":\"Noemus Rosado\"}]},{\"@type\":\"WebSite\",\"@id\":\"https:\/\/navarrsotillo.com\/#website\",\"url\":\"https:\/\/navarrsotillo.com\/\",\"name\":\"Bodegas Navarrsotillo\",\"description\":\"Vinos ecol\u00f3gicos de Rioja\",\"potentialAction\":[{\"@type\":\"SearchAction\",\"target\":{\"@type\":\"EntryPoint\",\"urlTemplate\":\"https:\/\/navarrsotillo.com\/?s={search_term_string}\"},\"query-input\":{\"@type\":\"PropertyValueSpecification\",\"valueRequired\":true,\"valueName\":\"search_term_string\"}}],\"inLanguage\":\"fr-FR\"}]}<\/script>\n<!-- \/ Yoast SEO plugin. -->","yoast_head_json":{"title":"Noemus Rosado - Bodegas Navarrsotillo","robots":{"index":"index","follow":"follow","max-snippet":"max-snippet:-1","max-image-preview":"max-image-preview:large","max-video-preview":"max-video-preview:-1"},"canonical":"https:\/\/navarrsotillo.com\/fr\/producto\/noemus-rosado\/","og_locale":"fr_FR","og_type":"article","og_title":"Noemus Rosado - Bodegas Navarrsotillo","og_description":"Grenache Noir Ce vin a \u00e9t\u00e9 \u00e9labor\u00e9 \u00e0 partir de raisins du c\u00e9page Grenage Noir, cultiv\u00e9s biologiquement par la technique de \u00ab saign\u00e9e par son propre poids \u00bb. Mac\u00e9r\u00e9 pendant 24 heures, le vin a subi une proc\u00e9dure de refroidissement \u00e0 environ 13\u00baC avant le d\u00e9bourbage. La fermentation a \u00e9t\u00e9 effectu\u00e9e pendant 15 jours \u00e0 temp\u00e9rature contr\u00f4l\u00e9e, afin que le vin conserve tous ses ar\u00f4mes fruit\u00e9s et sa couleur. Fiche Technique  C\u00e9page: Grenache Noir","og_url":"https:\/\/navarrsotillo.com\/fr\/producto\/noemus-rosado\/","og_site_name":"Bodegas Navarrsotillo","article_modified_time":"2021-07-07T10:41:16+00:00","og_image":[{"width":700,"height":1021,"url":"https:\/\/navarrsotillo.com\/wp-content\/uploads\/2016\/03\/NOEMUS_ROSADO_SC.png","type":"image\/png"}],"twitter_card":"summary_large_image","schema":{"@context":"https:\/\/schema.org","@graph":[{"@type":"WebPage","@id":"https:\/\/navarrsotillo.com\/fr\/producto\/noemus-rosado\/","url":"https:\/\/navarrsotillo.com\/fr\/producto\/noemus-rosado\/","name":"Noemus Rosado - Bodegas Navarrsotillo","isPartOf":{"@id":"https:\/\/navarrsotillo.com\/#website"},"primaryImageOfPage":{"@id":"https:\/\/navarrsotillo.com\/fr\/producto\/noemus-rosado\/#primaryimage"},"image":{"@id":"https:\/\/navarrsotillo.com\/fr\/producto\/noemus-rosado\/#primaryimage"},"thumbnailUrl":"https:\/\/navarrsotillo.com\/wp-content\/uploads\/2016\/03\/NOEMUS_ROSADO_SC.png","datePublished":"2016-03-27T16:09:35+00:00","dateModified":"2021-07-07T10:41:16+00:00","breadcrumb":{"@id":"https:\/\/navarrsotillo.com\/fr\/producto\/noemus-rosado\/#breadcrumb"},"inLanguage":"fr-FR","potentialAction":[{"@type":"ReadAction","target":["https:\/\/navarrsotillo.com\/fr\/producto\/noemus-rosado\/"]}]},{"@type":"ImageObject","inLanguage":"fr-FR","@id":"https:\/\/navarrsotillo.com\/fr\/producto\/noemus-rosado\/#primaryimage","url":"https:\/\/navarrsotillo.com\/wp-content\/uploads\/2016\/03\/NOEMUS_ROSADO_SC.png","contentUrl":"https:\/\/navarrsotillo.com\/wp-content\/uploads\/2016\/03\/NOEMUS_ROSADO_SC.png","width":700,"height":1021},{"@type":"BreadcrumbList","@id":"https:\/\/navarrsotillo.com\/fr\/producto\/noemus-rosado\/#breadcrumb","itemListElement":[{"@type":"ListItem","position":1,"name":"Portada","item":"https:\/\/navarrsotillo.com\/fr\/"},{"@type":"ListItem","position":2,"name":"Vinos","item":"https:\/\/navarrsotillo.com\/wines\/"},{"@type":"ListItem","position":3,"name":"Noemus Rosado"}]},{"@type":"WebSite","@id":"https:\/\/navarrsotillo.com\/#website","url":"https:\/\/navarrsotillo.com\/","name":"Bodegas Navarrsotillo","description":"Vinos ecol\u00f3gicos de Rioja","potentialAction":[{"@type":"SearchAction","target":{"@type":"EntryPoint","urlTemplate":"https:\/\/navarrsotillo.com\/?s={search_term_string}"},"query-input":{"@type":"PropertyValueSpecification","valueRequired":true,"valueName":"search_term_string"}}],"inLanguage":"fr-FR"}]}},"_links":{"self":[{"href":"https:\/\/navarrsotillo.com\/fr\/wp-json\/wp\/v2\/product\/4975","targetHints":{"allow":["GET"]}}],"collection":[{"href":"https:\/\/navarrsotillo.com\/fr\/wp-json\/wp\/v2\/product"}],"about":[{"href":"https:\/\/navarrsotillo.com\/fr\/wp-json\/wp\/v2\/types\/product"}],"replies":[{"embeddable":true,"href":"https:\/\/navarrsotillo.com\/fr\/wp-json\/wp\/v2\/comments?post=4975"}],"wp:featuredmedia":[{"embeddable":true,"href":"https:\/\/navarrsotillo.com\/fr\/wp-json\/wp\/v2\/media\/4977"}],"wp:attachment":[{"href":"https:\/\/navarrsotillo.com\/fr\/wp-json\/wp\/v2\/media?parent=4975"}],"wp:term":[{"taxonomy":"product_cat","embeddable":true,"href":"https:\/\/navarrsotillo.com\/fr\/wp-json\/wp\/v2\/product_cat?post=4975"},{"taxonomy":"product_tag","embeddable":true,"href":"https:\/\/navarrsotillo.com\/fr\/wp-json\/wp\/v2\/product_tag?post=4975"}],"curies":[{"name":"wp","href":"https:\/\/api.w.org\/{rel}","templated":true}]}}