{"id":4980,"date":"2017-07-01T15:44:40","date_gmt":"2017-07-01T15:44:40","guid":{"rendered":"https:\/\/navarrsotillo.com\/producto\/magister-bibendi-tempranillo-crianza\/"},"modified":"2021-07-07T10:38:14","modified_gmt":"2021-07-07T10:38:14","slug":"magister-bibendi-tempranillo-crianza","status":"publish","type":"product","link":"https:\/\/navarrsotillo.com\/fr\/producto\/magister-bibendi-tempranillo-crianza\/","title":{"rendered":"Magister Bibendi Tempranillo Crianza"},"content":{"rendered":"","protected":false},"excerpt":{"rendered":"<p style=\"text-align: justify;\">Ce vin est le r\u00e9sultat d\u2019une s\u00e9lection rigoureuse de nos raisins certifi\u00e9s biologiques, d\u2019un excellent coupage et d\u2019un vieillissement patient de 12 mois en f\u00fbts en ch\u00eane am\u00e9ricain et fran\u00e7ais. Ensuite, le vin m\u00fbrit dans la bouteille \u00e0 une temp\u00e9rature constante. Il pr\u00e9sente une belle couleur rouge rubis. Son ar\u00f4me de fruits rouges m\u00fbrs avec un fond de cannelle et d\u2019\u00e9pices forme un mariage id\u00e9al avec le bois.<\/p>\n<p><a href=\"https:\/\/navarrsotillo.com\/wp-content\/uploads\/2021\/07\/MAGISTER-BIBENDI-CRIANZA-TEMPRANILLO_fr.pdf\" target=\"_blank\" rel=\"noopener\"> Fiche Technique<\/a><\/p>\n<p>C\u00e9page: Tempranillo Noir<\/p>\n","protected":false},"featured_media":4982,"comment_status":"open","ping_status":"closed","template":"","meta":[],"product_cat":[66,61],"product_tag":[62,63],"class_list":{"0":"post-4980","1":"product","2":"type-product","3":"status-publish","4":"has-post-thumbnail","6":"product_cat-magister-fr","7":"product_cat-red-wines-fr","8":"product_tag-red-fr","9":"product_tag-wine-fr","11":"first","12":"instock","13":"taxable","14":"shipping-taxable","15":"purchasable","16":"product-type-simple"},"yoast_head":"<!-- This site is optimized with the Yoast SEO plugin v23.8 - https:\/\/yoast.com\/wordpress\/plugins\/seo\/ -->\n<title>Magister Bibendi Tempranillo Crianza - Bodegas Navarrsotillo<\/title>\n<meta name=\"robots\" content=\"index, follow, max-snippet:-1, max-image-preview:large, max-video-preview:-1\" \/>\n<link rel=\"canonical\" href=\"https:\/\/navarrsotillo.com\/fr\/producto\/magister-bibendi-tempranillo-crianza\/\" \/>\n<meta property=\"og:locale\" content=\"fr_FR\" \/>\n<meta property=\"og:type\" content=\"article\" \/>\n<meta property=\"og:title\" content=\"Magister Bibendi Tempranillo Crianza - Bodegas Navarrsotillo\" \/>\n<meta property=\"og:description\" content=\"Ce vin est le r\u00e9sultat d\u2019une s\u00e9lection rigoureuse de nos raisins certifi\u00e9s biologiques, d\u2019un excellent coupage et d\u2019un vieillissement patient de 12 mois en f\u00fbts en ch\u00eane am\u00e9ricain et fran\u00e7ais. Ensuite, le vin m\u00fbrit dans la bouteille \u00e0 une temp\u00e9rature constante. Il pr\u00e9sente une belle couleur rouge rubis. Son ar\u00f4me de fruits rouges m\u00fbrs avec un fond de cannelle et d\u2019\u00e9pices forme un mariage id\u00e9al avec le bois.  Fiche Technique  C\u00e9page: Tempranillo Noir\" \/>\n<meta property=\"og:url\" content=\"https:\/\/navarrsotillo.com\/fr\/producto\/magister-bibendi-tempranillo-crianza\/\" \/>\n<meta property=\"og:site_name\" content=\"Bodegas Navarrsotillo\" \/>\n<meta property=\"article:modified_time\" content=\"2021-07-07T10:38:14+00:00\" \/>\n<meta property=\"og:image\" content=\"https:\/\/navarrsotillo.com\/wp-content\/uploads\/2017\/07\/magister_vivendi_tempranilloSC.png\" \/>\n\t<meta property=\"og:image:width\" content=\"700\" \/>\n\t<meta property=\"og:image:height\" content=\"1021\" \/>\n\t<meta property=\"og:image:type\" content=\"image\/png\" \/>\n<meta name=\"twitter:card\" content=\"summary_large_image\" \/>\n<script type=\"application\/ld+json\" class=\"yoast-schema-graph\">{\"@context\":\"https:\/\/schema.org\",\"@graph\":[{\"@type\":\"WebPage\",\"@id\":\"https:\/\/navarrsotillo.com\/fr\/producto\/magister-bibendi-tempranillo-crianza\/\",\"url\":\"https:\/\/navarrsotillo.com\/fr\/producto\/magister-bibendi-tempranillo-crianza\/\",\"name\":\"Magister Bibendi Tempranillo Crianza - Bodegas Navarrsotillo\",\"isPartOf\":{\"@id\":\"https:\/\/navarrsotillo.com\/#website\"},\"primaryImageOfPage\":{\"@id\":\"https:\/\/navarrsotillo.com\/fr\/producto\/magister-bibendi-tempranillo-crianza\/#primaryimage\"},\"image\":{\"@id\":\"https:\/\/navarrsotillo.com\/fr\/producto\/magister-bibendi-tempranillo-crianza\/#primaryimage\"},\"thumbnailUrl\":\"https:\/\/navarrsotillo.com\/wp-content\/uploads\/2017\/07\/magister_vivendi_tempranilloSC.png\",\"datePublished\":\"2017-07-01T15:44:40+00:00\",\"dateModified\":\"2021-07-07T10:38:14+00:00\",\"breadcrumb\":{\"@id\":\"https:\/\/navarrsotillo.com\/fr\/producto\/magister-bibendi-tempranillo-crianza\/#breadcrumb\"},\"inLanguage\":\"fr-FR\",\"potentialAction\":[{\"@type\":\"ReadAction\",\"target\":[\"https:\/\/navarrsotillo.com\/fr\/producto\/magister-bibendi-tempranillo-crianza\/\"]}]},{\"@type\":\"ImageObject\",\"inLanguage\":\"fr-FR\",\"@id\":\"https:\/\/navarrsotillo.com\/fr\/producto\/magister-bibendi-tempranillo-crianza\/#primaryimage\",\"url\":\"https:\/\/navarrsotillo.com\/wp-content\/uploads\/2017\/07\/magister_vivendi_tempranilloSC.png\",\"contentUrl\":\"https:\/\/navarrsotillo.com\/wp-content\/uploads\/2017\/07\/magister_vivendi_tempranilloSC.png\",\"width\":700,\"height\":1021},{\"@type\":\"BreadcrumbList\",\"@id\":\"https:\/\/navarrsotillo.com\/fr\/producto\/magister-bibendi-tempranillo-crianza\/#breadcrumb\",\"itemListElement\":[{\"@type\":\"ListItem\",\"position\":1,\"name\":\"Portada\",\"item\":\"https:\/\/navarrsotillo.com\/fr\/\"},{\"@type\":\"ListItem\",\"position\":2,\"name\":\"Vinos\",\"item\":\"https:\/\/navarrsotillo.com\/wines\/\"},{\"@type\":\"ListItem\",\"position\":3,\"name\":\"Magister Bibendi Tempranillo Crianza\"}]},{\"@type\":\"WebSite\",\"@id\":\"https:\/\/navarrsotillo.com\/#website\",\"url\":\"https:\/\/navarrsotillo.com\/\",\"name\":\"Bodegas Navarrsotillo\",\"description\":\"Vinos ecol\u00f3gicos de Rioja\",\"potentialAction\":[{\"@type\":\"SearchAction\",\"target\":{\"@type\":\"EntryPoint\",\"urlTemplate\":\"https:\/\/navarrsotillo.com\/?s={search_term_string}\"},\"query-input\":{\"@type\":\"PropertyValueSpecification\",\"valueRequired\":true,\"valueName\":\"search_term_string\"}}],\"inLanguage\":\"fr-FR\"}]}<\/script>\n<!-- \/ Yoast SEO plugin. -->","yoast_head_json":{"title":"Magister Bibendi Tempranillo Crianza - Bodegas Navarrsotillo","robots":{"index":"index","follow":"follow","max-snippet":"max-snippet:-1","max-image-preview":"max-image-preview:large","max-video-preview":"max-video-preview:-1"},"canonical":"https:\/\/navarrsotillo.com\/fr\/producto\/magister-bibendi-tempranillo-crianza\/","og_locale":"fr_FR","og_type":"article","og_title":"Magister Bibendi Tempranillo Crianza - Bodegas Navarrsotillo","og_description":"Ce vin est le r\u00e9sultat d\u2019une s\u00e9lection rigoureuse de nos raisins certifi\u00e9s biologiques, d\u2019un excellent coupage et d\u2019un vieillissement patient de 12 mois en f\u00fbts en ch\u00eane am\u00e9ricain et fran\u00e7ais. Ensuite, le vin m\u00fbrit dans la bouteille \u00e0 une temp\u00e9rature constante. Il pr\u00e9sente une belle couleur rouge rubis. Son ar\u00f4me de fruits rouges m\u00fbrs avec un fond de cannelle et d\u2019\u00e9pices forme un mariage id\u00e9al avec le bois.  Fiche Technique  C\u00e9page: Tempranillo Noir","og_url":"https:\/\/navarrsotillo.com\/fr\/producto\/magister-bibendi-tempranillo-crianza\/","og_site_name":"Bodegas Navarrsotillo","article_modified_time":"2021-07-07T10:38:14+00:00","og_image":[{"width":700,"height":1021,"url":"https:\/\/navarrsotillo.com\/wp-content\/uploads\/2017\/07\/magister_vivendi_tempranilloSC.png","type":"image\/png"}],"twitter_card":"summary_large_image","schema":{"@context":"https:\/\/schema.org","@graph":[{"@type":"WebPage","@id":"https:\/\/navarrsotillo.com\/fr\/producto\/magister-bibendi-tempranillo-crianza\/","url":"https:\/\/navarrsotillo.com\/fr\/producto\/magister-bibendi-tempranillo-crianza\/","name":"Magister Bibendi Tempranillo Crianza - Bodegas Navarrsotillo","isPartOf":{"@id":"https:\/\/navarrsotillo.com\/#website"},"primaryImageOfPage":{"@id":"https:\/\/navarrsotillo.com\/fr\/producto\/magister-bibendi-tempranillo-crianza\/#primaryimage"},"image":{"@id":"https:\/\/navarrsotillo.com\/fr\/producto\/magister-bibendi-tempranillo-crianza\/#primaryimage"},"thumbnailUrl":"https:\/\/navarrsotillo.com\/wp-content\/uploads\/2017\/07\/magister_vivendi_tempranilloSC.png","datePublished":"2017-07-01T15:44:40+00:00","dateModified":"2021-07-07T10:38:14+00:00","breadcrumb":{"@id":"https:\/\/navarrsotillo.com\/fr\/producto\/magister-bibendi-tempranillo-crianza\/#breadcrumb"},"inLanguage":"fr-FR","potentialAction":[{"@type":"ReadAction","target":["https:\/\/navarrsotillo.com\/fr\/producto\/magister-bibendi-tempranillo-crianza\/"]}]},{"@type":"ImageObject","inLanguage":"fr-FR","@id":"https:\/\/navarrsotillo.com\/fr\/producto\/magister-bibendi-tempranillo-crianza\/#primaryimage","url":"https:\/\/navarrsotillo.com\/wp-content\/uploads\/2017\/07\/magister_vivendi_tempranilloSC.png","contentUrl":"https:\/\/navarrsotillo.com\/wp-content\/uploads\/2017\/07\/magister_vivendi_tempranilloSC.png","width":700,"height":1021},{"@type":"BreadcrumbList","@id":"https:\/\/navarrsotillo.com\/fr\/producto\/magister-bibendi-tempranillo-crianza\/#breadcrumb","itemListElement":[{"@type":"ListItem","position":1,"name":"Portada","item":"https:\/\/navarrsotillo.com\/fr\/"},{"@type":"ListItem","position":2,"name":"Vinos","item":"https:\/\/navarrsotillo.com\/wines\/"},{"@type":"ListItem","position":3,"name":"Magister Bibendi Tempranillo Crianza"}]},{"@type":"WebSite","@id":"https:\/\/navarrsotillo.com\/#website","url":"https:\/\/navarrsotillo.com\/","name":"Bodegas Navarrsotillo","description":"Vinos ecol\u00f3gicos de Rioja","potentialAction":[{"@type":"SearchAction","target":{"@type":"EntryPoint","urlTemplate":"https:\/\/navarrsotillo.com\/?s={search_term_string}"},"query-input":{"@type":"PropertyValueSpecification","valueRequired":true,"valueName":"search_term_string"}}],"inLanguage":"fr-FR"}]}},"_links":{"self":[{"href":"https:\/\/navarrsotillo.com\/fr\/wp-json\/wp\/v2\/product\/4980","targetHints":{"allow":["GET"]}}],"collection":[{"href":"https:\/\/navarrsotillo.com\/fr\/wp-json\/wp\/v2\/product"}],"about":[{"href":"https:\/\/navarrsotillo.com\/fr\/wp-json\/wp\/v2\/types\/product"}],"replies":[{"embeddable":true,"href":"https:\/\/navarrsotillo.com\/fr\/wp-json\/wp\/v2\/comments?post=4980"}],"wp:featuredmedia":[{"embeddable":true,"href":"https:\/\/navarrsotillo.com\/fr\/wp-json\/wp\/v2\/media\/4982"}],"wp:attachment":[{"href":"https:\/\/navarrsotillo.com\/fr\/wp-json\/wp\/v2\/media?parent=4980"}],"wp:term":[{"taxonomy":"product_cat","embeddable":true,"href":"https:\/\/navarrsotillo.com\/fr\/wp-json\/wp\/v2\/product_cat?post=4980"},{"taxonomy":"product_tag","embeddable":true,"href":"https:\/\/navarrsotillo.com\/fr\/wp-json\/wp\/v2\/product_tag?post=4980"}],"curies":[{"name":"wp","href":"https:\/\/api.w.org\/{rel}","templated":true}]}}