{"id":4983,"date":"2017-07-01T14:54:50","date_gmt":"2017-07-01T14:54:50","guid":{"rendered":"https:\/\/navarrsotillo.com\/producto\/magister-bibendi-garnacha-crianza\/"},"modified":"2021-07-07T10:37:34","modified_gmt":"2021-07-07T10:37:34","slug":"magister-bibendi-garnacha-crianza","status":"publish","type":"product","link":"https:\/\/navarrsotillo.com\/fr\/producto\/magister-bibendi-garnacha-crianza\/","title":{"rendered":"Magister Bibendi Garnacha Crianza"},"content":{"rendered":"<p>[vc_row content_placement=\u00a0\u00bbtop\u00a0\u00bb][vc_column][vc_column_text]<strong>PREMIOS:<\/strong><\/p>\n<p><strong>Cosecha 2011:<\/strong><br \/>\nMedalla de Oro Challenge Mill\u00e9sime Bio 2014<br \/>\n<span style=\"text-decoration: underline;\"><span style=\"color: #000000;\"><a style=\"color: #000000; text-decoration: underline;\" href=\"http:\/\/www.decanter.com\/reviews\/rioja\/navarrsotillo-magister-bibendi-garnacha-crianza-2011\/\">93 Puntos Decanter<\/a><\/span><\/span><\/p>\n<p><strong>Cosecha 2012:<\/strong><br \/>\nMedalla de Oro Challenge Mill\u00e9sime Bio 2016[\/vc_column_text][\/vc_column][\/vc_row]<\/p>\n","protected":false},"excerpt":{"rendered":"<p style=\"text-align: justify;\">De couleur rouge cerise, ce vin est le r\u00e9sultat d\u2019un processus artisanal de r\u00e9colte et de vinification, utilisant uniquement nos vieilles vignes de c\u00e9page Grenache Noir, certifi\u00e9es en agriculture biologique. Apr\u00e8s une r\u00e9colte manuelle en caissettes, les raisins sont rigoureusement s\u00e9lectionn\u00e9s pour \u00e9laboration de ce vin. Apr\u00e8s un \u00e9grappage et un faible foulage, le vin mac\u00e8re pendant vingt-cinq jours.<\/p>\n<p><em>NOTE : Notre engagement envers la qualit\u00e9 de nos vins nous fait s\u00e9lectionner les meilleurs mill\u00e9simes uniquement pour vous les proposer.<\/em><\/p>\n<p><a href=\"https:\/\/navarrsotillo.com\/wp-content\/uploads\/2021\/07\/MAGISTER-BIBENDI-CRIANZA-GARNACHA_fr.pdf\" target=\"_blank\" rel=\"noopener\">Fiche Technique<\/a><\/p>\n<p>C\u00e9page: Grenache Noir<\/p>\n","protected":false},"featured_media":4985,"comment_status":"open","ping_status":"closed","template":"","meta":[],"product_cat":[66,61],"product_tag":[62,63],"class_list":{"0":"post-4983","1":"product","2":"type-product","3":"status-publish","4":"has-post-thumbnail","6":"product_cat-magister-fr","7":"product_cat-red-wines-fr","8":"product_tag-red-fr","9":"product_tag-wine-fr","11":"first","12":"instock","13":"taxable","14":"shipping-taxable","15":"purchasable","16":"product-type-simple"},"yoast_head":"<!-- This site is optimized with the Yoast SEO plugin v23.8 - https:\/\/yoast.com\/wordpress\/plugins\/seo\/ -->\n<title>Magister Bibendi Garnacha Crianza - Bodegas Navarrsotillo<\/title>\n<meta name=\"description\" content=\"De couleur rouge cerise, ce vin est le r\u00e9sultat d\u2019un processus artisanal de r\u00e9colte et de vinification, utilisant uniquement nos vieilles\" \/>\n<meta name=\"robots\" content=\"index, follow, max-snippet:-1, max-image-preview:large, max-video-preview:-1\" \/>\n<link rel=\"canonical\" href=\"https:\/\/navarrsotillo.com\/fr\/producto\/magister-bibendi-garnacha-crianza\/\" \/>\n<meta property=\"og:locale\" content=\"fr_FR\" \/>\n<meta property=\"og:type\" content=\"article\" \/>\n<meta property=\"og:title\" content=\"Magister Bibendi Garnacha Crianza - Bodegas Navarrsotillo\" \/>\n<meta property=\"og:description\" content=\"De couleur rouge cerise, ce vin est le r\u00e9sultat d\u2019un processus artisanal de r\u00e9colte et de vinification, utilisant uniquement nos vieilles\" \/>\n<meta property=\"og:url\" content=\"https:\/\/navarrsotillo.com\/fr\/producto\/magister-bibendi-garnacha-crianza\/\" \/>\n<meta property=\"og:site_name\" content=\"Bodegas Navarrsotillo\" \/>\n<meta property=\"article:modified_time\" content=\"2021-07-07T10:37:34+00:00\" \/>\n<meta property=\"og:image\" content=\"https:\/\/navarrsotillo.com\/wp-content\/uploads\/2017\/07\/magister-bibendi-crianza-garnachaSC.png\" \/>\n\t<meta property=\"og:image:width\" content=\"700\" \/>\n\t<meta property=\"og:image:height\" content=\"1021\" \/>\n\t<meta property=\"og:image:type\" content=\"image\/png\" \/>\n<meta name=\"twitter:card\" content=\"summary_large_image\" \/>\n<script type=\"application\/ld+json\" class=\"yoast-schema-graph\">{\"@context\":\"https:\/\/schema.org\",\"@graph\":[{\"@type\":\"WebPage\",\"@id\":\"https:\/\/navarrsotillo.com\/fr\/producto\/magister-bibendi-garnacha-crianza\/\",\"url\":\"https:\/\/navarrsotillo.com\/fr\/producto\/magister-bibendi-garnacha-crianza\/\",\"name\":\"Magister Bibendi Garnacha Crianza - Bodegas Navarrsotillo\",\"isPartOf\":{\"@id\":\"https:\/\/navarrsotillo.com\/#website\"},\"primaryImageOfPage\":{\"@id\":\"https:\/\/navarrsotillo.com\/fr\/producto\/magister-bibendi-garnacha-crianza\/#primaryimage\"},\"image\":{\"@id\":\"https:\/\/navarrsotillo.com\/fr\/producto\/magister-bibendi-garnacha-crianza\/#primaryimage\"},\"thumbnailUrl\":\"https:\/\/navarrsotillo.com\/wp-content\/uploads\/2017\/07\/magister-bibendi-crianza-garnachaSC.png\",\"datePublished\":\"2017-07-01T14:54:50+00:00\",\"dateModified\":\"2021-07-07T10:37:34+00:00\",\"description\":\"De couleur rouge cerise, ce vin est le r\u00e9sultat d\u2019un processus artisanal de r\u00e9colte et de vinification, utilisant uniquement nos vieilles\",\"breadcrumb\":{\"@id\":\"https:\/\/navarrsotillo.com\/fr\/producto\/magister-bibendi-garnacha-crianza\/#breadcrumb\"},\"inLanguage\":\"fr-FR\",\"potentialAction\":[{\"@type\":\"ReadAction\",\"target\":[\"https:\/\/navarrsotillo.com\/fr\/producto\/magister-bibendi-garnacha-crianza\/\"]}]},{\"@type\":\"ImageObject\",\"inLanguage\":\"fr-FR\",\"@id\":\"https:\/\/navarrsotillo.com\/fr\/producto\/magister-bibendi-garnacha-crianza\/#primaryimage\",\"url\":\"https:\/\/navarrsotillo.com\/wp-content\/uploads\/2017\/07\/magister-bibendi-crianza-garnachaSC.png\",\"contentUrl\":\"https:\/\/navarrsotillo.com\/wp-content\/uploads\/2017\/07\/magister-bibendi-crianza-garnachaSC.png\",\"width\":700,\"height\":1021},{\"@type\":\"BreadcrumbList\",\"@id\":\"https:\/\/navarrsotillo.com\/fr\/producto\/magister-bibendi-garnacha-crianza\/#breadcrumb\",\"itemListElement\":[{\"@type\":\"ListItem\",\"position\":1,\"name\":\"Portada\",\"item\":\"https:\/\/navarrsotillo.com\/fr\/\"},{\"@type\":\"ListItem\",\"position\":2,\"name\":\"Vinos\",\"item\":\"https:\/\/navarrsotillo.com\/wines\/\"},{\"@type\":\"ListItem\",\"position\":3,\"name\":\"Magister Bibendi Garnacha Crianza\"}]},{\"@type\":\"WebSite\",\"@id\":\"https:\/\/navarrsotillo.com\/#website\",\"url\":\"https:\/\/navarrsotillo.com\/\",\"name\":\"Bodegas Navarrsotillo\",\"description\":\"Vinos ecol\u00f3gicos de Rioja\",\"potentialAction\":[{\"@type\":\"SearchAction\",\"target\":{\"@type\":\"EntryPoint\",\"urlTemplate\":\"https:\/\/navarrsotillo.com\/?s={search_term_string}\"},\"query-input\":{\"@type\":\"PropertyValueSpecification\",\"valueRequired\":true,\"valueName\":\"search_term_string\"}}],\"inLanguage\":\"fr-FR\"}]}<\/script>\n<!-- \/ Yoast SEO plugin. -->","yoast_head_json":{"title":"Magister Bibendi Garnacha Crianza - Bodegas Navarrsotillo","description":"De couleur rouge cerise, ce vin est le r\u00e9sultat d\u2019un processus artisanal de r\u00e9colte et de vinification, utilisant uniquement nos vieilles","robots":{"index":"index","follow":"follow","max-snippet":"max-snippet:-1","max-image-preview":"max-image-preview:large","max-video-preview":"max-video-preview:-1"},"canonical":"https:\/\/navarrsotillo.com\/fr\/producto\/magister-bibendi-garnacha-crianza\/","og_locale":"fr_FR","og_type":"article","og_title":"Magister Bibendi Garnacha Crianza - Bodegas Navarrsotillo","og_description":"De couleur rouge cerise, ce vin est le r\u00e9sultat d\u2019un processus artisanal de r\u00e9colte et de vinification, utilisant uniquement nos vieilles","og_url":"https:\/\/navarrsotillo.com\/fr\/producto\/magister-bibendi-garnacha-crianza\/","og_site_name":"Bodegas Navarrsotillo","article_modified_time":"2021-07-07T10:37:34+00:00","og_image":[{"width":700,"height":1021,"url":"https:\/\/navarrsotillo.com\/wp-content\/uploads\/2017\/07\/magister-bibendi-crianza-garnachaSC.png","type":"image\/png"}],"twitter_card":"summary_large_image","schema":{"@context":"https:\/\/schema.org","@graph":[{"@type":"WebPage","@id":"https:\/\/navarrsotillo.com\/fr\/producto\/magister-bibendi-garnacha-crianza\/","url":"https:\/\/navarrsotillo.com\/fr\/producto\/magister-bibendi-garnacha-crianza\/","name":"Magister Bibendi Garnacha Crianza - Bodegas Navarrsotillo","isPartOf":{"@id":"https:\/\/navarrsotillo.com\/#website"},"primaryImageOfPage":{"@id":"https:\/\/navarrsotillo.com\/fr\/producto\/magister-bibendi-garnacha-crianza\/#primaryimage"},"image":{"@id":"https:\/\/navarrsotillo.com\/fr\/producto\/magister-bibendi-garnacha-crianza\/#primaryimage"},"thumbnailUrl":"https:\/\/navarrsotillo.com\/wp-content\/uploads\/2017\/07\/magister-bibendi-crianza-garnachaSC.png","datePublished":"2017-07-01T14:54:50+00:00","dateModified":"2021-07-07T10:37:34+00:00","description":"De couleur rouge cerise, ce vin est le r\u00e9sultat d\u2019un processus artisanal de r\u00e9colte et de vinification, utilisant uniquement nos vieilles","breadcrumb":{"@id":"https:\/\/navarrsotillo.com\/fr\/producto\/magister-bibendi-garnacha-crianza\/#breadcrumb"},"inLanguage":"fr-FR","potentialAction":[{"@type":"ReadAction","target":["https:\/\/navarrsotillo.com\/fr\/producto\/magister-bibendi-garnacha-crianza\/"]}]},{"@type":"ImageObject","inLanguage":"fr-FR","@id":"https:\/\/navarrsotillo.com\/fr\/producto\/magister-bibendi-garnacha-crianza\/#primaryimage","url":"https:\/\/navarrsotillo.com\/wp-content\/uploads\/2017\/07\/magister-bibendi-crianza-garnachaSC.png","contentUrl":"https:\/\/navarrsotillo.com\/wp-content\/uploads\/2017\/07\/magister-bibendi-crianza-garnachaSC.png","width":700,"height":1021},{"@type":"BreadcrumbList","@id":"https:\/\/navarrsotillo.com\/fr\/producto\/magister-bibendi-garnacha-crianza\/#breadcrumb","itemListElement":[{"@type":"ListItem","position":1,"name":"Portada","item":"https:\/\/navarrsotillo.com\/fr\/"},{"@type":"ListItem","position":2,"name":"Vinos","item":"https:\/\/navarrsotillo.com\/wines\/"},{"@type":"ListItem","position":3,"name":"Magister Bibendi Garnacha Crianza"}]},{"@type":"WebSite","@id":"https:\/\/navarrsotillo.com\/#website","url":"https:\/\/navarrsotillo.com\/","name":"Bodegas Navarrsotillo","description":"Vinos ecol\u00f3gicos de Rioja","potentialAction":[{"@type":"SearchAction","target":{"@type":"EntryPoint","urlTemplate":"https:\/\/navarrsotillo.com\/?s={search_term_string}"},"query-input":{"@type":"PropertyValueSpecification","valueRequired":true,"valueName":"search_term_string"}}],"inLanguage":"fr-FR"}]}},"_links":{"self":[{"href":"https:\/\/navarrsotillo.com\/fr\/wp-json\/wp\/v2\/product\/4983","targetHints":{"allow":["GET"]}}],"collection":[{"href":"https:\/\/navarrsotillo.com\/fr\/wp-json\/wp\/v2\/product"}],"about":[{"href":"https:\/\/navarrsotillo.com\/fr\/wp-json\/wp\/v2\/types\/product"}],"replies":[{"embeddable":true,"href":"https:\/\/navarrsotillo.com\/fr\/wp-json\/wp\/v2\/comments?post=4983"}],"wp:featuredmedia":[{"embeddable":true,"href":"https:\/\/navarrsotillo.com\/fr\/wp-json\/wp\/v2\/media\/4985"}],"wp:attachment":[{"href":"https:\/\/navarrsotillo.com\/fr\/wp-json\/wp\/v2\/media?parent=4983"}],"wp:term":[{"taxonomy":"product_cat","embeddable":true,"href":"https:\/\/navarrsotillo.com\/fr\/wp-json\/wp\/v2\/product_cat?post=4983"},{"taxonomy":"product_tag","embeddable":true,"href":"https:\/\/navarrsotillo.com\/fr\/wp-json\/wp\/v2\/product_tag?post=4983"}],"curies":[{"name":"wp","href":"https:\/\/api.w.org\/{rel}","templated":true}]}}