{"id":4987,"date":"2017-07-08T08:36:12","date_gmt":"2017-07-08T08:36:12","guid":{"rendered":"https:\/\/navarrsotillo.com\/producto\/magister-bibendi-reserva-tempranillo\/"},"modified":"2021-07-07T10:40:12","modified_gmt":"2021-07-07T10:40:12","slug":"magister-bibendi-reserva-tempranillo","status":"publish","type":"product","link":"https:\/\/navarrsotillo.com\/fr\/producto\/magister-bibendi-reserva-tempranillo\/","title":{"rendered":"Magister Bibendi Tempranillo Reserva"},"content":{"rendered":"","protected":false},"excerpt":{"rendered":"<p style=\"text-align: justify;\">Ce vin a \u00e9t\u00e9 \u00e9labor\u00e9 \u00e0 partir d\u2019une rigoureuse s\u00e9lection des raisins Tempranillo Noir d\u2019agriculture biologique. Apr\u00e8s l\u2019\u00e9grappage, les raisins ont mac\u00e9r\u00e9 pendant trente jours, et puis ils ont \u00e9t\u00e9 l\u00e9g\u00e8rement press\u00e9s. Le vin a \u00e9t\u00e9 \u00e9lev\u00e9 en f\u00fbts de ch\u00eane pendant douze mois, avec soutirage p\u00e9riodique tous les trois mois, et m\u00fbri en bouteille pendant au moins 24 mois suppl\u00e9mentaires avant d\u2019\u00eatre mis sur le march\u00e9. Notre production limit\u00e9e rend le contr\u00f4le de ce vin des plus minutieux.<\/p>\n<p><a href=\"https:\/\/navarrsotillo.com\/wp-content\/uploads\/2021\/07\/MAGISTER-BIBENDI-RESERVA-TEMPRANILLO_fr.pdf\" target=\"_blank\" rel=\"noopener\">Fiche Technique<\/a><\/p>\n<p>C\u00e9page: Tempranillo Noir<\/p>\n","protected":false},"featured_media":4989,"comment_status":"open","ping_status":"closed","template":"","meta":[],"product_cat":[66,61],"product_tag":[62,63],"class_list":{"0":"post-4987","1":"product","2":"type-product","3":"status-publish","4":"has-post-thumbnail","6":"product_cat-magister-fr","7":"product_cat-red-wines-fr","8":"product_tag-red-fr","9":"product_tag-wine-fr","11":"first","12":"instock","13":"taxable","14":"shipping-taxable","15":"purchasable","16":"product-type-simple"},"yoast_head":"<!-- This site is optimized with the Yoast SEO plugin v23.8 - https:\/\/yoast.com\/wordpress\/plugins\/seo\/ -->\n<title>Magister Bibendi Tempranillo Reserva - Bodegas Navarrsotillo<\/title>\n<meta name=\"description\" content=\"Ce vin a \u00e9t\u00e9 \u00e9labor\u00e9 \u00e0 partir d\u2019une rigoureuse s\u00e9lection des raisins Tempranillo Noir d\u2019agriculture biologique.\" \/>\n<meta name=\"robots\" content=\"index, follow, max-snippet:-1, max-image-preview:large, max-video-preview:-1\" \/>\n<link rel=\"canonical\" href=\"https:\/\/navarrsotillo.com\/fr\/producto\/magister-bibendi-reserva-tempranillo\/\" \/>\n<meta property=\"og:locale\" content=\"fr_FR\" \/>\n<meta property=\"og:type\" content=\"article\" \/>\n<meta property=\"og:title\" content=\"Magister Bibendi Tempranillo Reserva - Bodegas Navarrsotillo\" \/>\n<meta property=\"og:description\" content=\"Ce vin a \u00e9t\u00e9 \u00e9labor\u00e9 \u00e0 partir d\u2019une rigoureuse s\u00e9lection des raisins Tempranillo Noir d\u2019agriculture biologique.\" \/>\n<meta property=\"og:url\" content=\"https:\/\/navarrsotillo.com\/fr\/producto\/magister-bibendi-reserva-tempranillo\/\" \/>\n<meta property=\"og:site_name\" content=\"Bodegas Navarrsotillo\" \/>\n<meta property=\"article:modified_time\" content=\"2021-07-07T10:40:12+00:00\" \/>\n<meta property=\"og:image\" content=\"https:\/\/navarrsotillo.com\/wp-content\/uploads\/2017\/07\/bibendi_reserva_tempranilloSC.png\" \/>\n\t<meta property=\"og:image:width\" content=\"700\" \/>\n\t<meta property=\"og:image:height\" content=\"1021\" \/>\n\t<meta property=\"og:image:type\" content=\"image\/png\" \/>\n<meta name=\"twitter:card\" content=\"summary_large_image\" \/>\n<script type=\"application\/ld+json\" class=\"yoast-schema-graph\">{\"@context\":\"https:\/\/schema.org\",\"@graph\":[{\"@type\":\"WebPage\",\"@id\":\"https:\/\/navarrsotillo.com\/fr\/producto\/magister-bibendi-reserva-tempranillo\/\",\"url\":\"https:\/\/navarrsotillo.com\/fr\/producto\/magister-bibendi-reserva-tempranillo\/\",\"name\":\"Magister Bibendi Tempranillo Reserva - Bodegas Navarrsotillo\",\"isPartOf\":{\"@id\":\"https:\/\/navarrsotillo.com\/#website\"},\"primaryImageOfPage\":{\"@id\":\"https:\/\/navarrsotillo.com\/fr\/producto\/magister-bibendi-reserva-tempranillo\/#primaryimage\"},\"image\":{\"@id\":\"https:\/\/navarrsotillo.com\/fr\/producto\/magister-bibendi-reserva-tempranillo\/#primaryimage\"},\"thumbnailUrl\":\"https:\/\/navarrsotillo.com\/wp-content\/uploads\/2017\/07\/bibendi_reserva_tempranilloSC.png\",\"datePublished\":\"2017-07-08T08:36:12+00:00\",\"dateModified\":\"2021-07-07T10:40:12+00:00\",\"description\":\"Ce vin a \u00e9t\u00e9 \u00e9labor\u00e9 \u00e0 partir d\u2019une rigoureuse s\u00e9lection des raisins Tempranillo Noir d\u2019agriculture biologique.\",\"breadcrumb\":{\"@id\":\"https:\/\/navarrsotillo.com\/fr\/producto\/magister-bibendi-reserva-tempranillo\/#breadcrumb\"},\"inLanguage\":\"fr-FR\",\"potentialAction\":[{\"@type\":\"ReadAction\",\"target\":[\"https:\/\/navarrsotillo.com\/fr\/producto\/magister-bibendi-reserva-tempranillo\/\"]}]},{\"@type\":\"ImageObject\",\"inLanguage\":\"fr-FR\",\"@id\":\"https:\/\/navarrsotillo.com\/fr\/producto\/magister-bibendi-reserva-tempranillo\/#primaryimage\",\"url\":\"https:\/\/navarrsotillo.com\/wp-content\/uploads\/2017\/07\/bibendi_reserva_tempranilloSC.png\",\"contentUrl\":\"https:\/\/navarrsotillo.com\/wp-content\/uploads\/2017\/07\/bibendi_reserva_tempranilloSC.png\",\"width\":700,\"height\":1021},{\"@type\":\"BreadcrumbList\",\"@id\":\"https:\/\/navarrsotillo.com\/fr\/producto\/magister-bibendi-reserva-tempranillo\/#breadcrumb\",\"itemListElement\":[{\"@type\":\"ListItem\",\"position\":1,\"name\":\"Portada\",\"item\":\"https:\/\/navarrsotillo.com\/fr\/\"},{\"@type\":\"ListItem\",\"position\":2,\"name\":\"Vinos\",\"item\":\"https:\/\/navarrsotillo.com\/wines\/\"},{\"@type\":\"ListItem\",\"position\":3,\"name\":\"Magister Bibendi Tempranillo Reserva\"}]},{\"@type\":\"WebSite\",\"@id\":\"https:\/\/navarrsotillo.com\/#website\",\"url\":\"https:\/\/navarrsotillo.com\/\",\"name\":\"Bodegas Navarrsotillo\",\"description\":\"Vinos ecol\u00f3gicos de Rioja\",\"potentialAction\":[{\"@type\":\"SearchAction\",\"target\":{\"@type\":\"EntryPoint\",\"urlTemplate\":\"https:\/\/navarrsotillo.com\/?s={search_term_string}\"},\"query-input\":{\"@type\":\"PropertyValueSpecification\",\"valueRequired\":true,\"valueName\":\"search_term_string\"}}],\"inLanguage\":\"fr-FR\"}]}<\/script>\n<!-- \/ Yoast SEO plugin. -->","yoast_head_json":{"title":"Magister Bibendi Tempranillo Reserva - Bodegas Navarrsotillo","description":"Ce vin a \u00e9t\u00e9 \u00e9labor\u00e9 \u00e0 partir d\u2019une rigoureuse s\u00e9lection des raisins Tempranillo Noir d\u2019agriculture biologique.","robots":{"index":"index","follow":"follow","max-snippet":"max-snippet:-1","max-image-preview":"max-image-preview:large","max-video-preview":"max-video-preview:-1"},"canonical":"https:\/\/navarrsotillo.com\/fr\/producto\/magister-bibendi-reserva-tempranillo\/","og_locale":"fr_FR","og_type":"article","og_title":"Magister Bibendi Tempranillo Reserva - Bodegas Navarrsotillo","og_description":"Ce vin a \u00e9t\u00e9 \u00e9labor\u00e9 \u00e0 partir d\u2019une rigoureuse s\u00e9lection des raisins Tempranillo Noir d\u2019agriculture biologique.","og_url":"https:\/\/navarrsotillo.com\/fr\/producto\/magister-bibendi-reserva-tempranillo\/","og_site_name":"Bodegas Navarrsotillo","article_modified_time":"2021-07-07T10:40:12+00:00","og_image":[{"width":700,"height":1021,"url":"https:\/\/navarrsotillo.com\/wp-content\/uploads\/2017\/07\/bibendi_reserva_tempranilloSC.png","type":"image\/png"}],"twitter_card":"summary_large_image","schema":{"@context":"https:\/\/schema.org","@graph":[{"@type":"WebPage","@id":"https:\/\/navarrsotillo.com\/fr\/producto\/magister-bibendi-reserva-tempranillo\/","url":"https:\/\/navarrsotillo.com\/fr\/producto\/magister-bibendi-reserva-tempranillo\/","name":"Magister Bibendi Tempranillo Reserva - Bodegas Navarrsotillo","isPartOf":{"@id":"https:\/\/navarrsotillo.com\/#website"},"primaryImageOfPage":{"@id":"https:\/\/navarrsotillo.com\/fr\/producto\/magister-bibendi-reserva-tempranillo\/#primaryimage"},"image":{"@id":"https:\/\/navarrsotillo.com\/fr\/producto\/magister-bibendi-reserva-tempranillo\/#primaryimage"},"thumbnailUrl":"https:\/\/navarrsotillo.com\/wp-content\/uploads\/2017\/07\/bibendi_reserva_tempranilloSC.png","datePublished":"2017-07-08T08:36:12+00:00","dateModified":"2021-07-07T10:40:12+00:00","description":"Ce vin a \u00e9t\u00e9 \u00e9labor\u00e9 \u00e0 partir d\u2019une rigoureuse s\u00e9lection des raisins Tempranillo Noir d\u2019agriculture biologique.","breadcrumb":{"@id":"https:\/\/navarrsotillo.com\/fr\/producto\/magister-bibendi-reserva-tempranillo\/#breadcrumb"},"inLanguage":"fr-FR","potentialAction":[{"@type":"ReadAction","target":["https:\/\/navarrsotillo.com\/fr\/producto\/magister-bibendi-reserva-tempranillo\/"]}]},{"@type":"ImageObject","inLanguage":"fr-FR","@id":"https:\/\/navarrsotillo.com\/fr\/producto\/magister-bibendi-reserva-tempranillo\/#primaryimage","url":"https:\/\/navarrsotillo.com\/wp-content\/uploads\/2017\/07\/bibendi_reserva_tempranilloSC.png","contentUrl":"https:\/\/navarrsotillo.com\/wp-content\/uploads\/2017\/07\/bibendi_reserva_tempranilloSC.png","width":700,"height":1021},{"@type":"BreadcrumbList","@id":"https:\/\/navarrsotillo.com\/fr\/producto\/magister-bibendi-reserva-tempranillo\/#breadcrumb","itemListElement":[{"@type":"ListItem","position":1,"name":"Portada","item":"https:\/\/navarrsotillo.com\/fr\/"},{"@type":"ListItem","position":2,"name":"Vinos","item":"https:\/\/navarrsotillo.com\/wines\/"},{"@type":"ListItem","position":3,"name":"Magister Bibendi Tempranillo Reserva"}]},{"@type":"WebSite","@id":"https:\/\/navarrsotillo.com\/#website","url":"https:\/\/navarrsotillo.com\/","name":"Bodegas Navarrsotillo","description":"Vinos ecol\u00f3gicos de Rioja","potentialAction":[{"@type":"SearchAction","target":{"@type":"EntryPoint","urlTemplate":"https:\/\/navarrsotillo.com\/?s={search_term_string}"},"query-input":{"@type":"PropertyValueSpecification","valueRequired":true,"valueName":"search_term_string"}}],"inLanguage":"fr-FR"}]}},"_links":{"self":[{"href":"https:\/\/navarrsotillo.com\/fr\/wp-json\/wp\/v2\/product\/4987","targetHints":{"allow":["GET"]}}],"collection":[{"href":"https:\/\/navarrsotillo.com\/fr\/wp-json\/wp\/v2\/product"}],"about":[{"href":"https:\/\/navarrsotillo.com\/fr\/wp-json\/wp\/v2\/types\/product"}],"replies":[{"embeddable":true,"href":"https:\/\/navarrsotillo.com\/fr\/wp-json\/wp\/v2\/comments?post=4987"}],"wp:featuredmedia":[{"embeddable":true,"href":"https:\/\/navarrsotillo.com\/fr\/wp-json\/wp\/v2\/media\/4989"}],"wp:attachment":[{"href":"https:\/\/navarrsotillo.com\/fr\/wp-json\/wp\/v2\/media?parent=4987"}],"wp:term":[{"taxonomy":"product_cat","embeddable":true,"href":"https:\/\/navarrsotillo.com\/fr\/wp-json\/wp\/v2\/product_cat?post=4987"},{"taxonomy":"product_tag","embeddable":true,"href":"https:\/\/navarrsotillo.com\/fr\/wp-json\/wp\/v2\/product_tag?post=4987"}],"curies":[{"name":"wp","href":"https:\/\/api.w.org\/{rel}","templated":true}]}}