{"id":4990,"date":"2017-07-08T08:31:33","date_gmt":"2017-07-08T08:31:33","guid":{"rendered":"https:\/\/navarrsotillo.com\/producto\/magister-bibendi-graciano-reserva\/"},"modified":"2021-07-07T10:39:34","modified_gmt":"2021-07-07T10:39:34","slug":"magister-bibendi-graciano-reserva","status":"publish","type":"product","link":"https:\/\/navarrsotillo.com\/fr\/producto\/magister-bibendi-graciano-reserva\/","title":{"rendered":"Magister Bibendi Graciano Reserva"},"content":{"rendered":"<p>[vc_row content_placement=\u00a0\u00bbtop\u00a0\u00bb][vc_column][vc_column_text]<strong>PREMIOS:<\/strong><\/p>\n<p><strong>Cosecha 2009:<\/strong><br \/>\nMedalla de Oro Challenge Mill\u00e9sime Bio 2015<\/p>\n<p><strong>Cosecha 2010:<\/strong><br \/>\nMedalla de Oro Grand International Wine Award Mundus Vini BioFach 2017<br \/>\n<span style=\"text-decoration: underline;\"><span style=\"color: #000000;\"><a style=\"color: #000000; text-decoration: underline;\" href=\"http:\/\/www.decanter.com\/wine-reviews\/spain\/rioja\/navarrsotillo-rioja-magister-bibendi-graciano-reserva-12282\">95 Puntos Decanter<\/a><\/span><\/span><\/p>\n<p><strong>Cosecha 2012:<\/strong><br \/>\nMedalla de Plata Challenge Mill\u00e9sime Bio 2018<br \/>\nMedalla de Plata Mundus Vini Biofach 2018[\/vc_column_text][\/vc_column][\/vc_row]<\/p>\n","protected":false},"excerpt":{"rendered":"<p style=\"text-align: justify;\">Notre Graciano provient de vignes \u00e2g\u00e9es de plus de vingt ans et produit un mo\u00fbt rouge vif, une acidit\u00e9 \u00e9lev\u00e9e, un arome agr\u00e9able et tr\u00e8s particulier ; c\u2019est la vari\u00e9t\u00e9 la plus aromatique de toutes. La vendange a lieu dans les derni\u00e8res phases de r\u00e9colte du raisin, habituellement entre le d\u00e9but et la fin du mois d\u2019octobre. Apr\u00e8s une r\u00e9colte manuelle dans des caissettes et une s\u00e9lection ult\u00e9rieure dans les caves, les raisins \u00e9grapp\u00e9s sont soumis \u00e0 un foulage doux.<\/p>\n<p><em>NOTE : Notre engagement envers la qualit\u00e9 de nos vins nous fait s\u00e9lectionner les meilleurs mill\u00e9simes uniquement pour vous les proposer.<\/em><\/p>\n<p><a href=\"https:\/\/navarrsotillo.com\/wp-content\/uploads\/2021\/07\/MAGISTER-BIBENDI-RESERVA-GRACIANO_fr.pdf\" target=\"_blank\" rel=\"noopener\">Fiche Technique<\/a><\/p>\n<p>C\u00e9page: Graciano<\/p>\n","protected":false},"featured_media":4992,"comment_status":"open","ping_status":"closed","template":"","meta":[],"product_cat":[66,61],"product_tag":[62,63],"class_list":{"0":"post-4990","1":"product","2":"type-product","3":"status-publish","4":"has-post-thumbnail","6":"product_cat-magister-fr","7":"product_cat-red-wines-fr","8":"product_tag-red-fr","9":"product_tag-wine-fr","11":"first","12":"instock","13":"taxable","14":"shipping-taxable","15":"purchasable","16":"product-type-simple"},"yoast_head":"<!-- This site is optimized with the Yoast SEO plugin v23.8 - https:\/\/yoast.com\/wordpress\/plugins\/seo\/ -->\n<title>Magister Bibendi Graciano Reserva - Bodegas Navarrsotillo<\/title>\n<meta name=\"description\" content=\"Notre Graciano provient de vignes \u00e2g\u00e9es de plus de vingt ans et produit un mo\u00fbt rouge vif, une acidit\u00e9 \u00e9lev\u00e9e, un arome agr\u00e9able et tr\u00e8s\" \/>\n<meta name=\"robots\" content=\"index, follow, max-snippet:-1, max-image-preview:large, max-video-preview:-1\" \/>\n<link rel=\"canonical\" href=\"https:\/\/navarrsotillo.com\/fr\/producto\/magister-bibendi-graciano-reserva\/\" \/>\n<meta property=\"og:locale\" content=\"fr_FR\" \/>\n<meta property=\"og:type\" content=\"article\" \/>\n<meta property=\"og:title\" content=\"Magister Bibendi Graciano Reserva - Bodegas Navarrsotillo\" \/>\n<meta property=\"og:description\" content=\"Notre Graciano provient de vignes \u00e2g\u00e9es de plus de vingt ans et produit un mo\u00fbt rouge vif, une acidit\u00e9 \u00e9lev\u00e9e, un arome agr\u00e9able et tr\u00e8s\" \/>\n<meta property=\"og:url\" content=\"https:\/\/navarrsotillo.com\/fr\/producto\/magister-bibendi-graciano-reserva\/\" \/>\n<meta property=\"og:site_name\" content=\"Bodegas Navarrsotillo\" \/>\n<meta property=\"article:modified_time\" content=\"2021-07-07T10:39:34+00:00\" \/>\n<meta property=\"og:image\" content=\"https:\/\/navarrsotillo.com\/wp-content\/uploads\/2017\/07\/vivendi_reserva_gracianoSC.png\" \/>\n\t<meta property=\"og:image:width\" content=\"700\" \/>\n\t<meta property=\"og:image:height\" content=\"1021\" \/>\n\t<meta property=\"og:image:type\" content=\"image\/png\" \/>\n<meta name=\"twitter:card\" content=\"summary_large_image\" \/>\n<script type=\"application\/ld+json\" class=\"yoast-schema-graph\">{\"@context\":\"https:\/\/schema.org\",\"@graph\":[{\"@type\":\"WebPage\",\"@id\":\"https:\/\/navarrsotillo.com\/fr\/producto\/magister-bibendi-graciano-reserva\/\",\"url\":\"https:\/\/navarrsotillo.com\/fr\/producto\/magister-bibendi-graciano-reserva\/\",\"name\":\"Magister Bibendi Graciano Reserva - Bodegas Navarrsotillo\",\"isPartOf\":{\"@id\":\"https:\/\/navarrsotillo.com\/#website\"},\"primaryImageOfPage\":{\"@id\":\"https:\/\/navarrsotillo.com\/fr\/producto\/magister-bibendi-graciano-reserva\/#primaryimage\"},\"image\":{\"@id\":\"https:\/\/navarrsotillo.com\/fr\/producto\/magister-bibendi-graciano-reserva\/#primaryimage\"},\"thumbnailUrl\":\"https:\/\/navarrsotillo.com\/wp-content\/uploads\/2017\/07\/vivendi_reserva_gracianoSC.png\",\"datePublished\":\"2017-07-08T08:31:33+00:00\",\"dateModified\":\"2021-07-07T10:39:34+00:00\",\"description\":\"Notre Graciano provient de vignes \u00e2g\u00e9es de plus de vingt ans et produit un mo\u00fbt rouge vif, une acidit\u00e9 \u00e9lev\u00e9e, un arome agr\u00e9able et tr\u00e8s\",\"breadcrumb\":{\"@id\":\"https:\/\/navarrsotillo.com\/fr\/producto\/magister-bibendi-graciano-reserva\/#breadcrumb\"},\"inLanguage\":\"fr-FR\",\"potentialAction\":[{\"@type\":\"ReadAction\",\"target\":[\"https:\/\/navarrsotillo.com\/fr\/producto\/magister-bibendi-graciano-reserva\/\"]}]},{\"@type\":\"ImageObject\",\"inLanguage\":\"fr-FR\",\"@id\":\"https:\/\/navarrsotillo.com\/fr\/producto\/magister-bibendi-graciano-reserva\/#primaryimage\",\"url\":\"https:\/\/navarrsotillo.com\/wp-content\/uploads\/2017\/07\/vivendi_reserva_gracianoSC.png\",\"contentUrl\":\"https:\/\/navarrsotillo.com\/wp-content\/uploads\/2017\/07\/vivendi_reserva_gracianoSC.png\",\"width\":700,\"height\":1021},{\"@type\":\"BreadcrumbList\",\"@id\":\"https:\/\/navarrsotillo.com\/fr\/producto\/magister-bibendi-graciano-reserva\/#breadcrumb\",\"itemListElement\":[{\"@type\":\"ListItem\",\"position\":1,\"name\":\"Portada\",\"item\":\"https:\/\/navarrsotillo.com\/fr\/\"},{\"@type\":\"ListItem\",\"position\":2,\"name\":\"Vinos\",\"item\":\"https:\/\/navarrsotillo.com\/wines\/\"},{\"@type\":\"ListItem\",\"position\":3,\"name\":\"Magister Bibendi Graciano Reserva\"}]},{\"@type\":\"WebSite\",\"@id\":\"https:\/\/navarrsotillo.com\/#website\",\"url\":\"https:\/\/navarrsotillo.com\/\",\"name\":\"Bodegas Navarrsotillo\",\"description\":\"Vinos ecol\u00f3gicos de Rioja\",\"potentialAction\":[{\"@type\":\"SearchAction\",\"target\":{\"@type\":\"EntryPoint\",\"urlTemplate\":\"https:\/\/navarrsotillo.com\/?s={search_term_string}\"},\"query-input\":{\"@type\":\"PropertyValueSpecification\",\"valueRequired\":true,\"valueName\":\"search_term_string\"}}],\"inLanguage\":\"fr-FR\"}]}<\/script>\n<!-- \/ Yoast SEO plugin. -->","yoast_head_json":{"title":"Magister Bibendi Graciano Reserva - Bodegas Navarrsotillo","description":"Notre Graciano provient de vignes \u00e2g\u00e9es de plus de vingt ans et produit un mo\u00fbt rouge vif, une acidit\u00e9 \u00e9lev\u00e9e, un arome agr\u00e9able et tr\u00e8s","robots":{"index":"index","follow":"follow","max-snippet":"max-snippet:-1","max-image-preview":"max-image-preview:large","max-video-preview":"max-video-preview:-1"},"canonical":"https:\/\/navarrsotillo.com\/fr\/producto\/magister-bibendi-graciano-reserva\/","og_locale":"fr_FR","og_type":"article","og_title":"Magister Bibendi Graciano Reserva - Bodegas Navarrsotillo","og_description":"Notre Graciano provient de vignes \u00e2g\u00e9es de plus de vingt ans et produit un mo\u00fbt rouge vif, une acidit\u00e9 \u00e9lev\u00e9e, un arome agr\u00e9able et tr\u00e8s","og_url":"https:\/\/navarrsotillo.com\/fr\/producto\/magister-bibendi-graciano-reserva\/","og_site_name":"Bodegas Navarrsotillo","article_modified_time":"2021-07-07T10:39:34+00:00","og_image":[{"width":700,"height":1021,"url":"https:\/\/navarrsotillo.com\/wp-content\/uploads\/2017\/07\/vivendi_reserva_gracianoSC.png","type":"image\/png"}],"twitter_card":"summary_large_image","schema":{"@context":"https:\/\/schema.org","@graph":[{"@type":"WebPage","@id":"https:\/\/navarrsotillo.com\/fr\/producto\/magister-bibendi-graciano-reserva\/","url":"https:\/\/navarrsotillo.com\/fr\/producto\/magister-bibendi-graciano-reserva\/","name":"Magister Bibendi Graciano Reserva - Bodegas Navarrsotillo","isPartOf":{"@id":"https:\/\/navarrsotillo.com\/#website"},"primaryImageOfPage":{"@id":"https:\/\/navarrsotillo.com\/fr\/producto\/magister-bibendi-graciano-reserva\/#primaryimage"},"image":{"@id":"https:\/\/navarrsotillo.com\/fr\/producto\/magister-bibendi-graciano-reserva\/#primaryimage"},"thumbnailUrl":"https:\/\/navarrsotillo.com\/wp-content\/uploads\/2017\/07\/vivendi_reserva_gracianoSC.png","datePublished":"2017-07-08T08:31:33+00:00","dateModified":"2021-07-07T10:39:34+00:00","description":"Notre Graciano provient de vignes \u00e2g\u00e9es de plus de vingt ans et produit un mo\u00fbt rouge vif, une acidit\u00e9 \u00e9lev\u00e9e, un arome agr\u00e9able et tr\u00e8s","breadcrumb":{"@id":"https:\/\/navarrsotillo.com\/fr\/producto\/magister-bibendi-graciano-reserva\/#breadcrumb"},"inLanguage":"fr-FR","potentialAction":[{"@type":"ReadAction","target":["https:\/\/navarrsotillo.com\/fr\/producto\/magister-bibendi-graciano-reserva\/"]}]},{"@type":"ImageObject","inLanguage":"fr-FR","@id":"https:\/\/navarrsotillo.com\/fr\/producto\/magister-bibendi-graciano-reserva\/#primaryimage","url":"https:\/\/navarrsotillo.com\/wp-content\/uploads\/2017\/07\/vivendi_reserva_gracianoSC.png","contentUrl":"https:\/\/navarrsotillo.com\/wp-content\/uploads\/2017\/07\/vivendi_reserva_gracianoSC.png","width":700,"height":1021},{"@type":"BreadcrumbList","@id":"https:\/\/navarrsotillo.com\/fr\/producto\/magister-bibendi-graciano-reserva\/#breadcrumb","itemListElement":[{"@type":"ListItem","position":1,"name":"Portada","item":"https:\/\/navarrsotillo.com\/fr\/"},{"@type":"ListItem","position":2,"name":"Vinos","item":"https:\/\/navarrsotillo.com\/wines\/"},{"@type":"ListItem","position":3,"name":"Magister Bibendi Graciano Reserva"}]},{"@type":"WebSite","@id":"https:\/\/navarrsotillo.com\/#website","url":"https:\/\/navarrsotillo.com\/","name":"Bodegas Navarrsotillo","description":"Vinos ecol\u00f3gicos de Rioja","potentialAction":[{"@type":"SearchAction","target":{"@type":"EntryPoint","urlTemplate":"https:\/\/navarrsotillo.com\/?s={search_term_string}"},"query-input":{"@type":"PropertyValueSpecification","valueRequired":true,"valueName":"search_term_string"}}],"inLanguage":"fr-FR"}]}},"_links":{"self":[{"href":"https:\/\/navarrsotillo.com\/fr\/wp-json\/wp\/v2\/product\/4990","targetHints":{"allow":["GET"]}}],"collection":[{"href":"https:\/\/navarrsotillo.com\/fr\/wp-json\/wp\/v2\/product"}],"about":[{"href":"https:\/\/navarrsotillo.com\/fr\/wp-json\/wp\/v2\/types\/product"}],"replies":[{"embeddable":true,"href":"https:\/\/navarrsotillo.com\/fr\/wp-json\/wp\/v2\/comments?post=4990"}],"wp:featuredmedia":[{"embeddable":true,"href":"https:\/\/navarrsotillo.com\/fr\/wp-json\/wp\/v2\/media\/4992"}],"wp:attachment":[{"href":"https:\/\/navarrsotillo.com\/fr\/wp-json\/wp\/v2\/media?parent=4990"}],"wp:term":[{"taxonomy":"product_cat","embeddable":true,"href":"https:\/\/navarrsotillo.com\/fr\/wp-json\/wp\/v2\/product_cat?post=4990"},{"taxonomy":"product_tag","embeddable":true,"href":"https:\/\/navarrsotillo.com\/fr\/wp-json\/wp\/v2\/product_tag?post=4990"}],"curies":[{"name":"wp","href":"https:\/\/api.w.org\/{rel}","templated":true}]}}