{"id":4995,"date":"2017-07-07T16:56:27","date_gmt":"2017-07-07T16:56:27","guid":{"rendered":"https:\/\/navarrsotillo.com\/producto\/magister-bibendi-gran-reserva\/"},"modified":"2021-07-07T10:38:58","modified_gmt":"2021-07-07T10:38:58","slug":"magister-bibendi-gran-reserva","status":"publish","type":"product","link":"https:\/\/navarrsotillo.com\/fr\/producto\/magister-bibendi-gran-reserva\/","title":{"rendered":"Magister Bibendi Gran Reserva"},"content":{"rendered":"<p>[vc_row content_placement=\u00a0\u00bbtop\u00a0\u00bb][vc_column][vc_column_text]<strong>PREMIOS:<\/strong><\/p>\n<p><strong>Cosecha 2005:<\/strong><br \/>\nMedalla de Oro Challenge Mill\u00e9sime Bio 2016<\/p>\n<p>[\/vc_column_text][\/vc_column][\/vc_row]<\/p>\n","protected":false},"excerpt":{"rendered":"<p style=\"text-align: justify;\">Pour cette cuv\u00e9e, chaque terrain de vignoble a \u00e9t\u00e9 \u00e9labor\u00e9e s\u00e9par\u00e9ment avec une mac\u00e9ration d\u2019au moins 25 jours. Une fois la fermentation termin\u00e9e, le vin a \u00e9t\u00e9 \u00e9lev\u00e9 en f\u00fbts de ch\u00eane pendant 24 mois. Il a ensuite \u00e9t\u00e9 assembl\u00e9 et mis en bouteille pour rester dans notre cave pendant au moins trois ans avant d\u2019\u00eatre mise sur le march\u00e9. Il pr\u00e9sente une couleur rouge rubis sensationnelle de haute couche clart\u00e9.<\/p>\n<p><em>NOTE : Notre engagement envers la qualit\u00e9 de nos vins nous fait s\u00e9lectionner les meilleurs mill\u00e9simes uniquement, pour vous les proposer.<\/em><\/p>\n<p><a href=\"https:\/\/navarrsotillo.com\/wp-content\/uploads\/2021\/07\/MAGISTER-BIBENDI-GRAN-RESERVA_fr.pdf\" target=\"_blank\" rel=\"noopener\">Fiche Technique<\/a><\/p>\n<p>C\u00e9page: Tempranillo Noir<\/p>\n","protected":false},"featured_media":4997,"comment_status":"open","ping_status":"closed","template":"","meta":[],"product_cat":[66,61],"product_tag":[62,63],"class_list":{"0":"post-4995","1":"product","2":"type-product","3":"status-publish","4":"has-post-thumbnail","6":"product_cat-magister-fr","7":"product_cat-red-wines-fr","8":"product_tag-red-fr","9":"product_tag-wine-fr","11":"first","12":"instock","13":"taxable","14":"shipping-taxable","15":"purchasable","16":"product-type-simple"},"yoast_head":"<!-- This site is optimized with the Yoast SEO plugin v23.8 - https:\/\/yoast.com\/wordpress\/plugins\/seo\/ -->\n<title>Magister Bibendi Gran Reserva - Bodegas Navarrsotillo<\/title>\n<meta name=\"description\" content=\"Pour cette cuv\u00e9e, chaque terrain de vignoble a \u00e9t\u00e9 \u00e9labor\u00e9e s\u00e9par\u00e9ment avec une mac\u00e9ration d\u2019au moins 25 jours.\" \/>\n<meta name=\"robots\" content=\"index, follow, max-snippet:-1, max-image-preview:large, max-video-preview:-1\" \/>\n<link rel=\"canonical\" href=\"https:\/\/navarrsotillo.com\/fr\/producto\/magister-bibendi-gran-reserva\/\" \/>\n<meta property=\"og:locale\" content=\"fr_FR\" \/>\n<meta property=\"og:type\" content=\"article\" \/>\n<meta property=\"og:title\" content=\"Magister Bibendi Gran Reserva - Bodegas Navarrsotillo\" \/>\n<meta property=\"og:description\" content=\"Pour cette cuv\u00e9e, chaque terrain de vignoble a \u00e9t\u00e9 \u00e9labor\u00e9e s\u00e9par\u00e9ment avec une mac\u00e9ration d\u2019au moins 25 jours.\" \/>\n<meta property=\"og:url\" content=\"https:\/\/navarrsotillo.com\/fr\/producto\/magister-bibendi-gran-reserva\/\" \/>\n<meta property=\"og:site_name\" content=\"Bodegas Navarrsotillo\" \/>\n<meta property=\"article:modified_time\" content=\"2021-07-07T10:38:58+00:00\" \/>\n<meta property=\"og:image\" content=\"https:\/\/navarrsotillo.com\/wp-content\/uploads\/2017\/07\/maginsterbibendigranreservaSC.png\" \/>\n\t<meta property=\"og:image:width\" content=\"700\" \/>\n\t<meta property=\"og:image:height\" content=\"1021\" \/>\n\t<meta property=\"og:image:type\" content=\"image\/png\" \/>\n<meta name=\"twitter:card\" content=\"summary_large_image\" \/>\n<script type=\"application\/ld+json\" class=\"yoast-schema-graph\">{\"@context\":\"https:\/\/schema.org\",\"@graph\":[{\"@type\":\"WebPage\",\"@id\":\"https:\/\/navarrsotillo.com\/fr\/producto\/magister-bibendi-gran-reserva\/\",\"url\":\"https:\/\/navarrsotillo.com\/fr\/producto\/magister-bibendi-gran-reserva\/\",\"name\":\"Magister Bibendi Gran Reserva - Bodegas Navarrsotillo\",\"isPartOf\":{\"@id\":\"https:\/\/navarrsotillo.com\/#website\"},\"primaryImageOfPage\":{\"@id\":\"https:\/\/navarrsotillo.com\/fr\/producto\/magister-bibendi-gran-reserva\/#primaryimage\"},\"image\":{\"@id\":\"https:\/\/navarrsotillo.com\/fr\/producto\/magister-bibendi-gran-reserva\/#primaryimage\"},\"thumbnailUrl\":\"https:\/\/navarrsotillo.com\/wp-content\/uploads\/2017\/07\/maginsterbibendigranreservaSC.png\",\"datePublished\":\"2017-07-07T16:56:27+00:00\",\"dateModified\":\"2021-07-07T10:38:58+00:00\",\"description\":\"Pour cette cuv\u00e9e, chaque terrain de vignoble a \u00e9t\u00e9 \u00e9labor\u00e9e s\u00e9par\u00e9ment avec une mac\u00e9ration d\u2019au moins 25 jours.\",\"breadcrumb\":{\"@id\":\"https:\/\/navarrsotillo.com\/fr\/producto\/magister-bibendi-gran-reserva\/#breadcrumb\"},\"inLanguage\":\"fr-FR\",\"potentialAction\":[{\"@type\":\"ReadAction\",\"target\":[\"https:\/\/navarrsotillo.com\/fr\/producto\/magister-bibendi-gran-reserva\/\"]}]},{\"@type\":\"ImageObject\",\"inLanguage\":\"fr-FR\",\"@id\":\"https:\/\/navarrsotillo.com\/fr\/producto\/magister-bibendi-gran-reserva\/#primaryimage\",\"url\":\"https:\/\/navarrsotillo.com\/wp-content\/uploads\/2017\/07\/maginsterbibendigranreservaSC.png\",\"contentUrl\":\"https:\/\/navarrsotillo.com\/wp-content\/uploads\/2017\/07\/maginsterbibendigranreservaSC.png\",\"width\":700,\"height\":1021},{\"@type\":\"BreadcrumbList\",\"@id\":\"https:\/\/navarrsotillo.com\/fr\/producto\/magister-bibendi-gran-reserva\/#breadcrumb\",\"itemListElement\":[{\"@type\":\"ListItem\",\"position\":1,\"name\":\"Portada\",\"item\":\"https:\/\/navarrsotillo.com\/fr\/\"},{\"@type\":\"ListItem\",\"position\":2,\"name\":\"Vinos\",\"item\":\"https:\/\/navarrsotillo.com\/wines\/\"},{\"@type\":\"ListItem\",\"position\":3,\"name\":\"Magister Bibendi Gran Reserva\"}]},{\"@type\":\"WebSite\",\"@id\":\"https:\/\/navarrsotillo.com\/#website\",\"url\":\"https:\/\/navarrsotillo.com\/\",\"name\":\"Bodegas Navarrsotillo\",\"description\":\"Vinos ecol\u00f3gicos de Rioja\",\"potentialAction\":[{\"@type\":\"SearchAction\",\"target\":{\"@type\":\"EntryPoint\",\"urlTemplate\":\"https:\/\/navarrsotillo.com\/?s={search_term_string}\"},\"query-input\":{\"@type\":\"PropertyValueSpecification\",\"valueRequired\":true,\"valueName\":\"search_term_string\"}}],\"inLanguage\":\"fr-FR\"}]}<\/script>\n<!-- \/ Yoast SEO plugin. -->","yoast_head_json":{"title":"Magister Bibendi Gran Reserva - Bodegas Navarrsotillo","description":"Pour cette cuv\u00e9e, chaque terrain de vignoble a \u00e9t\u00e9 \u00e9labor\u00e9e s\u00e9par\u00e9ment avec une mac\u00e9ration d\u2019au moins 25 jours.","robots":{"index":"index","follow":"follow","max-snippet":"max-snippet:-1","max-image-preview":"max-image-preview:large","max-video-preview":"max-video-preview:-1"},"canonical":"https:\/\/navarrsotillo.com\/fr\/producto\/magister-bibendi-gran-reserva\/","og_locale":"fr_FR","og_type":"article","og_title":"Magister Bibendi Gran Reserva - Bodegas Navarrsotillo","og_description":"Pour cette cuv\u00e9e, chaque terrain de vignoble a \u00e9t\u00e9 \u00e9labor\u00e9e s\u00e9par\u00e9ment avec une mac\u00e9ration d\u2019au moins 25 jours.","og_url":"https:\/\/navarrsotillo.com\/fr\/producto\/magister-bibendi-gran-reserva\/","og_site_name":"Bodegas Navarrsotillo","article_modified_time":"2021-07-07T10:38:58+00:00","og_image":[{"width":700,"height":1021,"url":"https:\/\/navarrsotillo.com\/wp-content\/uploads\/2017\/07\/maginsterbibendigranreservaSC.png","type":"image\/png"}],"twitter_card":"summary_large_image","schema":{"@context":"https:\/\/schema.org","@graph":[{"@type":"WebPage","@id":"https:\/\/navarrsotillo.com\/fr\/producto\/magister-bibendi-gran-reserva\/","url":"https:\/\/navarrsotillo.com\/fr\/producto\/magister-bibendi-gran-reserva\/","name":"Magister Bibendi Gran Reserva - Bodegas Navarrsotillo","isPartOf":{"@id":"https:\/\/navarrsotillo.com\/#website"},"primaryImageOfPage":{"@id":"https:\/\/navarrsotillo.com\/fr\/producto\/magister-bibendi-gran-reserva\/#primaryimage"},"image":{"@id":"https:\/\/navarrsotillo.com\/fr\/producto\/magister-bibendi-gran-reserva\/#primaryimage"},"thumbnailUrl":"https:\/\/navarrsotillo.com\/wp-content\/uploads\/2017\/07\/maginsterbibendigranreservaSC.png","datePublished":"2017-07-07T16:56:27+00:00","dateModified":"2021-07-07T10:38:58+00:00","description":"Pour cette cuv\u00e9e, chaque terrain de vignoble a \u00e9t\u00e9 \u00e9labor\u00e9e s\u00e9par\u00e9ment avec une mac\u00e9ration d\u2019au moins 25 jours.","breadcrumb":{"@id":"https:\/\/navarrsotillo.com\/fr\/producto\/magister-bibendi-gran-reserva\/#breadcrumb"},"inLanguage":"fr-FR","potentialAction":[{"@type":"ReadAction","target":["https:\/\/navarrsotillo.com\/fr\/producto\/magister-bibendi-gran-reserva\/"]}]},{"@type":"ImageObject","inLanguage":"fr-FR","@id":"https:\/\/navarrsotillo.com\/fr\/producto\/magister-bibendi-gran-reserva\/#primaryimage","url":"https:\/\/navarrsotillo.com\/wp-content\/uploads\/2017\/07\/maginsterbibendigranreservaSC.png","contentUrl":"https:\/\/navarrsotillo.com\/wp-content\/uploads\/2017\/07\/maginsterbibendigranreservaSC.png","width":700,"height":1021},{"@type":"BreadcrumbList","@id":"https:\/\/navarrsotillo.com\/fr\/producto\/magister-bibendi-gran-reserva\/#breadcrumb","itemListElement":[{"@type":"ListItem","position":1,"name":"Portada","item":"https:\/\/navarrsotillo.com\/fr\/"},{"@type":"ListItem","position":2,"name":"Vinos","item":"https:\/\/navarrsotillo.com\/wines\/"},{"@type":"ListItem","position":3,"name":"Magister Bibendi Gran Reserva"}]},{"@type":"WebSite","@id":"https:\/\/navarrsotillo.com\/#website","url":"https:\/\/navarrsotillo.com\/","name":"Bodegas Navarrsotillo","description":"Vinos ecol\u00f3gicos de Rioja","potentialAction":[{"@type":"SearchAction","target":{"@type":"EntryPoint","urlTemplate":"https:\/\/navarrsotillo.com\/?s={search_term_string}"},"query-input":{"@type":"PropertyValueSpecification","valueRequired":true,"valueName":"search_term_string"}}],"inLanguage":"fr-FR"}]}},"_links":{"self":[{"href":"https:\/\/navarrsotillo.com\/fr\/wp-json\/wp\/v2\/product\/4995","targetHints":{"allow":["GET"]}}],"collection":[{"href":"https:\/\/navarrsotillo.com\/fr\/wp-json\/wp\/v2\/product"}],"about":[{"href":"https:\/\/navarrsotillo.com\/fr\/wp-json\/wp\/v2\/types\/product"}],"replies":[{"embeddable":true,"href":"https:\/\/navarrsotillo.com\/fr\/wp-json\/wp\/v2\/comments?post=4995"}],"wp:featuredmedia":[{"embeddable":true,"href":"https:\/\/navarrsotillo.com\/fr\/wp-json\/wp\/v2\/media\/4997"}],"wp:attachment":[{"href":"https:\/\/navarrsotillo.com\/fr\/wp-json\/wp\/v2\/media?parent=4995"}],"wp:term":[{"taxonomy":"product_cat","embeddable":true,"href":"https:\/\/navarrsotillo.com\/fr\/wp-json\/wp\/v2\/product_cat?post=4995"},{"taxonomy":"product_tag","embeddable":true,"href":"https:\/\/navarrsotillo.com\/fr\/wp-json\/wp\/v2\/product_tag?post=4995"}],"curies":[{"name":"wp","href":"https:\/\/api.w.org\/{rel}","templated":true}]}}