{"id":5002,"date":"2017-07-01T14:36:00","date_gmt":"2017-07-01T14:36:00","guid":{"rendered":"https:\/\/navarrsotillo.com\/producto\/antonita-tinto\/"},"modified":"2021-07-07T10:36:09","modified_gmt":"2021-07-07T10:36:09","slug":"antonita-rouge","status":"publish","type":"product","link":"https:\/\/navarrsotillo.com\/fr\/producto\/antonita-rouge\/","title":{"rendered":"Anto\u00f1ita Rouge"},"content":{"rendered":"","protected":false},"excerpt":{"rendered":"<p style=\"text-align: justify;\">Ce vin de l\u2019ann\u00e9e, certifi\u00e9 agriculture biologique Rioja, pr\u00e9sente une tr\u00e8s attirante couleur rouge rubis avec des tons violets tr\u00e8s marqu\u00e9s. Son ar\u00f4me est fruit\u00e9 et envelopp\u00e9 de tonalit\u00e9s de baies rouges comme les myrtilles et les m\u00fbres. Son go\u00fbt dans la bouche est frais, doux et charnu, avec des tanins doux qui invitent \u00e0 continuer \u00e0 boire.<\/p>\n<p><a href=\"https:\/\/navarrsotillo.com\/wp-content\/uploads\/2021\/07\/ANTONITA-TINTO_fr.pdf\" target=\"_blank\" rel=\"noopener\">Fiche Technique<\/a><\/p>\n<p>C\u00e9page: Tempranillo Noir<\/p>\n","protected":false},"featured_media":5004,"comment_status":"open","ping_status":"closed","template":"","meta":[],"product_cat":[67,61],"product_tag":[62,63],"class_list":{"0":"post-5002","1":"product","2":"type-product","3":"status-publish","4":"has-post-thumbnail","6":"product_cat-antonita-fr","7":"product_cat-red-wines-fr","8":"product_tag-red-fr","9":"product_tag-wine-fr","11":"first","12":"instock","13":"taxable","14":"shipping-taxable","15":"purchasable","16":"product-type-simple"},"yoast_head":"<!-- This site is optimized with the Yoast SEO plugin v23.8 - https:\/\/yoast.com\/wordpress\/plugins\/seo\/ -->\n<title>Anto\u00f1ita Rouge - Bodegas Navarrsotillo<\/title>\n<meta name=\"description\" content=\"Ce vin de l\u2019ann\u00e9e, certifi\u00e9 agriculture biologique Rioja, pr\u00e9sente une tr\u00e8s attirante couleur rouge rubis avec des tons violet tr\u00e8s marqu\u00e9s.\" \/>\n<meta name=\"robots\" content=\"index, follow, max-snippet:-1, max-image-preview:large, max-video-preview:-1\" \/>\n<link rel=\"canonical\" href=\"https:\/\/navarrsotillo.com\/fr\/producto\/antonita-rouge\/\" \/>\n<meta property=\"og:locale\" content=\"fr_FR\" \/>\n<meta property=\"og:type\" content=\"article\" \/>\n<meta property=\"og:title\" content=\"Anto\u00f1ita Rouge - Bodegas Navarrsotillo\" \/>\n<meta property=\"og:description\" content=\"Ce vin de l\u2019ann\u00e9e, certifi\u00e9 agriculture biologique Rioja, pr\u00e9sente une tr\u00e8s attirante couleur rouge rubis avec des tons violet tr\u00e8s marqu\u00e9s.\" \/>\n<meta property=\"og:url\" content=\"https:\/\/navarrsotillo.com\/fr\/producto\/antonita-rouge\/\" \/>\n<meta property=\"og:site_name\" content=\"Bodegas Navarrsotillo\" \/>\n<meta property=\"article:modified_time\" content=\"2021-07-07T10:36:09+00:00\" \/>\n<meta property=\"og:image\" content=\"https:\/\/navarrsotillo.com\/wp-content\/uploads\/2017\/07\/antonita_tintoSC.png\" \/>\n\t<meta property=\"og:image:width\" content=\"700\" \/>\n\t<meta property=\"og:image:height\" content=\"1021\" \/>\n\t<meta property=\"og:image:type\" content=\"image\/png\" \/>\n<meta name=\"twitter:card\" content=\"summary_large_image\" \/>\n<script type=\"application\/ld+json\" class=\"yoast-schema-graph\">{\"@context\":\"https:\/\/schema.org\",\"@graph\":[{\"@type\":\"WebPage\",\"@id\":\"https:\/\/navarrsotillo.com\/fr\/producto\/antonita-rouge\/\",\"url\":\"https:\/\/navarrsotillo.com\/fr\/producto\/antonita-rouge\/\",\"name\":\"Anto\u00f1ita Rouge - Bodegas Navarrsotillo\",\"isPartOf\":{\"@id\":\"https:\/\/navarrsotillo.com\/#website\"},\"primaryImageOfPage\":{\"@id\":\"https:\/\/navarrsotillo.com\/fr\/producto\/antonita-rouge\/#primaryimage\"},\"image\":{\"@id\":\"https:\/\/navarrsotillo.com\/fr\/producto\/antonita-rouge\/#primaryimage\"},\"thumbnailUrl\":\"https:\/\/navarrsotillo.com\/wp-content\/uploads\/2017\/07\/antonita_tintoSC.png\",\"datePublished\":\"2017-07-01T14:36:00+00:00\",\"dateModified\":\"2021-07-07T10:36:09+00:00\",\"description\":\"Ce vin de l\u2019ann\u00e9e, certifi\u00e9 agriculture biologique Rioja, pr\u00e9sente une tr\u00e8s attirante couleur rouge rubis avec des tons violet tr\u00e8s marqu\u00e9s.\",\"breadcrumb\":{\"@id\":\"https:\/\/navarrsotillo.com\/fr\/producto\/antonita-rouge\/#breadcrumb\"},\"inLanguage\":\"fr-FR\",\"potentialAction\":[{\"@type\":\"ReadAction\",\"target\":[\"https:\/\/navarrsotillo.com\/fr\/producto\/antonita-rouge\/\"]}]},{\"@type\":\"ImageObject\",\"inLanguage\":\"fr-FR\",\"@id\":\"https:\/\/navarrsotillo.com\/fr\/producto\/antonita-rouge\/#primaryimage\",\"url\":\"https:\/\/navarrsotillo.com\/wp-content\/uploads\/2017\/07\/antonita_tintoSC.png\",\"contentUrl\":\"https:\/\/navarrsotillo.com\/wp-content\/uploads\/2017\/07\/antonita_tintoSC.png\",\"width\":700,\"height\":1021},{\"@type\":\"BreadcrumbList\",\"@id\":\"https:\/\/navarrsotillo.com\/fr\/producto\/antonita-rouge\/#breadcrumb\",\"itemListElement\":[{\"@type\":\"ListItem\",\"position\":1,\"name\":\"Portada\",\"item\":\"https:\/\/navarrsotillo.com\/fr\/\"},{\"@type\":\"ListItem\",\"position\":2,\"name\":\"Vinos\",\"item\":\"https:\/\/navarrsotillo.com\/wines\/\"},{\"@type\":\"ListItem\",\"position\":3,\"name\":\"Anto\u00f1ita Rouge\"}]},{\"@type\":\"WebSite\",\"@id\":\"https:\/\/navarrsotillo.com\/#website\",\"url\":\"https:\/\/navarrsotillo.com\/\",\"name\":\"Bodegas Navarrsotillo\",\"description\":\"Vinos ecol\u00f3gicos de Rioja\",\"potentialAction\":[{\"@type\":\"SearchAction\",\"target\":{\"@type\":\"EntryPoint\",\"urlTemplate\":\"https:\/\/navarrsotillo.com\/?s={search_term_string}\"},\"query-input\":{\"@type\":\"PropertyValueSpecification\",\"valueRequired\":true,\"valueName\":\"search_term_string\"}}],\"inLanguage\":\"fr-FR\"}]}<\/script>\n<!-- \/ Yoast SEO plugin. -->","yoast_head_json":{"title":"Anto\u00f1ita Rouge - Bodegas Navarrsotillo","description":"Ce vin de l\u2019ann\u00e9e, certifi\u00e9 agriculture biologique Rioja, pr\u00e9sente une tr\u00e8s attirante couleur rouge rubis avec des tons violet tr\u00e8s marqu\u00e9s.","robots":{"index":"index","follow":"follow","max-snippet":"max-snippet:-1","max-image-preview":"max-image-preview:large","max-video-preview":"max-video-preview:-1"},"canonical":"https:\/\/navarrsotillo.com\/fr\/producto\/antonita-rouge\/","og_locale":"fr_FR","og_type":"article","og_title":"Anto\u00f1ita Rouge - Bodegas Navarrsotillo","og_description":"Ce vin de l\u2019ann\u00e9e, certifi\u00e9 agriculture biologique Rioja, pr\u00e9sente une tr\u00e8s attirante couleur rouge rubis avec des tons violet tr\u00e8s marqu\u00e9s.","og_url":"https:\/\/navarrsotillo.com\/fr\/producto\/antonita-rouge\/","og_site_name":"Bodegas Navarrsotillo","article_modified_time":"2021-07-07T10:36:09+00:00","og_image":[{"width":700,"height":1021,"url":"https:\/\/navarrsotillo.com\/wp-content\/uploads\/2017\/07\/antonita_tintoSC.png","type":"image\/png"}],"twitter_card":"summary_large_image","schema":{"@context":"https:\/\/schema.org","@graph":[{"@type":"WebPage","@id":"https:\/\/navarrsotillo.com\/fr\/producto\/antonita-rouge\/","url":"https:\/\/navarrsotillo.com\/fr\/producto\/antonita-rouge\/","name":"Anto\u00f1ita Rouge - Bodegas Navarrsotillo","isPartOf":{"@id":"https:\/\/navarrsotillo.com\/#website"},"primaryImageOfPage":{"@id":"https:\/\/navarrsotillo.com\/fr\/producto\/antonita-rouge\/#primaryimage"},"image":{"@id":"https:\/\/navarrsotillo.com\/fr\/producto\/antonita-rouge\/#primaryimage"},"thumbnailUrl":"https:\/\/navarrsotillo.com\/wp-content\/uploads\/2017\/07\/antonita_tintoSC.png","datePublished":"2017-07-01T14:36:00+00:00","dateModified":"2021-07-07T10:36:09+00:00","description":"Ce vin de l\u2019ann\u00e9e, certifi\u00e9 agriculture biologique Rioja, pr\u00e9sente une tr\u00e8s attirante couleur rouge rubis avec des tons violet tr\u00e8s marqu\u00e9s.","breadcrumb":{"@id":"https:\/\/navarrsotillo.com\/fr\/producto\/antonita-rouge\/#breadcrumb"},"inLanguage":"fr-FR","potentialAction":[{"@type":"ReadAction","target":["https:\/\/navarrsotillo.com\/fr\/producto\/antonita-rouge\/"]}]},{"@type":"ImageObject","inLanguage":"fr-FR","@id":"https:\/\/navarrsotillo.com\/fr\/producto\/antonita-rouge\/#primaryimage","url":"https:\/\/navarrsotillo.com\/wp-content\/uploads\/2017\/07\/antonita_tintoSC.png","contentUrl":"https:\/\/navarrsotillo.com\/wp-content\/uploads\/2017\/07\/antonita_tintoSC.png","width":700,"height":1021},{"@type":"BreadcrumbList","@id":"https:\/\/navarrsotillo.com\/fr\/producto\/antonita-rouge\/#breadcrumb","itemListElement":[{"@type":"ListItem","position":1,"name":"Portada","item":"https:\/\/navarrsotillo.com\/fr\/"},{"@type":"ListItem","position":2,"name":"Vinos","item":"https:\/\/navarrsotillo.com\/wines\/"},{"@type":"ListItem","position":3,"name":"Anto\u00f1ita Rouge"}]},{"@type":"WebSite","@id":"https:\/\/navarrsotillo.com\/#website","url":"https:\/\/navarrsotillo.com\/","name":"Bodegas Navarrsotillo","description":"Vinos ecol\u00f3gicos de Rioja","potentialAction":[{"@type":"SearchAction","target":{"@type":"EntryPoint","urlTemplate":"https:\/\/navarrsotillo.com\/?s={search_term_string}"},"query-input":{"@type":"PropertyValueSpecification","valueRequired":true,"valueName":"search_term_string"}}],"inLanguage":"fr-FR"}]}},"_links":{"self":[{"href":"https:\/\/navarrsotillo.com\/fr\/wp-json\/wp\/v2\/product\/5002","targetHints":{"allow":["GET"]}}],"collection":[{"href":"https:\/\/navarrsotillo.com\/fr\/wp-json\/wp\/v2\/product"}],"about":[{"href":"https:\/\/navarrsotillo.com\/fr\/wp-json\/wp\/v2\/types\/product"}],"replies":[{"embeddable":true,"href":"https:\/\/navarrsotillo.com\/fr\/wp-json\/wp\/v2\/comments?post=5002"}],"wp:featuredmedia":[{"embeddable":true,"href":"https:\/\/navarrsotillo.com\/fr\/wp-json\/wp\/v2\/media\/5004"}],"wp:attachment":[{"href":"https:\/\/navarrsotillo.com\/fr\/wp-json\/wp\/v2\/media?parent=5002"}],"wp:term":[{"taxonomy":"product_cat","embeddable":true,"href":"https:\/\/navarrsotillo.com\/fr\/wp-json\/wp\/v2\/product_cat?post=5002"},{"taxonomy":"product_tag","embeddable":true,"href":"https:\/\/navarrsotillo.com\/fr\/wp-json\/wp\/v2\/product_tag?post=5002"}],"curies":[{"name":"wp","href":"https:\/\/api.w.org\/{rel}","templated":true}]}}