{"id":5005,"date":"2016-03-27T16:11:42","date_gmt":"2016-03-27T16:11:42","guid":{"rendered":"https:\/\/navarrsotillo.com\/producto\/antonita-blanco\/"},"modified":"2021-07-07T10:33:39","modified_gmt":"2021-07-07T10:33:39","slug":"antonita-blanc","status":"publish","type":"product","link":"https:\/\/navarrsotillo.com\/fr\/producto\/antonita-blanc\/","title":{"rendered":"Anto\u00f1ita Blanc"},"content":{"rendered":"","protected":false},"excerpt":{"rendered":"<p>Vin jeune certifi\u00e9 d\u2019agriculture biologique avec une belle couleur jaune l\u00e9g\u00e8re et brillante et des reflets verts. Son ar\u00f4me est fruit\u00e9 et envelopp\u00e9 de tonalit\u00e9s de fruits tropicaux, de banane, pomme et d\u2019agrumes. Il est frais, doux et tr\u00e8s floral en bouche. <\/p>\n<p><a href=\"https:\/\/navarrsotillo.com\/wp-content\/uploads\/2021\/07\/ANTONITA-BLANCO_fr.pdf\" target=\"_blank\" rel=\"noopener\">Fiche Technique<\/a><\/p>\n<p>C\u00e9page: Tempranillo Blanc<\/p>\n","protected":false},"featured_media":5007,"comment_status":"open","ping_status":"closed","template":"","meta":[],"product_cat":[67,65],"product_tag":[],"class_list":{"0":"post-5005","1":"product","2":"type-product","3":"status-publish","4":"has-post-thumbnail","6":"product_cat-antonita-fr","7":"product_cat-white-wines-fr","9":"first","10":"instock","11":"taxable","12":"shipping-taxable","13":"purchasable","14":"product-type-simple"},"yoast_head":"<!-- This site is optimized with the Yoast SEO plugin v23.8 - https:\/\/yoast.com\/wordpress\/plugins\/seo\/ -->\n<title>Anto\u00f1ita Blanc - Bodegas Navarrsotillo<\/title>\n<meta name=\"description\" content=\"Vin jeune certifi\u00e9 d\u2019agriculture biologique avec une belle couleur jaune l\u00e9g\u00e8re et brillante et des reflets verts.\" \/>\n<meta name=\"robots\" content=\"index, follow, max-snippet:-1, max-image-preview:large, max-video-preview:-1\" \/>\n<link rel=\"canonical\" href=\"https:\/\/navarrsotillo.com\/fr\/producto\/antonita-blanc\/\" \/>\n<meta property=\"og:locale\" content=\"fr_FR\" \/>\n<meta property=\"og:type\" content=\"article\" \/>\n<meta property=\"og:title\" content=\"Anto\u00f1ita Blanc - Bodegas Navarrsotillo\" \/>\n<meta property=\"og:description\" content=\"Vin jeune certifi\u00e9 d\u2019agriculture biologique avec une belle couleur jaune l\u00e9g\u00e8re et brillante et des reflets verts.\" \/>\n<meta property=\"og:url\" content=\"https:\/\/navarrsotillo.com\/fr\/producto\/antonita-blanc\/\" \/>\n<meta property=\"og:site_name\" content=\"Bodegas Navarrsotillo\" \/>\n<meta property=\"article:modified_time\" content=\"2021-07-07T10:33:39+00:00\" \/>\n<meta property=\"og:image\" content=\"https:\/\/navarrsotillo.com\/wp-content\/uploads\/2016\/03\/antonitablancoSC.png\" \/>\n\t<meta property=\"og:image:width\" content=\"700\" \/>\n\t<meta property=\"og:image:height\" content=\"1021\" \/>\n\t<meta property=\"og:image:type\" content=\"image\/png\" \/>\n<meta name=\"twitter:card\" content=\"summary_large_image\" \/>\n<script type=\"application\/ld+json\" class=\"yoast-schema-graph\">{\"@context\":\"https:\/\/schema.org\",\"@graph\":[{\"@type\":\"WebPage\",\"@id\":\"https:\/\/navarrsotillo.com\/fr\/producto\/antonita-blanc\/\",\"url\":\"https:\/\/navarrsotillo.com\/fr\/producto\/antonita-blanc\/\",\"name\":\"Anto\u00f1ita Blanc - Bodegas Navarrsotillo\",\"isPartOf\":{\"@id\":\"https:\/\/navarrsotillo.com\/#website\"},\"primaryImageOfPage\":{\"@id\":\"https:\/\/navarrsotillo.com\/fr\/producto\/antonita-blanc\/#primaryimage\"},\"image\":{\"@id\":\"https:\/\/navarrsotillo.com\/fr\/producto\/antonita-blanc\/#primaryimage\"},\"thumbnailUrl\":\"https:\/\/navarrsotillo.com\/wp-content\/uploads\/2016\/03\/antonitablancoSC.png\",\"datePublished\":\"2016-03-27T16:11:42+00:00\",\"dateModified\":\"2021-07-07T10:33:39+00:00\",\"description\":\"Vin jeune certifi\u00e9 d\u2019agriculture biologique avec une belle couleur jaune l\u00e9g\u00e8re et brillante et des reflets verts.\",\"breadcrumb\":{\"@id\":\"https:\/\/navarrsotillo.com\/fr\/producto\/antonita-blanc\/#breadcrumb\"},\"inLanguage\":\"fr-FR\",\"potentialAction\":[{\"@type\":\"ReadAction\",\"target\":[\"https:\/\/navarrsotillo.com\/fr\/producto\/antonita-blanc\/\"]}]},{\"@type\":\"ImageObject\",\"inLanguage\":\"fr-FR\",\"@id\":\"https:\/\/navarrsotillo.com\/fr\/producto\/antonita-blanc\/#primaryimage\",\"url\":\"https:\/\/navarrsotillo.com\/wp-content\/uploads\/2016\/03\/antonitablancoSC.png\",\"contentUrl\":\"https:\/\/navarrsotillo.com\/wp-content\/uploads\/2016\/03\/antonitablancoSC.png\",\"width\":700,\"height\":1021},{\"@type\":\"BreadcrumbList\",\"@id\":\"https:\/\/navarrsotillo.com\/fr\/producto\/antonita-blanc\/#breadcrumb\",\"itemListElement\":[{\"@type\":\"ListItem\",\"position\":1,\"name\":\"Portada\",\"item\":\"https:\/\/navarrsotillo.com\/fr\/\"},{\"@type\":\"ListItem\",\"position\":2,\"name\":\"Vinos\",\"item\":\"https:\/\/navarrsotillo.com\/wines\/\"},{\"@type\":\"ListItem\",\"position\":3,\"name\":\"Anto\u00f1ita Blanc\"}]},{\"@type\":\"WebSite\",\"@id\":\"https:\/\/navarrsotillo.com\/#website\",\"url\":\"https:\/\/navarrsotillo.com\/\",\"name\":\"Bodegas Navarrsotillo\",\"description\":\"Vinos ecol\u00f3gicos de Rioja\",\"potentialAction\":[{\"@type\":\"SearchAction\",\"target\":{\"@type\":\"EntryPoint\",\"urlTemplate\":\"https:\/\/navarrsotillo.com\/?s={search_term_string}\"},\"query-input\":{\"@type\":\"PropertyValueSpecification\",\"valueRequired\":true,\"valueName\":\"search_term_string\"}}],\"inLanguage\":\"fr-FR\"}]}<\/script>\n<!-- \/ Yoast SEO plugin. -->","yoast_head_json":{"title":"Anto\u00f1ita Blanc - Bodegas Navarrsotillo","description":"Vin jeune certifi\u00e9 d\u2019agriculture biologique avec une belle couleur jaune l\u00e9g\u00e8re et brillante et des reflets verts.","robots":{"index":"index","follow":"follow","max-snippet":"max-snippet:-1","max-image-preview":"max-image-preview:large","max-video-preview":"max-video-preview:-1"},"canonical":"https:\/\/navarrsotillo.com\/fr\/producto\/antonita-blanc\/","og_locale":"fr_FR","og_type":"article","og_title":"Anto\u00f1ita Blanc - Bodegas Navarrsotillo","og_description":"Vin jeune certifi\u00e9 d\u2019agriculture biologique avec une belle couleur jaune l\u00e9g\u00e8re et brillante et des reflets verts.","og_url":"https:\/\/navarrsotillo.com\/fr\/producto\/antonita-blanc\/","og_site_name":"Bodegas Navarrsotillo","article_modified_time":"2021-07-07T10:33:39+00:00","og_image":[{"width":700,"height":1021,"url":"https:\/\/navarrsotillo.com\/wp-content\/uploads\/2016\/03\/antonitablancoSC.png","type":"image\/png"}],"twitter_card":"summary_large_image","schema":{"@context":"https:\/\/schema.org","@graph":[{"@type":"WebPage","@id":"https:\/\/navarrsotillo.com\/fr\/producto\/antonita-blanc\/","url":"https:\/\/navarrsotillo.com\/fr\/producto\/antonita-blanc\/","name":"Anto\u00f1ita Blanc - Bodegas Navarrsotillo","isPartOf":{"@id":"https:\/\/navarrsotillo.com\/#website"},"primaryImageOfPage":{"@id":"https:\/\/navarrsotillo.com\/fr\/producto\/antonita-blanc\/#primaryimage"},"image":{"@id":"https:\/\/navarrsotillo.com\/fr\/producto\/antonita-blanc\/#primaryimage"},"thumbnailUrl":"https:\/\/navarrsotillo.com\/wp-content\/uploads\/2016\/03\/antonitablancoSC.png","datePublished":"2016-03-27T16:11:42+00:00","dateModified":"2021-07-07T10:33:39+00:00","description":"Vin jeune certifi\u00e9 d\u2019agriculture biologique avec une belle couleur jaune l\u00e9g\u00e8re et brillante et des reflets verts.","breadcrumb":{"@id":"https:\/\/navarrsotillo.com\/fr\/producto\/antonita-blanc\/#breadcrumb"},"inLanguage":"fr-FR","potentialAction":[{"@type":"ReadAction","target":["https:\/\/navarrsotillo.com\/fr\/producto\/antonita-blanc\/"]}]},{"@type":"ImageObject","inLanguage":"fr-FR","@id":"https:\/\/navarrsotillo.com\/fr\/producto\/antonita-blanc\/#primaryimage","url":"https:\/\/navarrsotillo.com\/wp-content\/uploads\/2016\/03\/antonitablancoSC.png","contentUrl":"https:\/\/navarrsotillo.com\/wp-content\/uploads\/2016\/03\/antonitablancoSC.png","width":700,"height":1021},{"@type":"BreadcrumbList","@id":"https:\/\/navarrsotillo.com\/fr\/producto\/antonita-blanc\/#breadcrumb","itemListElement":[{"@type":"ListItem","position":1,"name":"Portada","item":"https:\/\/navarrsotillo.com\/fr\/"},{"@type":"ListItem","position":2,"name":"Vinos","item":"https:\/\/navarrsotillo.com\/wines\/"},{"@type":"ListItem","position":3,"name":"Anto\u00f1ita Blanc"}]},{"@type":"WebSite","@id":"https:\/\/navarrsotillo.com\/#website","url":"https:\/\/navarrsotillo.com\/","name":"Bodegas Navarrsotillo","description":"Vinos ecol\u00f3gicos de Rioja","potentialAction":[{"@type":"SearchAction","target":{"@type":"EntryPoint","urlTemplate":"https:\/\/navarrsotillo.com\/?s={search_term_string}"},"query-input":{"@type":"PropertyValueSpecification","valueRequired":true,"valueName":"search_term_string"}}],"inLanguage":"fr-FR"}]}},"_links":{"self":[{"href":"https:\/\/navarrsotillo.com\/fr\/wp-json\/wp\/v2\/product\/5005","targetHints":{"allow":["GET"]}}],"collection":[{"href":"https:\/\/navarrsotillo.com\/fr\/wp-json\/wp\/v2\/product"}],"about":[{"href":"https:\/\/navarrsotillo.com\/fr\/wp-json\/wp\/v2\/types\/product"}],"replies":[{"embeddable":true,"href":"https:\/\/navarrsotillo.com\/fr\/wp-json\/wp\/v2\/comments?post=5005"}],"wp:featuredmedia":[{"embeddable":true,"href":"https:\/\/navarrsotillo.com\/fr\/wp-json\/wp\/v2\/media\/5007"}],"wp:attachment":[{"href":"https:\/\/navarrsotillo.com\/fr\/wp-json\/wp\/v2\/media?parent=5005"}],"wp:term":[{"taxonomy":"product_cat","embeddable":true,"href":"https:\/\/navarrsotillo.com\/fr\/wp-json\/wp\/v2\/product_cat?post=5005"},{"taxonomy":"product_tag","embeddable":true,"href":"https:\/\/navarrsotillo.com\/fr\/wp-json\/wp\/v2\/product_tag?post=5005"}],"curies":[{"name":"wp","href":"https:\/\/api.w.org\/{rel}","templated":true}]}}