{"id":5010,"date":"2016-03-27T16:04:32","date_gmt":"2016-03-27T16:04:32","guid":{"rendered":"https:\/\/navarrsotillo.com\/producto\/antonita-rose\/"},"modified":"2021-07-07T10:35:24","modified_gmt":"2021-07-07T10:35:24","slug":"antonita-rose","status":"publish","type":"product","link":"https:\/\/navarrsotillo.com\/fr\/producto\/antonita-rose\/","title":{"rendered":"Anto\u00f1ita Ros\u00e9"},"content":{"rendered":"","protected":false},"excerpt":{"rendered":"<p>Vin jeune certifi\u00e9 d\u2019agriculture biologique, pr\u00e9sentant une jolie couleur rose p\u00e2le et brillante qui invite \u00e0 la joie et \u00e0 la f\u00eate. Son ar\u00f4me est floral et d\u00e9licat, avec des notes de fruits blancs. En bouche, il est frais avec une bonne acidit\u00e9 et un \u00e9l\u00e9gant go\u00fbt de cerise qui invite \u00e0 y revenir. <\/p>\n<p><a href=\"https:\/\/navarrsotillo.com\/wp-content\/uploads\/2021\/07\/ANTONITA-ROSE_fr.pdf\" target=\"_blank\" rel=\"noopener\">Fiche Technique<\/a><\/p>\n<p>C\u00e9page: Grenache Noir<\/p>\n","protected":false},"featured_media":5012,"comment_status":"open","ping_status":"closed","template":"","meta":[],"product_cat":[67,64],"product_tag":[62,63],"class_list":{"0":"post-5010","1":"product","2":"type-product","3":"status-publish","4":"has-post-thumbnail","6":"product_cat-antonita-fr","7":"product_cat-rose-wines-fr","8":"product_tag-red-fr","9":"product_tag-wine-fr","11":"first","12":"instock","13":"taxable","14":"shipping-taxable","15":"purchasable","16":"product-type-simple"},"yoast_head":"<!-- This site is optimized with the Yoast SEO plugin v23.8 - https:\/\/yoast.com\/wordpress\/plugins\/seo\/ -->\n<title>Anto\u00f1ita Ros\u00e9 - Bodegas Navarrsotillo<\/title>\n<meta name=\"description\" content=\"Vin jeune certifi\u00e9 d\u2019agriculture biologique, pr\u00e9sentant une jolie couleur rose p\u00e2le et brillante qui invite \u00e0 la joie et \u00e0 la f\u00eate.\" \/>\n<meta name=\"robots\" content=\"index, follow, max-snippet:-1, max-image-preview:large, max-video-preview:-1\" \/>\n<link rel=\"canonical\" href=\"https:\/\/navarrsotillo.com\/fr\/producto\/antonita-rose\/\" \/>\n<meta property=\"og:locale\" content=\"fr_FR\" \/>\n<meta property=\"og:type\" content=\"article\" \/>\n<meta property=\"og:title\" content=\"Anto\u00f1ita Ros\u00e9 - Bodegas Navarrsotillo\" \/>\n<meta property=\"og:description\" content=\"Vin jeune certifi\u00e9 d\u2019agriculture biologique, pr\u00e9sentant une jolie couleur rose p\u00e2le et brillante qui invite \u00e0 la joie et \u00e0 la f\u00eate.\" \/>\n<meta property=\"og:url\" content=\"https:\/\/navarrsotillo.com\/fr\/producto\/antonita-rose\/\" \/>\n<meta property=\"og:site_name\" content=\"Bodegas Navarrsotillo\" \/>\n<meta property=\"article:modified_time\" content=\"2021-07-07T10:35:24+00:00\" \/>\n<meta property=\"og:image\" content=\"https:\/\/navarrsotillo.com\/wp-content\/uploads\/2016\/03\/antonita_rose_SC.png\" \/>\n\t<meta property=\"og:image:width\" content=\"700\" \/>\n\t<meta property=\"og:image:height\" content=\"1021\" \/>\n\t<meta property=\"og:image:type\" content=\"image\/png\" \/>\n<meta name=\"twitter:card\" content=\"summary_large_image\" \/>\n<script type=\"application\/ld+json\" class=\"yoast-schema-graph\">{\"@context\":\"https:\/\/schema.org\",\"@graph\":[{\"@type\":\"WebPage\",\"@id\":\"https:\/\/navarrsotillo.com\/fr\/producto\/antonita-rose\/\",\"url\":\"https:\/\/navarrsotillo.com\/fr\/producto\/antonita-rose\/\",\"name\":\"Anto\u00f1ita Ros\u00e9 - Bodegas Navarrsotillo\",\"isPartOf\":{\"@id\":\"https:\/\/navarrsotillo.com\/#website\"},\"primaryImageOfPage\":{\"@id\":\"https:\/\/navarrsotillo.com\/fr\/producto\/antonita-rose\/#primaryimage\"},\"image\":{\"@id\":\"https:\/\/navarrsotillo.com\/fr\/producto\/antonita-rose\/#primaryimage\"},\"thumbnailUrl\":\"https:\/\/navarrsotillo.com\/wp-content\/uploads\/2016\/03\/antonita_rose_SC.png\",\"datePublished\":\"2016-03-27T16:04:32+00:00\",\"dateModified\":\"2021-07-07T10:35:24+00:00\",\"description\":\"Vin jeune certifi\u00e9 d\u2019agriculture biologique, pr\u00e9sentant une jolie couleur rose p\u00e2le et brillante qui invite \u00e0 la joie et \u00e0 la f\u00eate.\",\"breadcrumb\":{\"@id\":\"https:\/\/navarrsotillo.com\/fr\/producto\/antonita-rose\/#breadcrumb\"},\"inLanguage\":\"fr-FR\",\"potentialAction\":[{\"@type\":\"ReadAction\",\"target\":[\"https:\/\/navarrsotillo.com\/fr\/producto\/antonita-rose\/\"]}]},{\"@type\":\"ImageObject\",\"inLanguage\":\"fr-FR\",\"@id\":\"https:\/\/navarrsotillo.com\/fr\/producto\/antonita-rose\/#primaryimage\",\"url\":\"https:\/\/navarrsotillo.com\/wp-content\/uploads\/2016\/03\/antonita_rose_SC.png\",\"contentUrl\":\"https:\/\/navarrsotillo.com\/wp-content\/uploads\/2016\/03\/antonita_rose_SC.png\",\"width\":700,\"height\":1021},{\"@type\":\"BreadcrumbList\",\"@id\":\"https:\/\/navarrsotillo.com\/fr\/producto\/antonita-rose\/#breadcrumb\",\"itemListElement\":[{\"@type\":\"ListItem\",\"position\":1,\"name\":\"Portada\",\"item\":\"https:\/\/navarrsotillo.com\/fr\/\"},{\"@type\":\"ListItem\",\"position\":2,\"name\":\"Vinos\",\"item\":\"https:\/\/navarrsotillo.com\/wines\/\"},{\"@type\":\"ListItem\",\"position\":3,\"name\":\"Anto\u00f1ita Ros\u00e9\"}]},{\"@type\":\"WebSite\",\"@id\":\"https:\/\/navarrsotillo.com\/#website\",\"url\":\"https:\/\/navarrsotillo.com\/\",\"name\":\"Bodegas Navarrsotillo\",\"description\":\"Vinos ecol\u00f3gicos de Rioja\",\"potentialAction\":[{\"@type\":\"SearchAction\",\"target\":{\"@type\":\"EntryPoint\",\"urlTemplate\":\"https:\/\/navarrsotillo.com\/?s={search_term_string}\"},\"query-input\":{\"@type\":\"PropertyValueSpecification\",\"valueRequired\":true,\"valueName\":\"search_term_string\"}}],\"inLanguage\":\"fr-FR\"}]}<\/script>\n<!-- \/ Yoast SEO plugin. -->","yoast_head_json":{"title":"Anto\u00f1ita Ros\u00e9 - Bodegas Navarrsotillo","description":"Vin jeune certifi\u00e9 d\u2019agriculture biologique, pr\u00e9sentant une jolie couleur rose p\u00e2le et brillante qui invite \u00e0 la joie et \u00e0 la f\u00eate.","robots":{"index":"index","follow":"follow","max-snippet":"max-snippet:-1","max-image-preview":"max-image-preview:large","max-video-preview":"max-video-preview:-1"},"canonical":"https:\/\/navarrsotillo.com\/fr\/producto\/antonita-rose\/","og_locale":"fr_FR","og_type":"article","og_title":"Anto\u00f1ita Ros\u00e9 - Bodegas Navarrsotillo","og_description":"Vin jeune certifi\u00e9 d\u2019agriculture biologique, pr\u00e9sentant une jolie couleur rose p\u00e2le et brillante qui invite \u00e0 la joie et \u00e0 la f\u00eate.","og_url":"https:\/\/navarrsotillo.com\/fr\/producto\/antonita-rose\/","og_site_name":"Bodegas Navarrsotillo","article_modified_time":"2021-07-07T10:35:24+00:00","og_image":[{"width":700,"height":1021,"url":"https:\/\/navarrsotillo.com\/wp-content\/uploads\/2016\/03\/antonita_rose_SC.png","type":"image\/png"}],"twitter_card":"summary_large_image","schema":{"@context":"https:\/\/schema.org","@graph":[{"@type":"WebPage","@id":"https:\/\/navarrsotillo.com\/fr\/producto\/antonita-rose\/","url":"https:\/\/navarrsotillo.com\/fr\/producto\/antonita-rose\/","name":"Anto\u00f1ita Ros\u00e9 - Bodegas Navarrsotillo","isPartOf":{"@id":"https:\/\/navarrsotillo.com\/#website"},"primaryImageOfPage":{"@id":"https:\/\/navarrsotillo.com\/fr\/producto\/antonita-rose\/#primaryimage"},"image":{"@id":"https:\/\/navarrsotillo.com\/fr\/producto\/antonita-rose\/#primaryimage"},"thumbnailUrl":"https:\/\/navarrsotillo.com\/wp-content\/uploads\/2016\/03\/antonita_rose_SC.png","datePublished":"2016-03-27T16:04:32+00:00","dateModified":"2021-07-07T10:35:24+00:00","description":"Vin jeune certifi\u00e9 d\u2019agriculture biologique, pr\u00e9sentant une jolie couleur rose p\u00e2le et brillante qui invite \u00e0 la joie et \u00e0 la f\u00eate.","breadcrumb":{"@id":"https:\/\/navarrsotillo.com\/fr\/producto\/antonita-rose\/#breadcrumb"},"inLanguage":"fr-FR","potentialAction":[{"@type":"ReadAction","target":["https:\/\/navarrsotillo.com\/fr\/producto\/antonita-rose\/"]}]},{"@type":"ImageObject","inLanguage":"fr-FR","@id":"https:\/\/navarrsotillo.com\/fr\/producto\/antonita-rose\/#primaryimage","url":"https:\/\/navarrsotillo.com\/wp-content\/uploads\/2016\/03\/antonita_rose_SC.png","contentUrl":"https:\/\/navarrsotillo.com\/wp-content\/uploads\/2016\/03\/antonita_rose_SC.png","width":700,"height":1021},{"@type":"BreadcrumbList","@id":"https:\/\/navarrsotillo.com\/fr\/producto\/antonita-rose\/#breadcrumb","itemListElement":[{"@type":"ListItem","position":1,"name":"Portada","item":"https:\/\/navarrsotillo.com\/fr\/"},{"@type":"ListItem","position":2,"name":"Vinos","item":"https:\/\/navarrsotillo.com\/wines\/"},{"@type":"ListItem","position":3,"name":"Anto\u00f1ita Ros\u00e9"}]},{"@type":"WebSite","@id":"https:\/\/navarrsotillo.com\/#website","url":"https:\/\/navarrsotillo.com\/","name":"Bodegas Navarrsotillo","description":"Vinos ecol\u00f3gicos de Rioja","potentialAction":[{"@type":"SearchAction","target":{"@type":"EntryPoint","urlTemplate":"https:\/\/navarrsotillo.com\/?s={search_term_string}"},"query-input":{"@type":"PropertyValueSpecification","valueRequired":true,"valueName":"search_term_string"}}],"inLanguage":"fr-FR"}]}},"_links":{"self":[{"href":"https:\/\/navarrsotillo.com\/fr\/wp-json\/wp\/v2\/product\/5010","targetHints":{"allow":["GET"]}}],"collection":[{"href":"https:\/\/navarrsotillo.com\/fr\/wp-json\/wp\/v2\/product"}],"about":[{"href":"https:\/\/navarrsotillo.com\/fr\/wp-json\/wp\/v2\/types\/product"}],"replies":[{"embeddable":true,"href":"https:\/\/navarrsotillo.com\/fr\/wp-json\/wp\/v2\/comments?post=5010"}],"wp:featuredmedia":[{"embeddable":true,"href":"https:\/\/navarrsotillo.com\/fr\/wp-json\/wp\/v2\/media\/5012"}],"wp:attachment":[{"href":"https:\/\/navarrsotillo.com\/fr\/wp-json\/wp\/v2\/media?parent=5010"}],"wp:term":[{"taxonomy":"product_cat","embeddable":true,"href":"https:\/\/navarrsotillo.com\/fr\/wp-json\/wp\/v2\/product_cat?post=5010"},{"taxonomy":"product_tag","embeddable":true,"href":"https:\/\/navarrsotillo.com\/fr\/wp-json\/wp\/v2\/product_tag?post=5010"}],"curies":[{"name":"wp","href":"https:\/\/api.w.org\/{rel}","templated":true}]}}