{"id":5016,"date":"2017-10-05T07:55:50","date_gmt":"2017-10-05T07:55:50","guid":{"rendered":"https:\/\/navarrsotillo.com\/producto\/antonita-tempranillo-crianza\/"},"modified":"2021-07-07T10:34:37","modified_gmt":"2021-07-07T10:34:37","slug":"antonita-tempranillo-crianza","status":"publish","type":"product","link":"https:\/\/navarrsotillo.com\/fr\/producto\/antonita-tempranillo-crianza\/","title":{"rendered":"Anto\u00f1ita Tempranillo Crianza"},"content":{"rendered":"<p>[vc_row content_placement=\u00a0\u00bbtop\u00a0\u00bb][vc_column][vc_column_text]<strong>PREMIOS:<\/strong><\/p>\n<p><strong>Cosecha 2014:<\/strong><br \/>\nMedalla de Oro (90+) Gilbert &amp; Gaillard International Competition 2017[\/vc_column_text][\/vc_column][\/vc_row]<\/p>\n","protected":false},"excerpt":{"rendered":"<p>Notre vin crianza, certifi\u00e9 d\u2019agriculture biologique Rioja, pr\u00e9sente un \u00e9l\u00e9gante couleur rouge cerise avec un bord rubis, des tons tuile et ocre. L\u2019odeur exprime des notes marqu\u00e9es de fruits m\u00fbrs et des nuances de vanille, de cuir et de lait, tout en d\u00e9couvrant un l\u00e9ger fond de r\u00e9glisse. <\/p>\n<p><a href=\"https:\/\/navarrsotillo.com\/wp-content\/uploads\/2021\/07\/ANTONITA-CRIANZA_fr.pdf\" target=\"_blank\" rel=\"noopener\">Fiche Technique<\/a><\/p>\n<p>C\u00e9page: Tempranillo Noir<\/p>\n","protected":false},"featured_media":5017,"comment_status":"open","ping_status":"closed","template":"","meta":[],"product_cat":[67,65],"product_tag":[],"class_list":{"0":"post-5016","1":"product","2":"type-product","3":"status-publish","4":"has-post-thumbnail","6":"product_cat-antonita-fr","7":"product_cat-white-wines-fr","9":"first","10":"instock","11":"taxable","12":"shipping-taxable","13":"purchasable","14":"product-type-simple"},"yoast_head":"<!-- This site is optimized with the Yoast SEO plugin v23.8 - https:\/\/yoast.com\/wordpress\/plugins\/seo\/ -->\n<title>Anto\u00f1ita Tempranillo Crianza - Bodegas Navarrsotillo<\/title>\n<meta name=\"description\" content=\"Notre vin crianza, certifi\u00e9 d\u2019agriculture biologique Rioja, pr\u00e9sente un \u00e9l\u00e9gante couleur rouge cerise avec un bord rubis, des tons tuile et ocre.\" \/>\n<meta name=\"robots\" content=\"index, follow, max-snippet:-1, max-image-preview:large, max-video-preview:-1\" \/>\n<link rel=\"canonical\" href=\"https:\/\/navarrsotillo.com\/fr\/producto\/antonita-tempranillo-crianza\/\" \/>\n<meta property=\"og:locale\" content=\"fr_FR\" \/>\n<meta property=\"og:type\" content=\"article\" \/>\n<meta property=\"og:title\" content=\"Anto\u00f1ita Tempranillo Crianza - Bodegas Navarrsotillo\" \/>\n<meta property=\"og:description\" content=\"Notre vin crianza, certifi\u00e9 d\u2019agriculture biologique Rioja, pr\u00e9sente un \u00e9l\u00e9gante couleur rouge cerise avec un bord rubis, des tons tuile et ocre.\" \/>\n<meta property=\"og:url\" content=\"https:\/\/navarrsotillo.com\/fr\/producto\/antonita-tempranillo-crianza\/\" \/>\n<meta property=\"og:site_name\" content=\"Bodegas Navarrsotillo\" \/>\n<meta property=\"article:modified_time\" content=\"2021-07-07T10:34:37+00:00\" \/>\n<meta property=\"og:image\" content=\"https:\/\/navarrsotillo.com\/wp-content\/uploads\/2017\/10\/ANTO-CRIANZA.png\" \/>\n\t<meta property=\"og:image:width\" content=\"700\" \/>\n\t<meta property=\"og:image:height\" content=\"1021\" \/>\n\t<meta property=\"og:image:type\" content=\"image\/png\" \/>\n<meta name=\"twitter:card\" content=\"summary_large_image\" \/>\n<script type=\"application\/ld+json\" class=\"yoast-schema-graph\">{\"@context\":\"https:\/\/schema.org\",\"@graph\":[{\"@type\":\"WebPage\",\"@id\":\"https:\/\/navarrsotillo.com\/fr\/producto\/antonita-tempranillo-crianza\/\",\"url\":\"https:\/\/navarrsotillo.com\/fr\/producto\/antonita-tempranillo-crianza\/\",\"name\":\"Anto\u00f1ita Tempranillo Crianza - Bodegas Navarrsotillo\",\"isPartOf\":{\"@id\":\"https:\/\/navarrsotillo.com\/#website\"},\"primaryImageOfPage\":{\"@id\":\"https:\/\/navarrsotillo.com\/fr\/producto\/antonita-tempranillo-crianza\/#primaryimage\"},\"image\":{\"@id\":\"https:\/\/navarrsotillo.com\/fr\/producto\/antonita-tempranillo-crianza\/#primaryimage\"},\"thumbnailUrl\":\"https:\/\/navarrsotillo.com\/wp-content\/uploads\/2017\/10\/ANTO-CRIANZA.png\",\"datePublished\":\"2017-10-05T07:55:50+00:00\",\"dateModified\":\"2021-07-07T10:34:37+00:00\",\"description\":\"Notre vin crianza, certifi\u00e9 d\u2019agriculture biologique Rioja, pr\u00e9sente un \u00e9l\u00e9gante couleur rouge cerise avec un bord rubis, des tons tuile et ocre.\",\"breadcrumb\":{\"@id\":\"https:\/\/navarrsotillo.com\/fr\/producto\/antonita-tempranillo-crianza\/#breadcrumb\"},\"inLanguage\":\"fr-FR\",\"potentialAction\":[{\"@type\":\"ReadAction\",\"target\":[\"https:\/\/navarrsotillo.com\/fr\/producto\/antonita-tempranillo-crianza\/\"]}]},{\"@type\":\"ImageObject\",\"inLanguage\":\"fr-FR\",\"@id\":\"https:\/\/navarrsotillo.com\/fr\/producto\/antonita-tempranillo-crianza\/#primaryimage\",\"url\":\"https:\/\/navarrsotillo.com\/wp-content\/uploads\/2017\/10\/ANTO-CRIANZA.png\",\"contentUrl\":\"https:\/\/navarrsotillo.com\/wp-content\/uploads\/2017\/10\/ANTO-CRIANZA.png\",\"width\":700,\"height\":1021},{\"@type\":\"BreadcrumbList\",\"@id\":\"https:\/\/navarrsotillo.com\/fr\/producto\/antonita-tempranillo-crianza\/#breadcrumb\",\"itemListElement\":[{\"@type\":\"ListItem\",\"position\":1,\"name\":\"Portada\",\"item\":\"https:\/\/navarrsotillo.com\/fr\/\"},{\"@type\":\"ListItem\",\"position\":2,\"name\":\"Vinos\",\"item\":\"https:\/\/navarrsotillo.com\/wines\/\"},{\"@type\":\"ListItem\",\"position\":3,\"name\":\"Anto\u00f1ita Tempranillo Crianza\"}]},{\"@type\":\"WebSite\",\"@id\":\"https:\/\/navarrsotillo.com\/#website\",\"url\":\"https:\/\/navarrsotillo.com\/\",\"name\":\"Bodegas Navarrsotillo\",\"description\":\"Vinos ecol\u00f3gicos de Rioja\",\"potentialAction\":[{\"@type\":\"SearchAction\",\"target\":{\"@type\":\"EntryPoint\",\"urlTemplate\":\"https:\/\/navarrsotillo.com\/?s={search_term_string}\"},\"query-input\":{\"@type\":\"PropertyValueSpecification\",\"valueRequired\":true,\"valueName\":\"search_term_string\"}}],\"inLanguage\":\"fr-FR\"}]}<\/script>\n<!-- \/ Yoast SEO plugin. -->","yoast_head_json":{"title":"Anto\u00f1ita Tempranillo Crianza - Bodegas Navarrsotillo","description":"Notre vin crianza, certifi\u00e9 d\u2019agriculture biologique Rioja, pr\u00e9sente un \u00e9l\u00e9gante couleur rouge cerise avec un bord rubis, des tons tuile et ocre.","robots":{"index":"index","follow":"follow","max-snippet":"max-snippet:-1","max-image-preview":"max-image-preview:large","max-video-preview":"max-video-preview:-1"},"canonical":"https:\/\/navarrsotillo.com\/fr\/producto\/antonita-tempranillo-crianza\/","og_locale":"fr_FR","og_type":"article","og_title":"Anto\u00f1ita Tempranillo Crianza - Bodegas Navarrsotillo","og_description":"Notre vin crianza, certifi\u00e9 d\u2019agriculture biologique Rioja, pr\u00e9sente un \u00e9l\u00e9gante couleur rouge cerise avec un bord rubis, des tons tuile et ocre.","og_url":"https:\/\/navarrsotillo.com\/fr\/producto\/antonita-tempranillo-crianza\/","og_site_name":"Bodegas Navarrsotillo","article_modified_time":"2021-07-07T10:34:37+00:00","og_image":[{"width":700,"height":1021,"url":"https:\/\/navarrsotillo.com\/wp-content\/uploads\/2017\/10\/ANTO-CRIANZA.png","type":"image\/png"}],"twitter_card":"summary_large_image","schema":{"@context":"https:\/\/schema.org","@graph":[{"@type":"WebPage","@id":"https:\/\/navarrsotillo.com\/fr\/producto\/antonita-tempranillo-crianza\/","url":"https:\/\/navarrsotillo.com\/fr\/producto\/antonita-tempranillo-crianza\/","name":"Anto\u00f1ita Tempranillo Crianza - Bodegas Navarrsotillo","isPartOf":{"@id":"https:\/\/navarrsotillo.com\/#website"},"primaryImageOfPage":{"@id":"https:\/\/navarrsotillo.com\/fr\/producto\/antonita-tempranillo-crianza\/#primaryimage"},"image":{"@id":"https:\/\/navarrsotillo.com\/fr\/producto\/antonita-tempranillo-crianza\/#primaryimage"},"thumbnailUrl":"https:\/\/navarrsotillo.com\/wp-content\/uploads\/2017\/10\/ANTO-CRIANZA.png","datePublished":"2017-10-05T07:55:50+00:00","dateModified":"2021-07-07T10:34:37+00:00","description":"Notre vin crianza, certifi\u00e9 d\u2019agriculture biologique Rioja, pr\u00e9sente un \u00e9l\u00e9gante couleur rouge cerise avec un bord rubis, des tons tuile et ocre.","breadcrumb":{"@id":"https:\/\/navarrsotillo.com\/fr\/producto\/antonita-tempranillo-crianza\/#breadcrumb"},"inLanguage":"fr-FR","potentialAction":[{"@type":"ReadAction","target":["https:\/\/navarrsotillo.com\/fr\/producto\/antonita-tempranillo-crianza\/"]}]},{"@type":"ImageObject","inLanguage":"fr-FR","@id":"https:\/\/navarrsotillo.com\/fr\/producto\/antonita-tempranillo-crianza\/#primaryimage","url":"https:\/\/navarrsotillo.com\/wp-content\/uploads\/2017\/10\/ANTO-CRIANZA.png","contentUrl":"https:\/\/navarrsotillo.com\/wp-content\/uploads\/2017\/10\/ANTO-CRIANZA.png","width":700,"height":1021},{"@type":"BreadcrumbList","@id":"https:\/\/navarrsotillo.com\/fr\/producto\/antonita-tempranillo-crianza\/#breadcrumb","itemListElement":[{"@type":"ListItem","position":1,"name":"Portada","item":"https:\/\/navarrsotillo.com\/fr\/"},{"@type":"ListItem","position":2,"name":"Vinos","item":"https:\/\/navarrsotillo.com\/wines\/"},{"@type":"ListItem","position":3,"name":"Anto\u00f1ita Tempranillo Crianza"}]},{"@type":"WebSite","@id":"https:\/\/navarrsotillo.com\/#website","url":"https:\/\/navarrsotillo.com\/","name":"Bodegas Navarrsotillo","description":"Vinos ecol\u00f3gicos de Rioja","potentialAction":[{"@type":"SearchAction","target":{"@type":"EntryPoint","urlTemplate":"https:\/\/navarrsotillo.com\/?s={search_term_string}"},"query-input":{"@type":"PropertyValueSpecification","valueRequired":true,"valueName":"search_term_string"}}],"inLanguage":"fr-FR"}]}},"_links":{"self":[{"href":"https:\/\/navarrsotillo.com\/fr\/wp-json\/wp\/v2\/product\/5016","targetHints":{"allow":["GET"]}}],"collection":[{"href":"https:\/\/navarrsotillo.com\/fr\/wp-json\/wp\/v2\/product"}],"about":[{"href":"https:\/\/navarrsotillo.com\/fr\/wp-json\/wp\/v2\/types\/product"}],"replies":[{"embeddable":true,"href":"https:\/\/navarrsotillo.com\/fr\/wp-json\/wp\/v2\/comments?post=5016"}],"wp:featuredmedia":[{"embeddable":true,"href":"https:\/\/navarrsotillo.com\/fr\/wp-json\/wp\/v2\/media\/5017"}],"wp:attachment":[{"href":"https:\/\/navarrsotillo.com\/fr\/wp-json\/wp\/v2\/media?parent=5016"}],"wp:term":[{"taxonomy":"product_cat","embeddable":true,"href":"https:\/\/navarrsotillo.com\/fr\/wp-json\/wp\/v2\/product_cat?post=5016"},{"taxonomy":"product_tag","embeddable":true,"href":"https:\/\/navarrsotillo.com\/fr\/wp-json\/wp\/v2\/product_tag?post=5016"}],"curies":[{"name":"wp","href":"https:\/\/api.w.org\/{rel}","templated":true}]}}