{"id":5018,"date":"2021-03-19T16:28:29","date_gmt":"2021-03-19T16:28:29","guid":{"rendered":"https:\/\/navarrsotillo.com\/producto\/val-de-resa-tinto\/"},"modified":"2021-07-07T10:44:03","modified_gmt":"2021-07-07T10:44:03","slug":"val-de-resa-rouge","status":"publish","type":"product","link":"https:\/\/navarrsotillo.com\/fr\/producto\/val-de-resa-rouge\/","title":{"rendered":"Val de Resa Rouge"},"content":{"rendered":"<p>[vc_row content_placement=\u00a0\u00bbtop\u00a0\u00bb][vc_column][\/vc_column][\/vc_row]<\/p>\n","protected":false},"excerpt":{"rendered":"<p>Ce vin a une belle couleur rouge cerise avec des tons violets. Au nez, c\u2019est un vin \u00e9l\u00e9gant avec des ar\u00f4mes de fruits rouges m\u00e9diterran\u00e9ens qui d\u00e9notent sa fra\u00eecheur. Il pr\u00e9sente une entr\u00e9e puissante exprimant toutes les caract\u00e9ristiques du Tempranillo, son fruit et sa min\u00e9ralit\u00e9, un final long et tr\u00e8s agr\u00e9able qui invite \u00e0 y revenir.<\/p>\n<p><a href=\"https:\/\/navarrsotillo.com\/wp-content\/uploads\/2021\/07\/VAL-DE-RESA-TINTO_fr.pdf\" target=\"_blank\" rel=\"noopener\">Fiche Technique<\/a><\/p>\n<p>C\u00e9page: Tempranillo Noir<\/p>\n","protected":false},"featured_media":5019,"comment_status":"open","ping_status":"closed","template":"","meta":[],"product_cat":[61,68],"product_tag":[],"class_list":{"0":"post-5018","1":"product","2":"type-product","3":"status-publish","4":"has-post-thumbnail","6":"product_cat-red-wines-fr","7":"product_cat-val-de-resa-2-fr","9":"first","10":"instock","11":"taxable","12":"shipping-taxable","13":"purchasable","14":"product-type-simple"},"yoast_head":"<!-- This site is optimized with the Yoast SEO plugin v23.8 - https:\/\/yoast.com\/wordpress\/plugins\/seo\/ -->\n<title>Val de Resa Rouge - Bodegas Navarrsotillo<\/title>\n<meta name=\"description\" content=\"Ce vin a une belle couleur rouge cerise avec des tons violets. Au nez, c\u2019est un vin \u00e9l\u00e9gant avec des ar\u00f4mes de fruits rouges m\u00e9diterran\u00e9ens\" \/>\n<meta name=\"robots\" content=\"index, follow, max-snippet:-1, max-image-preview:large, max-video-preview:-1\" \/>\n<link rel=\"canonical\" href=\"https:\/\/navarrsotillo.com\/fr\/producto\/val-de-resa-rouge\/\" \/>\n<meta property=\"og:locale\" content=\"fr_FR\" \/>\n<meta property=\"og:type\" content=\"article\" \/>\n<meta property=\"og:title\" content=\"Val de Resa Rouge - Bodegas Navarrsotillo\" \/>\n<meta property=\"og:description\" content=\"Ce vin a une belle couleur rouge cerise avec des tons violets. Au nez, c\u2019est un vin \u00e9l\u00e9gant avec des ar\u00f4mes de fruits rouges m\u00e9diterran\u00e9ens\" \/>\n<meta property=\"og:url\" content=\"https:\/\/navarrsotillo.com\/fr\/producto\/val-de-resa-rouge\/\" \/>\n<meta property=\"og:site_name\" content=\"Bodegas Navarrsotillo\" \/>\n<meta property=\"article:modified_time\" content=\"2021-07-07T10:44:03+00:00\" \/>\n<meta property=\"og:image\" content=\"https:\/\/navarrsotillo.com\/wp-content\/uploads\/2021\/03\/Val-de-Resa-Tinto.png\" \/>\n\t<meta property=\"og:image:width\" content=\"700\" \/>\n\t<meta property=\"og:image:height\" content=\"1021\" \/>\n\t<meta property=\"og:image:type\" content=\"image\/png\" \/>\n<meta name=\"twitter:card\" content=\"summary_large_image\" \/>\n<meta name=\"twitter:label1\" content=\"Dur\u00e9e de lecture estim\u00e9e\" \/>\n\t<meta name=\"twitter:data1\" content=\"1 minute\" \/>\n<script type=\"application\/ld+json\" class=\"yoast-schema-graph\">{\"@context\":\"https:\/\/schema.org\",\"@graph\":[{\"@type\":\"WebPage\",\"@id\":\"https:\/\/navarrsotillo.com\/fr\/producto\/val-de-resa-rouge\/\",\"url\":\"https:\/\/navarrsotillo.com\/fr\/producto\/val-de-resa-rouge\/\",\"name\":\"Val de Resa Rouge - Bodegas Navarrsotillo\",\"isPartOf\":{\"@id\":\"https:\/\/navarrsotillo.com\/#website\"},\"primaryImageOfPage\":{\"@id\":\"https:\/\/navarrsotillo.com\/fr\/producto\/val-de-resa-rouge\/#primaryimage\"},\"image\":{\"@id\":\"https:\/\/navarrsotillo.com\/fr\/producto\/val-de-resa-rouge\/#primaryimage\"},\"thumbnailUrl\":\"https:\/\/navarrsotillo.com\/wp-content\/uploads\/2021\/03\/Val-de-Resa-Tinto.png\",\"datePublished\":\"2021-03-19T16:28:29+00:00\",\"dateModified\":\"2021-07-07T10:44:03+00:00\",\"description\":\"Ce vin a une belle couleur rouge cerise avec des tons violets. Au nez, c\u2019est un vin \u00e9l\u00e9gant avec des ar\u00f4mes de fruits rouges m\u00e9diterran\u00e9ens\",\"breadcrumb\":{\"@id\":\"https:\/\/navarrsotillo.com\/fr\/producto\/val-de-resa-rouge\/#breadcrumb\"},\"inLanguage\":\"fr-FR\",\"potentialAction\":[{\"@type\":\"ReadAction\",\"target\":[\"https:\/\/navarrsotillo.com\/fr\/producto\/val-de-resa-rouge\/\"]}]},{\"@type\":\"ImageObject\",\"inLanguage\":\"fr-FR\",\"@id\":\"https:\/\/navarrsotillo.com\/fr\/producto\/val-de-resa-rouge\/#primaryimage\",\"url\":\"https:\/\/navarrsotillo.com\/wp-content\/uploads\/2021\/03\/Val-de-Resa-Tinto.png\",\"contentUrl\":\"https:\/\/navarrsotillo.com\/wp-content\/uploads\/2021\/03\/Val-de-Resa-Tinto.png\",\"width\":700,\"height\":1021},{\"@type\":\"BreadcrumbList\",\"@id\":\"https:\/\/navarrsotillo.com\/fr\/producto\/val-de-resa-rouge\/#breadcrumb\",\"itemListElement\":[{\"@type\":\"ListItem\",\"position\":1,\"name\":\"Portada\",\"item\":\"https:\/\/navarrsotillo.com\/fr\/\"},{\"@type\":\"ListItem\",\"position\":2,\"name\":\"Vinos\",\"item\":\"https:\/\/navarrsotillo.com\/wines\/\"},{\"@type\":\"ListItem\",\"position\":3,\"name\":\"Val de Resa Rouge\"}]},{\"@type\":\"WebSite\",\"@id\":\"https:\/\/navarrsotillo.com\/#website\",\"url\":\"https:\/\/navarrsotillo.com\/\",\"name\":\"Bodegas Navarrsotillo\",\"description\":\"Vinos ecol\u00f3gicos de Rioja\",\"potentialAction\":[{\"@type\":\"SearchAction\",\"target\":{\"@type\":\"EntryPoint\",\"urlTemplate\":\"https:\/\/navarrsotillo.com\/?s={search_term_string}\"},\"query-input\":{\"@type\":\"PropertyValueSpecification\",\"valueRequired\":true,\"valueName\":\"search_term_string\"}}],\"inLanguage\":\"fr-FR\"}]}<\/script>\n<!-- \/ Yoast SEO plugin. -->","yoast_head_json":{"title":"Val de Resa Rouge - Bodegas Navarrsotillo","description":"Ce vin a une belle couleur rouge cerise avec des tons violets. Au nez, c\u2019est un vin \u00e9l\u00e9gant avec des ar\u00f4mes de fruits rouges m\u00e9diterran\u00e9ens","robots":{"index":"index","follow":"follow","max-snippet":"max-snippet:-1","max-image-preview":"max-image-preview:large","max-video-preview":"max-video-preview:-1"},"canonical":"https:\/\/navarrsotillo.com\/fr\/producto\/val-de-resa-rouge\/","og_locale":"fr_FR","og_type":"article","og_title":"Val de Resa Rouge - Bodegas Navarrsotillo","og_description":"Ce vin a une belle couleur rouge cerise avec des tons violets. Au nez, c\u2019est un vin \u00e9l\u00e9gant avec des ar\u00f4mes de fruits rouges m\u00e9diterran\u00e9ens","og_url":"https:\/\/navarrsotillo.com\/fr\/producto\/val-de-resa-rouge\/","og_site_name":"Bodegas Navarrsotillo","article_modified_time":"2021-07-07T10:44:03+00:00","og_image":[{"width":700,"height":1021,"url":"https:\/\/navarrsotillo.com\/wp-content\/uploads\/2021\/03\/Val-de-Resa-Tinto.png","type":"image\/png"}],"twitter_card":"summary_large_image","twitter_misc":{"Dur\u00e9e de lecture estim\u00e9e":"1 minute"},"schema":{"@context":"https:\/\/schema.org","@graph":[{"@type":"WebPage","@id":"https:\/\/navarrsotillo.com\/fr\/producto\/val-de-resa-rouge\/","url":"https:\/\/navarrsotillo.com\/fr\/producto\/val-de-resa-rouge\/","name":"Val de Resa Rouge - Bodegas Navarrsotillo","isPartOf":{"@id":"https:\/\/navarrsotillo.com\/#website"},"primaryImageOfPage":{"@id":"https:\/\/navarrsotillo.com\/fr\/producto\/val-de-resa-rouge\/#primaryimage"},"image":{"@id":"https:\/\/navarrsotillo.com\/fr\/producto\/val-de-resa-rouge\/#primaryimage"},"thumbnailUrl":"https:\/\/navarrsotillo.com\/wp-content\/uploads\/2021\/03\/Val-de-Resa-Tinto.png","datePublished":"2021-03-19T16:28:29+00:00","dateModified":"2021-07-07T10:44:03+00:00","description":"Ce vin a une belle couleur rouge cerise avec des tons violets. Au nez, c\u2019est un vin \u00e9l\u00e9gant avec des ar\u00f4mes de fruits rouges m\u00e9diterran\u00e9ens","breadcrumb":{"@id":"https:\/\/navarrsotillo.com\/fr\/producto\/val-de-resa-rouge\/#breadcrumb"},"inLanguage":"fr-FR","potentialAction":[{"@type":"ReadAction","target":["https:\/\/navarrsotillo.com\/fr\/producto\/val-de-resa-rouge\/"]}]},{"@type":"ImageObject","inLanguage":"fr-FR","@id":"https:\/\/navarrsotillo.com\/fr\/producto\/val-de-resa-rouge\/#primaryimage","url":"https:\/\/navarrsotillo.com\/wp-content\/uploads\/2021\/03\/Val-de-Resa-Tinto.png","contentUrl":"https:\/\/navarrsotillo.com\/wp-content\/uploads\/2021\/03\/Val-de-Resa-Tinto.png","width":700,"height":1021},{"@type":"BreadcrumbList","@id":"https:\/\/navarrsotillo.com\/fr\/producto\/val-de-resa-rouge\/#breadcrumb","itemListElement":[{"@type":"ListItem","position":1,"name":"Portada","item":"https:\/\/navarrsotillo.com\/fr\/"},{"@type":"ListItem","position":2,"name":"Vinos","item":"https:\/\/navarrsotillo.com\/wines\/"},{"@type":"ListItem","position":3,"name":"Val de Resa Rouge"}]},{"@type":"WebSite","@id":"https:\/\/navarrsotillo.com\/#website","url":"https:\/\/navarrsotillo.com\/","name":"Bodegas Navarrsotillo","description":"Vinos ecol\u00f3gicos de Rioja","potentialAction":[{"@type":"SearchAction","target":{"@type":"EntryPoint","urlTemplate":"https:\/\/navarrsotillo.com\/?s={search_term_string}"},"query-input":{"@type":"PropertyValueSpecification","valueRequired":true,"valueName":"search_term_string"}}],"inLanguage":"fr-FR"}]}},"_links":{"self":[{"href":"https:\/\/navarrsotillo.com\/fr\/wp-json\/wp\/v2\/product\/5018","targetHints":{"allow":["GET"]}}],"collection":[{"href":"https:\/\/navarrsotillo.com\/fr\/wp-json\/wp\/v2\/product"}],"about":[{"href":"https:\/\/navarrsotillo.com\/fr\/wp-json\/wp\/v2\/types\/product"}],"replies":[{"embeddable":true,"href":"https:\/\/navarrsotillo.com\/fr\/wp-json\/wp\/v2\/comments?post=5018"}],"wp:featuredmedia":[{"embeddable":true,"href":"https:\/\/navarrsotillo.com\/fr\/wp-json\/wp\/v2\/media\/5019"}],"wp:attachment":[{"href":"https:\/\/navarrsotillo.com\/fr\/wp-json\/wp\/v2\/media?parent=5018"}],"wp:term":[{"taxonomy":"product_cat","embeddable":true,"href":"https:\/\/navarrsotillo.com\/fr\/wp-json\/wp\/v2\/product_cat?post=5018"},{"taxonomy":"product_tag","embeddable":true,"href":"https:\/\/navarrsotillo.com\/fr\/wp-json\/wp\/v2\/product_tag?post=5018"}],"curies":[{"name":"wp","href":"https:\/\/api.w.org\/{rel}","templated":true}]}}