{"id":5023,"date":"2021-03-21T16:22:16","date_gmt":"2021-03-21T16:22:16","guid":{"rendered":"https:\/\/navarrsotillo.com\/producto\/val-de-resa-rose\/"},"modified":"2021-07-07T10:43:35","modified_gmt":"2021-07-07T10:43:35","slug":"val-de-resa-rose","status":"publish","type":"product","link":"https:\/\/navarrsotillo.com\/fr\/producto\/val-de-resa-rose\/","title":{"rendered":"Val de Resa Ros\u00e9"},"content":{"rendered":"<p>[vc_row content_placement=\u00a0\u00bbtop\u00a0\u00bb][vc_column][\/vc_column][\/vc_row]<\/p>\n","protected":false},"excerpt":{"rendered":"<p>Le Val de Resa Ros\u00e9 est \u00e9labor\u00e9 selon la m\u00e9thode traditionnelle de saign\u00e9e avec une mac\u00e9ration courte, tr\u00e8s courte, qui donne cette belle couleur rose vif. Apr\u00e8s le d\u00e9bourbage, le mo\u00fbt fermente dans des cuves en acier inoxydable \u00e0 temp\u00e9rature contr\u00f4l\u00e9e pendant six \u00e0 sept jours. <\/p>\n<p><a href=\"https:\/\/navarrsotillo.com\/wp-content\/uploads\/2021\/07\/VAL-DE-RESA-ROSE_fr.pdf\" target=\"_blank\" rel=\"noopener\">Fiche Technique<\/a><\/p>\n<p>C\u00e9page: Grenache Noir <\/p>\n","protected":false},"featured_media":5024,"comment_status":"open","ping_status":"closed","template":"","meta":[],"product_cat":[68],"product_tag":[],"class_list":{"0":"post-5023","1":"product","2":"type-product","3":"status-publish","4":"has-post-thumbnail","6":"product_cat-val-de-resa-2-fr","8":"first","9":"instock","10":"taxable","11":"shipping-taxable","12":"purchasable","13":"product-type-simple"},"yoast_head":"<!-- This site is optimized with the Yoast SEO plugin v23.8 - https:\/\/yoast.com\/wordpress\/plugins\/seo\/ -->\n<title>Val de Resa Ros\u00e9 - Bodegas Navarrsotillo<\/title>\n<meta name=\"description\" content=\"Le Val de Resa Ros\u00e9 est \u00e9labor\u00e9 selon la m\u00e9thode traditionnelle de saign\u00e9e avec une mac\u00e9ration courte, tr\u00e8s courte, qui donne cette belle\" \/>\n<meta name=\"robots\" content=\"index, follow, max-snippet:-1, max-image-preview:large, max-video-preview:-1\" \/>\n<link rel=\"canonical\" href=\"https:\/\/navarrsotillo.com\/fr\/producto\/val-de-resa-rose\/\" \/>\n<meta property=\"og:locale\" content=\"fr_FR\" \/>\n<meta property=\"og:type\" content=\"article\" \/>\n<meta property=\"og:title\" content=\"Val de Resa Ros\u00e9 - Bodegas Navarrsotillo\" \/>\n<meta property=\"og:description\" content=\"Le Val de Resa Ros\u00e9 est \u00e9labor\u00e9 selon la m\u00e9thode traditionnelle de saign\u00e9e avec une mac\u00e9ration courte, tr\u00e8s courte, qui donne cette belle\" \/>\n<meta property=\"og:url\" content=\"https:\/\/navarrsotillo.com\/fr\/producto\/val-de-resa-rose\/\" \/>\n<meta property=\"og:site_name\" content=\"Bodegas Navarrsotillo\" \/>\n<meta property=\"article:modified_time\" content=\"2021-07-07T10:43:35+00:00\" \/>\n<meta property=\"og:image\" content=\"https:\/\/navarrsotillo.com\/wp-content\/uploads\/2021\/03\/Val-de-Resa-Rose.png\" \/>\n\t<meta property=\"og:image:width\" content=\"700\" \/>\n\t<meta property=\"og:image:height\" content=\"1021\" \/>\n\t<meta property=\"og:image:type\" content=\"image\/png\" \/>\n<meta name=\"twitter:card\" content=\"summary_large_image\" \/>\n<meta name=\"twitter:label1\" content=\"Dur\u00e9e de lecture estim\u00e9e\" \/>\n\t<meta name=\"twitter:data1\" content=\"1 minute\" \/>\n<script type=\"application\/ld+json\" class=\"yoast-schema-graph\">{\"@context\":\"https:\/\/schema.org\",\"@graph\":[{\"@type\":\"WebPage\",\"@id\":\"https:\/\/navarrsotillo.com\/fr\/producto\/val-de-resa-rose\/\",\"url\":\"https:\/\/navarrsotillo.com\/fr\/producto\/val-de-resa-rose\/\",\"name\":\"Val de Resa Ros\u00e9 - Bodegas Navarrsotillo\",\"isPartOf\":{\"@id\":\"https:\/\/navarrsotillo.com\/#website\"},\"primaryImageOfPage\":{\"@id\":\"https:\/\/navarrsotillo.com\/fr\/producto\/val-de-resa-rose\/#primaryimage\"},\"image\":{\"@id\":\"https:\/\/navarrsotillo.com\/fr\/producto\/val-de-resa-rose\/#primaryimage\"},\"thumbnailUrl\":\"https:\/\/navarrsotillo.com\/wp-content\/uploads\/2021\/03\/Val-de-Resa-Rose.png\",\"datePublished\":\"2021-03-21T16:22:16+00:00\",\"dateModified\":\"2021-07-07T10:43:35+00:00\",\"description\":\"Le Val de Resa Ros\u00e9 est \u00e9labor\u00e9 selon la m\u00e9thode traditionnelle de saign\u00e9e avec une mac\u00e9ration courte, tr\u00e8s courte, qui donne cette belle\",\"breadcrumb\":{\"@id\":\"https:\/\/navarrsotillo.com\/fr\/producto\/val-de-resa-rose\/#breadcrumb\"},\"inLanguage\":\"fr-FR\",\"potentialAction\":[{\"@type\":\"ReadAction\",\"target\":[\"https:\/\/navarrsotillo.com\/fr\/producto\/val-de-resa-rose\/\"]}]},{\"@type\":\"ImageObject\",\"inLanguage\":\"fr-FR\",\"@id\":\"https:\/\/navarrsotillo.com\/fr\/producto\/val-de-resa-rose\/#primaryimage\",\"url\":\"https:\/\/navarrsotillo.com\/wp-content\/uploads\/2021\/03\/Val-de-Resa-Rose.png\",\"contentUrl\":\"https:\/\/navarrsotillo.com\/wp-content\/uploads\/2021\/03\/Val-de-Resa-Rose.png\",\"width\":700,\"height\":1021},{\"@type\":\"BreadcrumbList\",\"@id\":\"https:\/\/navarrsotillo.com\/fr\/producto\/val-de-resa-rose\/#breadcrumb\",\"itemListElement\":[{\"@type\":\"ListItem\",\"position\":1,\"name\":\"Portada\",\"item\":\"https:\/\/navarrsotillo.com\/fr\/\"},{\"@type\":\"ListItem\",\"position\":2,\"name\":\"Vinos\",\"item\":\"https:\/\/navarrsotillo.com\/wines\/\"},{\"@type\":\"ListItem\",\"position\":3,\"name\":\"Val de Resa Ros\u00e9\"}]},{\"@type\":\"WebSite\",\"@id\":\"https:\/\/navarrsotillo.com\/#website\",\"url\":\"https:\/\/navarrsotillo.com\/\",\"name\":\"Bodegas Navarrsotillo\",\"description\":\"Vinos ecol\u00f3gicos de Rioja\",\"potentialAction\":[{\"@type\":\"SearchAction\",\"target\":{\"@type\":\"EntryPoint\",\"urlTemplate\":\"https:\/\/navarrsotillo.com\/?s={search_term_string}\"},\"query-input\":{\"@type\":\"PropertyValueSpecification\",\"valueRequired\":true,\"valueName\":\"search_term_string\"}}],\"inLanguage\":\"fr-FR\"}]}<\/script>\n<!-- \/ Yoast SEO plugin. -->","yoast_head_json":{"title":"Val de Resa Ros\u00e9 - Bodegas Navarrsotillo","description":"Le Val de Resa Ros\u00e9 est \u00e9labor\u00e9 selon la m\u00e9thode traditionnelle de saign\u00e9e avec une mac\u00e9ration courte, tr\u00e8s courte, qui donne cette belle","robots":{"index":"index","follow":"follow","max-snippet":"max-snippet:-1","max-image-preview":"max-image-preview:large","max-video-preview":"max-video-preview:-1"},"canonical":"https:\/\/navarrsotillo.com\/fr\/producto\/val-de-resa-rose\/","og_locale":"fr_FR","og_type":"article","og_title":"Val de Resa Ros\u00e9 - Bodegas Navarrsotillo","og_description":"Le Val de Resa Ros\u00e9 est \u00e9labor\u00e9 selon la m\u00e9thode traditionnelle de saign\u00e9e avec une mac\u00e9ration courte, tr\u00e8s courte, qui donne cette belle","og_url":"https:\/\/navarrsotillo.com\/fr\/producto\/val-de-resa-rose\/","og_site_name":"Bodegas Navarrsotillo","article_modified_time":"2021-07-07T10:43:35+00:00","og_image":[{"width":700,"height":1021,"url":"https:\/\/navarrsotillo.com\/wp-content\/uploads\/2021\/03\/Val-de-Resa-Rose.png","type":"image\/png"}],"twitter_card":"summary_large_image","twitter_misc":{"Dur\u00e9e de lecture estim\u00e9e":"1 minute"},"schema":{"@context":"https:\/\/schema.org","@graph":[{"@type":"WebPage","@id":"https:\/\/navarrsotillo.com\/fr\/producto\/val-de-resa-rose\/","url":"https:\/\/navarrsotillo.com\/fr\/producto\/val-de-resa-rose\/","name":"Val de Resa Ros\u00e9 - Bodegas Navarrsotillo","isPartOf":{"@id":"https:\/\/navarrsotillo.com\/#website"},"primaryImageOfPage":{"@id":"https:\/\/navarrsotillo.com\/fr\/producto\/val-de-resa-rose\/#primaryimage"},"image":{"@id":"https:\/\/navarrsotillo.com\/fr\/producto\/val-de-resa-rose\/#primaryimage"},"thumbnailUrl":"https:\/\/navarrsotillo.com\/wp-content\/uploads\/2021\/03\/Val-de-Resa-Rose.png","datePublished":"2021-03-21T16:22:16+00:00","dateModified":"2021-07-07T10:43:35+00:00","description":"Le Val de Resa Ros\u00e9 est \u00e9labor\u00e9 selon la m\u00e9thode traditionnelle de saign\u00e9e avec une mac\u00e9ration courte, tr\u00e8s courte, qui donne cette belle","breadcrumb":{"@id":"https:\/\/navarrsotillo.com\/fr\/producto\/val-de-resa-rose\/#breadcrumb"},"inLanguage":"fr-FR","potentialAction":[{"@type":"ReadAction","target":["https:\/\/navarrsotillo.com\/fr\/producto\/val-de-resa-rose\/"]}]},{"@type":"ImageObject","inLanguage":"fr-FR","@id":"https:\/\/navarrsotillo.com\/fr\/producto\/val-de-resa-rose\/#primaryimage","url":"https:\/\/navarrsotillo.com\/wp-content\/uploads\/2021\/03\/Val-de-Resa-Rose.png","contentUrl":"https:\/\/navarrsotillo.com\/wp-content\/uploads\/2021\/03\/Val-de-Resa-Rose.png","width":700,"height":1021},{"@type":"BreadcrumbList","@id":"https:\/\/navarrsotillo.com\/fr\/producto\/val-de-resa-rose\/#breadcrumb","itemListElement":[{"@type":"ListItem","position":1,"name":"Portada","item":"https:\/\/navarrsotillo.com\/fr\/"},{"@type":"ListItem","position":2,"name":"Vinos","item":"https:\/\/navarrsotillo.com\/wines\/"},{"@type":"ListItem","position":3,"name":"Val de Resa Ros\u00e9"}]},{"@type":"WebSite","@id":"https:\/\/navarrsotillo.com\/#website","url":"https:\/\/navarrsotillo.com\/","name":"Bodegas Navarrsotillo","description":"Vinos ecol\u00f3gicos de Rioja","potentialAction":[{"@type":"SearchAction","target":{"@type":"EntryPoint","urlTemplate":"https:\/\/navarrsotillo.com\/?s={search_term_string}"},"query-input":{"@type":"PropertyValueSpecification","valueRequired":true,"valueName":"search_term_string"}}],"inLanguage":"fr-FR"}]}},"_links":{"self":[{"href":"https:\/\/navarrsotillo.com\/fr\/wp-json\/wp\/v2\/product\/5023","targetHints":{"allow":["GET"]}}],"collection":[{"href":"https:\/\/navarrsotillo.com\/fr\/wp-json\/wp\/v2\/product"}],"about":[{"href":"https:\/\/navarrsotillo.com\/fr\/wp-json\/wp\/v2\/types\/product"}],"replies":[{"embeddable":true,"href":"https:\/\/navarrsotillo.com\/fr\/wp-json\/wp\/v2\/comments?post=5023"}],"wp:featuredmedia":[{"embeddable":true,"href":"https:\/\/navarrsotillo.com\/fr\/wp-json\/wp\/v2\/media\/5024"}],"wp:attachment":[{"href":"https:\/\/navarrsotillo.com\/fr\/wp-json\/wp\/v2\/media?parent=5023"}],"wp:term":[{"taxonomy":"product_cat","embeddable":true,"href":"https:\/\/navarrsotillo.com\/fr\/wp-json\/wp\/v2\/product_cat?post=5023"},{"taxonomy":"product_tag","embeddable":true,"href":"https:\/\/navarrsotillo.com\/fr\/wp-json\/wp\/v2\/product_tag?post=5023"}],"curies":[{"name":"wp","href":"https:\/\/api.w.org\/{rel}","templated":true}]}}